{"id":8017,"date":"2025-05-22T13:35:45","date_gmt":"2025-05-22T11:35:45","guid":{"rendered":"https:\/\/taolis.com\/?page_id=8017"},"modified":"2025-05-22T13:35:45","modified_gmt":"2025-05-22T11:35:45","slug":"terminos-y-condiciones-del-sorteo","status":"publish","type":"page","link":"https:\/\/taolis.com\/nl\/terminos-y-condiciones-del-sorteo\/","title":{"rendered":"Terminos y condiciones del sorteo"},"content":{"rendered":"<p><strong>T\u00e9rminos y Condiciones del Sorteo<\/strong><\/p>\n<ol>\n<li><strong> Empresa organizadora<\/strong><\/li>\n<\/ol>\n<p>El presente sorteo est\u00e1 organizado por <strong>Taolis Sales S.L.<\/strong>, con domicilio en <strong>Avenida del Mundo, NUM 5 238\/8, 30155 Murcia &#8211; (Murcia)<\/strong> y CIF <strong>B44689842<\/strong>.<\/p>\n<ol start=\"2\">\n<li><strong> Finalidad del sorteo<\/strong><\/li>\n<\/ol>\n<p>El sorteo tiene como finalidad promocionar los productos y servicios ofrecidos por Taolis Sales S.L. y fomentar la participaci\u00f3n de personas interesadas a trav\u00e9s de la cumplimentaci\u00f3n voluntaria de un formulario de recogida de datos.<\/p>\n<ol start=\"3\">\n<li><strong> Requisitos de participaci\u00f3n<\/strong><\/li>\n<\/ol>\n<p>Podr\u00e1 participar en el sorteo cualquier persona f\u00edsica mayor de 18 a\u00f1os que complete correctamente el formulario habilitado por Taolis Sales S.L. y acepte expresamente los presentes t\u00e9rminos y condiciones legales. No ser\u00e1 necesario realizar ning\u00fan pago ni compra para participar.<\/p>\n<p>Solo se permite una participaci\u00f3n por persona. En caso de detectar m\u00faltiples inscripciones por parte de una misma persona, se anular\u00e1n todas salvo la primera v\u00e1lida registrada. Asimismo, se excluir\u00e1n participaciones con datos incompletos, err\u00f3neos o fraudulentos.<\/p>\n<ol start=\"5\">\n<li><strong> Premio<\/strong><\/li>\n<\/ol>\n<p>El premio consistir\u00e1 en una <strong>tabla de surf personalizada por Altaona Sports &amp; Wellness Resort<\/strong>.<\/p>\n<p>El premio es personal e intransferible, no podr\u00e1 ser canjeado por su valor en met\u00e1lico ni sustituido por otro producto o servicio. La personalizaci\u00f3n de la tabla estar\u00e1 sujeta a las condiciones establecidas por Altaona Sports &amp; Wellness Resort.<\/p>\n<p>Taolis Sales S.L. se reserva el derecho a sustituir el premio por otro de igual o superior valor si por causas ajenas a su voluntad no pudiera entregarse el premio descrito.<\/p>\n<ol start=\"6\">\n<li><strong> Selecci\u00f3n del ganador<\/strong><\/li>\n<\/ol>\n<p>El ganador ser\u00e1 elegido de forma aleatoria entre todos los participantes que cumplan con los requisitos establecidos en el presente documento. La selecci\u00f3n se realizar\u00e1 utilizando un sistema de sorteo digital imparcial.<\/p>\n<p>Una vez seleccionado, Taolis Sales S.L. se pondr\u00e1 en contacto con el ganador mediante los datos facilitados en el formulario (correo electr\u00f3nico o n\u00famero de tel\u00e9fono). Si en el plazo de siete (7) d\u00edas naturales desde el primer intento de contacto no se obtiene respuesta, o si el ganador rechazase el premio, Taolis Sales S.L. podr\u00e1 designar a un nuevo ganador mediante el mismo procedimiento.<\/p>\n<ol start=\"7\">\n<li><strong> Tratamiento de datos personales<\/strong><\/li>\n<\/ol>\n<p>De conformidad con el Reglamento (UE) 2016\/679 (RGPD) y la Ley Org\u00e1nica 3\/2018 (LOPDGDD), se informa a los participantes de que los datos personales facilitados a trav\u00e9s del formulario ser\u00e1n tratados por <strong>Taolis Sales S.L.<\/strong> en calidad de responsable del tratamiento, con la finalidad de gestionar su participaci\u00f3n en el presente sorteo.<\/p>\n<p>Los datos no ser\u00e1n cedidos a terceros, salvo obligaci\u00f3n legal o salvo que sea estrictamente necesario para la ejecuci\u00f3n del sorteo (por ejemplo, al proveedor del premio).<\/p>\n<p>Los participantes podr\u00e1n ejercer sus derechos de acceso, rectificaci\u00f3n, supresi\u00f3n, oposici\u00f3n, limitaci\u00f3n del tratamiento y portabilidad mediante solicitud escrita dirigida a Taolis Sales S.L., a trav\u00e9s del correo electr\u00f3nico <strong>info@taolis.com<\/strong> indicando en el asunto &#8220;Protecci\u00f3n de datos \u2013 Sorteo&#8221;.<\/p>\n<ol start=\"8\">\n<li><strong> Aceptaci\u00f3n de los t\u00e9rminos y condiciones<\/strong><\/li>\n<\/ol>\n<p>La participaci\u00f3n en este sorteo implica la aceptaci\u00f3n \u00edntegra de los presentes t\u00e9rminos y condiciones legales. Taolis Sales S.L. se reserva el derecho de modificar, suspender o cancelar el sorteo por causas de fuerza mayor o por cualquier otra circunstancia que imposibilite su realizaci\u00f3n, sin que ello genere derecho a indemnizaci\u00f3n alguna para los participantes.<\/p>\n<p>Cualquier modificaci\u00f3n se publicar\u00e1 a trav\u00e9s de los mismos medios utilizados para la difusi\u00f3n inicial del sorteo.<\/p>\n<ol start=\"9\">\n<li><strong> Responsabilidad<\/strong><\/li>\n<\/ol>\n<p>Taolis Sales S.L. queda exenta de cualquier responsabilidad derivada del uso del premio por parte del ganador, as\u00ed como de cualquier incidencia que pueda surgir durante el proceso de entrega o disfrute del mismo.<\/p>\n<p>Taolis Sales S.L. no se hace responsable de errores t\u00e9cnicos, fallos en la red, o problemas inform\u00e1ticos que puedan impedir la correcta participaci\u00f3n o notificaci\u00f3n al ganador.<\/p>\n","protected":false},"excerpt":{"rendered":"<p>T\u00e9rminos y Condiciones del Sorteo Empresa organizadora El presente sorteo est\u00e1 organizado por Taolis Sales S.L., con domicilio en Avenida&#8230;<\/p>\n","protected":false},"author":4,"featured_media":0,"parent":0,"menu_order":0,"comment_status":"closed","ping_status":"closed","template":"","meta":{"_acf_changed":false,"footnotes":""},"class_list":["post-8017","page","type-page","status-publish","hentry"],"acf":[],"yoast_head":"<!-- This site is optimized with the Yoast SEO plugin v27.5 - https:\/\/yoast.com\/product\/yoast-seo-wordpress\/ -->\n<title>Terminos y condiciones del sorteo - The Art Of Living In Spain. Altaona Resort in Murcia<\/title>\n<meta name=\"robots\" content=\"index, follow, max-snippet:-1, max-image-preview:large, max-video-preview:-1\" \/>\n<link rel=\"canonical\" href=\"https:\/\/taolis.com\/nl\/terminos-y-condiciones-del-sorteo\/\" \/>\n<meta property=\"og:locale\" content=\"nl_NL\" \/>\n<meta property=\"og:type\" content=\"article\" \/>\n<meta property=\"og:title\" content=\"Terminos y condiciones del sorteo - The Art Of Living In Spain. Altaona Resort in Murcia\" \/>\n<meta property=\"og:description\" content=\"T\u00e9rminos y Condiciones del Sorteo Empresa organizadora El presente sorteo est\u00e1 organizado por Taolis Sales S.L., con domicilio en Avenida...\" \/>\n<meta property=\"og:url\" content=\"https:\/\/taolis.com\/nl\/terminos-y-condiciones-del-sorteo\/\" \/>\n<meta property=\"og:site_name\" content=\"The Art Of Living In Spain. Altaona Resort in Murcia\" \/>\n<meta name=\"twitter:card\" content=\"summary_large_image\" \/>\n<meta name=\"twitter:label1\" content=\"Geschatte leestijd\" \/>\n\t<meta name=\"twitter:data1\" content=\"3 minuut\" \/>\n<script type=\"application\/ld+json\" class=\"yoast-schema-graph\">{\"@context\":\"https:\\\/\\\/schema.org\",\"@graph\":[{\"@type\":\"WebPage\",\"@id\":\"https:\\\/\\\/taolis.com\\\/nl\\\/terminos-y-condiciones-del-sorteo\\\/\",\"url\":\"https:\\\/\\\/taolis.com\\\/nl\\\/terminos-y-condiciones-del-sorteo\\\/\",\"name\":\"Terminos y condiciones del sorteo - The Art Of Living In Spain. Altaona Resort in Murcia\",\"isPartOf\":{\"@id\":\"https:\\\/\\\/taolis.com\\\/nl\\\/#website\"},\"datePublished\":\"2025-05-22T11:35:45+00:00\",\"breadcrumb\":{\"@id\":\"https:\\\/\\\/taolis.com\\\/nl\\\/terminos-y-condiciones-del-sorteo\\\/#breadcrumb\"},\"inLanguage\":\"nl-NL\",\"potentialAction\":[{\"@type\":\"ReadAction\",\"target\":[\"https:\\\/\\\/taolis.com\\\/nl\\\/terminos-y-condiciones-del-sorteo\\\/\"]}]},{\"@type\":\"BreadcrumbList\",\"@id\":\"https:\\\/\\\/taolis.com\\\/nl\\\/terminos-y-condiciones-del-sorteo\\\/#breadcrumb\",\"itemListElement\":[{\"@type\":\"ListItem\",\"position\":1,\"name\":\"Home\",\"item\":\"https:\\\/\\\/taolis.com\\\/nl\\\/\"},{\"@type\":\"ListItem\",\"position\":2,\"name\":\"Terminos y condiciones del sorteo\"}]},{\"@type\":\"WebSite\",\"@id\":\"https:\\\/\\\/taolis.com\\\/nl\\\/#website\",\"url\":\"https:\\\/\\\/taolis.com\\\/nl\\\/\",\"name\":\"The Art Of Living In Spain. Altaona Resort in Murcia\",\"description\":\" Altaona Sports & Wellness Resort. Nieuwbouw villa\u2019s in Murcia, Spanje.\",\"potentialAction\":[{\"@type\":\"SearchAction\",\"target\":{\"@type\":\"EntryPoint\",\"urlTemplate\":\"https:\\\/\\\/taolis.com\\\/nl\\\/?s={search_term_string}\"},\"query-input\":{\"@type\":\"PropertyValueSpecification\",\"valueRequired\":true,\"valueName\":\"search_term_string\"}}],\"inLanguage\":\"nl-NL\"}]}<\/script>\n<!-- \/ Yoast SEO plugin. -->","yoast_head_json":{"title":"Terminos y condiciones del sorteo - The Art Of Living In Spain. Altaona Resort in Murcia","robots":{"index":"index","follow":"follow","max-snippet":"max-snippet:-1","max-image-preview":"max-image-preview:large","max-video-preview":"max-video-preview:-1"},"canonical":"https:\/\/taolis.com\/nl\/terminos-y-condiciones-del-sorteo\/","og_locale":"nl_NL","og_type":"article","og_title":"Terminos y condiciones del sorteo - The Art Of Living In Spain. Altaona Resort in Murcia","og_description":"T\u00e9rminos y Condiciones del Sorteo Empresa organizadora El presente sorteo est\u00e1 organizado por Taolis Sales S.L., con domicilio en Avenida...","og_url":"https:\/\/taolis.com\/nl\/terminos-y-condiciones-del-sorteo\/","og_site_name":"The Art Of Living In Spain. Altaona Resort in Murcia","twitter_card":"summary_large_image","twitter_misc":{"Geschatte leestijd":"3 minuut"},"schema":{"@context":"https:\/\/schema.org","@graph":[{"@type":"WebPage","@id":"https:\/\/taolis.com\/nl\/terminos-y-condiciones-del-sorteo\/","url":"https:\/\/taolis.com\/nl\/terminos-y-condiciones-del-sorteo\/","name":"Terminos y condiciones del sorteo - The Art Of Living In Spain. Altaona Resort in Murcia","isPartOf":{"@id":"https:\/\/taolis.com\/nl\/#website"},"datePublished":"2025-05-22T11:35:45+00:00","breadcrumb":{"@id":"https:\/\/taolis.com\/nl\/terminos-y-condiciones-del-sorteo\/#breadcrumb"},"inLanguage":"nl-NL","potentialAction":[{"@type":"ReadAction","target":["https:\/\/taolis.com\/nl\/terminos-y-condiciones-del-sorteo\/"]}]},{"@type":"BreadcrumbList","@id":"https:\/\/taolis.com\/nl\/terminos-y-condiciones-del-sorteo\/#breadcrumb","itemListElement":[{"@type":"ListItem","position":1,"name":"Home","item":"https:\/\/taolis.com\/nl\/"},{"@type":"ListItem","position":2,"name":"Terminos y condiciones del sorteo"}]},{"@type":"WebSite","@id":"https:\/\/taolis.com\/nl\/#website","url":"https:\/\/taolis.com\/nl\/","name":"The Art Of Living In Spain. Altaona Resort in Murcia","description":" Altaona Sports & Wellness Resort. Nieuwbouw villa\u2019s in Murcia, Spanje.","potentialAction":[{"@type":"SearchAction","target":{"@type":"EntryPoint","urlTemplate":"https:\/\/taolis.com\/nl\/?s={search_term_string}"},"query-input":{"@type":"PropertyValueSpecification","valueRequired":true,"valueName":"search_term_string"}}],"inLanguage":"nl-NL"}]}},"_links":{"self":[{"href":"https:\/\/taolis.com\/nl\/wp-json\/wp\/v2\/pages\/8017","targetHints":{"allow":["GET"]}}],"collection":[{"href":"https:\/\/taolis.com\/nl\/wp-json\/wp\/v2\/pages"}],"about":[{"href":"https:\/\/taolis.com\/nl\/wp-json\/wp\/v2\/types\/page"}],"author":[{"embeddable":true,"href":"https:\/\/taolis.com\/nl\/wp-json\/wp\/v2\/users\/4"}],"replies":[{"embeddable":true,"href":"https:\/\/taolis.com\/nl\/wp-json\/wp\/v2\/comments?post=8017"}],"version-history":[{"count":0,"href":"https:\/\/taolis.com\/nl\/wp-json\/wp\/v2\/pages\/8017\/revisions"}],"wp:attachment":[{"href":"https:\/\/taolis.com\/nl\/wp-json\/wp\/v2\/media?parent=8017"}],"curies":[{"name":"wp","href":"https:\/\/api.w.org\/{rel}","templated":true}]}}