{"id":20488,"date":"2026-04-15T11:55:22","date_gmt":"2026-04-15T09:55:22","guid":{"rendered":"https:\/\/taolis.com\/?page_id=20488"},"modified":"2026-04-15T11:55:22","modified_gmt":"2026-04-15T09:55:22","slug":"las-vistas-altaona","status":"publish","type":"page","link":"https:\/\/taolis.com\/fr\/las-vistas-altaona\/","title":{"rendered":"Las Vistas Altaona"},"content":{"rendered":"<p>Las Vistas Altaona est une communaut\u00e9 r\u00e9sidentielle de luxe compos\u00e9e de villas priv\u00e9es situ\u00e9es au pied des montagnes, au c\u0153ur de Murcie, en Espagne. Ici, l&rsquo;espace, l&rsquo;intimit\u00e9 et la nature fa\u00e7onnent la vie quotidienne, cr\u00e9ant un environnement calme qui favorise un rythme de vie plus lent et un mode de vie plus \u00e9quilibr\u00e9 et plus sain.<\/p>\n<p>S&rsquo;inscrivant dans la vision plus large d&rsquo;Altaona en mati\u00e8re de style de vie, Las Vistas Altaona allie architecture contemporaine, paysages ouverts et am\u00e9nagement r\u00e9fl\u00e9chi pour favoriser le confort, le bien-\u00eatre et la qualit\u00e9 de vie \u00e0 long terme.<\/p>\n<p>Le projet comprend 85 villas ind\u00e9pendantes avec jardins et piscines priv\u00e9s, chacune situ\u00e9e sur un terrain spacieux et orient\u00e9e de mani\u00e8re \u00e0 maximiser la lumi\u00e8re naturelle. Les maisons sont con\u00e7ues avec une isolation acoustique et thermique maximale, tandis que leur orientation sud et leurs vues d\u00e9gag\u00e9es am\u00e9liorent la ventilation, le confort int\u00e9rieur et la connexion entre les espaces int\u00e9rieurs et ext\u00e9rieurs, encourageant la vie en plein air, l&rsquo;activit\u00e9 physique quotidienne et le temps pass\u00e9 dans la nature.<\/p>\n<a href=\"#lasvistas-table-plots\" class=\"button normal-button\">Las Vistas available plots &amp; prices<\/a>\n","protected":false},"excerpt":{"rendered":"<p>Las Vistas Altaona est une communaut\u00e9 r\u00e9sidentielle de luxe compos\u00e9e de villas priv\u00e9es situ\u00e9es au pied des montagnes, au c\u0153ur &hellip; <a href=\"https:\/\/taolis.com\/fr\/las-vistas-altaona\/\" class=\"more-link\">Continue reading <span class=\"screen-reader-text\">Las Vistas Altaona<\/span><\/a><\/p>\n","protected":false},"author":3,"featured_media":16694,"parent":0,"menu_order":1,"comment_status":"closed","ping_status":"closed","template":"page-development.php","meta":{"_acf_changed":false,"footnotes":""},"class_list":["post-20488","page","type-page","status-publish","has-post-thumbnail","hentry"],"acf":[],"yoast_head":"<!-- This site is optimized with the Yoast SEO plugin v27.4 - https:\/\/yoast.com\/product\/yoast-seo-wordpress\/ -->\n<title>Las Vistas Altaona - The Art Of Living In Spain. Altaona Resort in Murcia<\/title>\n<meta name=\"description\" content=\"Las Vistas Altaona \u00e0 Murcia: maisons modernes avec vues panoramiques, golf et nature. Id\u00e9al pour vivre au soleil ou investir en Espagne.\" \/>\n<meta name=\"robots\" content=\"index, follow, max-snippet:-1, max-image-preview:large, max-video-preview:-1\" \/>\n<link rel=\"canonical\" href=\"https:\/\/taolis.com\/fr\/las-vistas-altaona\/\" \/>\n<meta property=\"og:locale\" content=\"fr_FR\" \/>\n<meta property=\"og:type\" content=\"article\" \/>\n<meta property=\"og:title\" content=\"Las Vistas Altaona - The Art Of Living In Spain. Altaona Resort in Murcia\" \/>\n<meta property=\"og:description\" content=\"Las Vistas Altaona \u00e0 Murcia: maisons modernes avec vues panoramiques, golf et nature. Id\u00e9al pour vivre au soleil ou investir en Espagne.\" \/>\n<meta property=\"og:url\" content=\"https:\/\/taolis.com\/fr\/las-vistas-altaona\/\" \/>\n<meta property=\"og:site_name\" content=\"The Art Of Living In Spain. Altaona Resort in Murcia\" \/>\n<meta property=\"og:image\" content=\"https:\/\/taolis.com\/wp-content\/uploads\/2025\/02\/RszoV4UlIFk6R7X1w4i1aFjTSJ0yxvCy.webp\" \/>\n\t<meta property=\"og:image:width\" content=\"1500\" \/>\n\t<meta property=\"og:image:height\" content=\"844\" \/>\n\t<meta property=\"og:image:type\" content=\"image\/jpeg\" \/>\n<meta name=\"twitter:card\" content=\"summary_large_image\" \/>\n<meta name=\"twitter:label1\" content=\"Dur\u00e9e de lecture estim\u00e9e\" \/>\n\t<meta name=\"twitter:data1\" content=\"1 minute\" \/>\n<script type=\"application\/ld+json\" class=\"yoast-schema-graph\">{\"@context\":\"https:\\\/\\\/schema.org\",\"@graph\":[{\"@type\":\"WebPage\",\"@id\":\"https:\\\/\\\/taolis.com\\\/fr\\\/las-vistas-altaona\\\/\",\"url\":\"https:\\\/\\\/taolis.com\\\/fr\\\/las-vistas-altaona\\\/\",\"name\":\"Las Vistas Altaona - The Art Of Living In Spain. Altaona Resort in Murcia\",\"isPartOf\":{\"@id\":\"https:\\\/\\\/taolis.com\\\/fr\\\/#website\"},\"primaryImageOfPage\":{\"@id\":\"https:\\\/\\\/taolis.com\\\/fr\\\/las-vistas-altaona\\\/#primaryimage\"},\"image\":{\"@id\":\"https:\\\/\\\/taolis.com\\\/fr\\\/las-vistas-altaona\\\/#primaryimage\"},\"thumbnailUrl\":\"https:\\\/\\\/taolis.com\\\/wp-content\\\/uploads\\\/2025\\\/02\\\/RszoV4UlIFk6R7X1w4i1aFjTSJ0yxvCy.webp\",\"datePublished\":\"2026-04-15T09:55:22+00:00\",\"description\":\"Las Vistas Altaona \u00e0 Murcia: maisons modernes avec vues panoramiques, golf et nature. Id\u00e9al pour vivre au soleil ou investir en Espagne.\",\"breadcrumb\":{\"@id\":\"https:\\\/\\\/taolis.com\\\/fr\\\/las-vistas-altaona\\\/#breadcrumb\"},\"inLanguage\":\"fr-FR\",\"potentialAction\":[{\"@type\":\"ReadAction\",\"target\":[\"https:\\\/\\\/taolis.com\\\/fr\\\/las-vistas-altaona\\\/\"]}]},{\"@type\":\"ImageObject\",\"inLanguage\":\"fr-FR\",\"@id\":\"https:\\\/\\\/taolis.com\\\/fr\\\/las-vistas-altaona\\\/#primaryimage\",\"url\":\"https:\\\/\\\/taolis.com\\\/wp-content\\\/uploads\\\/2025\\\/02\\\/RszoV4UlIFk6R7X1w4i1aFjTSJ0yxvCy.webp\",\"contentUrl\":\"https:\\\/\\\/taolis.com\\\/wp-content\\\/uploads\\\/2025\\\/02\\\/RszoV4UlIFk6R7X1w4i1aFjTSJ0yxvCy.webp\",\"width\":1500,\"height\":844,\"caption\":\"Luxury villa in Altaona Murcia with minimalist design, clean lines and spacious outdoor areas\"},{\"@type\":\"BreadcrumbList\",\"@id\":\"https:\\\/\\\/taolis.com\\\/fr\\\/las-vistas-altaona\\\/#breadcrumb\",\"itemListElement\":[{\"@type\":\"ListItem\",\"position\":1,\"name\":\"Home\",\"item\":\"https:\\\/\\\/taolis.com\\\/fr\\\/\"},{\"@type\":\"ListItem\",\"position\":2,\"name\":\"Las Vistas Altaona\"}]},{\"@type\":\"WebSite\",\"@id\":\"https:\\\/\\\/taolis.com\\\/fr\\\/#website\",\"url\":\"https:\\\/\\\/taolis.com\\\/fr\\\/\",\"name\":\"The Art Of Living In Spain. Altaona Resort in Murcia\",\"description\":\"Altaona Sports &amp; Wellness Resort. New build villa properties in Murcia, Spain.\",\"potentialAction\":[{\"@type\":\"SearchAction\",\"target\":{\"@type\":\"EntryPoint\",\"urlTemplate\":\"https:\\\/\\\/taolis.com\\\/fr\\\/?s={search_term_string}\"},\"query-input\":{\"@type\":\"PropertyValueSpecification\",\"valueRequired\":true,\"valueName\":\"search_term_string\"}}],\"inLanguage\":\"fr-FR\"}]}<\/script>\n<!-- \/ Yoast SEO plugin. -->","yoast_head_json":{"title":"Las Vistas Altaona - The Art Of Living In Spain. Altaona Resort in Murcia","description":"Las Vistas Altaona \u00e0 Murcia: maisons modernes avec vues panoramiques, golf et nature. Id\u00e9al pour vivre au soleil ou investir en Espagne.","robots":{"index":"index","follow":"follow","max-snippet":"max-snippet:-1","max-image-preview":"max-image-preview:large","max-video-preview":"max-video-preview:-1"},"canonical":"https:\/\/taolis.com\/fr\/las-vistas-altaona\/","og_locale":"fr_FR","og_type":"article","og_title":"Las Vistas Altaona - The Art Of Living In Spain. Altaona Resort in Murcia","og_description":"Las Vistas Altaona \u00e0 Murcia: maisons modernes avec vues panoramiques, golf et nature. Id\u00e9al pour vivre au soleil ou investir en Espagne.","og_url":"https:\/\/taolis.com\/fr\/las-vistas-altaona\/","og_site_name":"The Art Of Living In Spain. Altaona Resort in Murcia","og_image":[{"width":1500,"height":844,"url":"https:\/\/taolis.com\/wp-content\/uploads\/2025\/02\/RszoV4UlIFk6R7X1w4i1aFjTSJ0yxvCy.webp","type":"image\/jpeg"}],"twitter_card":"summary_large_image","twitter_misc":{"Dur\u00e9e de lecture estim\u00e9e":"1 minute"},"schema":{"@context":"https:\/\/schema.org","@graph":[{"@type":"WebPage","@id":"https:\/\/taolis.com\/fr\/las-vistas-altaona\/","url":"https:\/\/taolis.com\/fr\/las-vistas-altaona\/","name":"Las Vistas Altaona - The Art Of Living In Spain. Altaona Resort in Murcia","isPartOf":{"@id":"https:\/\/taolis.com\/fr\/#website"},"primaryImageOfPage":{"@id":"https:\/\/taolis.com\/fr\/las-vistas-altaona\/#primaryimage"},"image":{"@id":"https:\/\/taolis.com\/fr\/las-vistas-altaona\/#primaryimage"},"thumbnailUrl":"https:\/\/taolis.com\/wp-content\/uploads\/2025\/02\/RszoV4UlIFk6R7X1w4i1aFjTSJ0yxvCy.webp","datePublished":"2026-04-15T09:55:22+00:00","description":"Las Vistas Altaona \u00e0 Murcia: maisons modernes avec vues panoramiques, golf et nature. Id\u00e9al pour vivre au soleil ou investir en Espagne.","breadcrumb":{"@id":"https:\/\/taolis.com\/fr\/las-vistas-altaona\/#breadcrumb"},"inLanguage":"fr-FR","potentialAction":[{"@type":"ReadAction","target":["https:\/\/taolis.com\/fr\/las-vistas-altaona\/"]}]},{"@type":"ImageObject","inLanguage":"fr-FR","@id":"https:\/\/taolis.com\/fr\/las-vistas-altaona\/#primaryimage","url":"https:\/\/taolis.com\/wp-content\/uploads\/2025\/02\/RszoV4UlIFk6R7X1w4i1aFjTSJ0yxvCy.webp","contentUrl":"https:\/\/taolis.com\/wp-content\/uploads\/2025\/02\/RszoV4UlIFk6R7X1w4i1aFjTSJ0yxvCy.webp","width":1500,"height":844,"caption":"Luxury villa in Altaona Murcia with minimalist design, clean lines and spacious outdoor areas"},{"@type":"BreadcrumbList","@id":"https:\/\/taolis.com\/fr\/las-vistas-altaona\/#breadcrumb","itemListElement":[{"@type":"ListItem","position":1,"name":"Home","item":"https:\/\/taolis.com\/fr\/"},{"@type":"ListItem","position":2,"name":"Las Vistas Altaona"}]},{"@type":"WebSite","@id":"https:\/\/taolis.com\/fr\/#website","url":"https:\/\/taolis.com\/fr\/","name":"The Art Of Living In Spain. Altaona Resort in Murcia","description":"Altaona Sports &amp; Wellness Resort. New build villa properties in Murcia, Spain.","potentialAction":[{"@type":"SearchAction","target":{"@type":"EntryPoint","urlTemplate":"https:\/\/taolis.com\/fr\/?s={search_term_string}"},"query-input":{"@type":"PropertyValueSpecification","valueRequired":true,"valueName":"search_term_string"}}],"inLanguage":"fr-FR"}]}},"_links":{"self":[{"href":"https:\/\/taolis.com\/fr\/wp-json\/wp\/v2\/pages\/20488","targetHints":{"allow":["GET"]}}],"collection":[{"href":"https:\/\/taolis.com\/fr\/wp-json\/wp\/v2\/pages"}],"about":[{"href":"https:\/\/taolis.com\/fr\/wp-json\/wp\/v2\/types\/page"}],"author":[{"embeddable":true,"href":"https:\/\/taolis.com\/fr\/wp-json\/wp\/v2\/users\/3"}],"replies":[{"embeddable":true,"href":"https:\/\/taolis.com\/fr\/wp-json\/wp\/v2\/comments?post=20488"}],"version-history":[{"count":1,"href":"https:\/\/taolis.com\/fr\/wp-json\/wp\/v2\/pages\/20488\/revisions"}],"predecessor-version":[{"id":20494,"href":"https:\/\/taolis.com\/fr\/wp-json\/wp\/v2\/pages\/20488\/revisions\/20494"}],"wp:featuredmedia":[{"embeddable":true,"href":"https:\/\/taolis.com\/fr\/wp-json\/wp\/v2\/media\/16694"}],"wp:attachment":[{"href":"https:\/\/taolis.com\/fr\/wp-json\/wp\/v2\/media?parent=20488"}],"curies":[{"name":"wp","href":"https:\/\/api.w.org\/{rel}","templated":true}]}}