{"id":19466,"date":"2025-03-07T10:05:03","date_gmt":"2025-03-07T09:05:03","guid":{"rendered":"https:\/\/taolis.com\/?page_id=19466"},"modified":"2026-03-17T15:51:36","modified_gmt":"2026-03-17T14:51:36","slug":"investors","status":"publish","type":"page","link":"https:\/\/taolis.com\/fr\/investors\/","title":{"rendered":"Investisseurs"},"content":{"rendered":"","protected":false},"excerpt":{"rendered":"","protected":false},"author":1,"featured_media":18751,"parent":0,"menu_order":0,"comment_status":"closed","ping_status":"closed","template":"","meta":{"_acf_changed":false,"footnotes":""},"class_list":["post-19466","page","type-page","status-publish","has-post-thumbnail","hentry"],"acf":[],"yoast_head":"<!-- This site is optimized with the Yoast SEO plugin v27.4 - https:\/\/yoast.com\/product\/yoast-seo-wordpress\/ -->\n<title>Investisseurs - The Art Of Living In Spain. Altaona Resort in Murcia<\/title>\n<meta name=\"description\" content=\"Investisseurs avec Taolis : explorez des projets immobiliers \u00e0 fort potentiel \u00e0 Murcie, des resorts aux villas, con\u00e7us pour la rentabilit\u00e9.\" \/>\n<meta name=\"robots\" content=\"noindex, nofollow\" \/>\n<meta property=\"og:locale\" content=\"fr_FR\" \/>\n<meta property=\"og:type\" content=\"article\" \/>\n<meta property=\"og:title\" content=\"Investisseurs - The Art Of Living In Spain. Altaona Resort in Murcia\" \/>\n<meta property=\"og:description\" content=\"Investisseurs avec Taolis : explorez des projets immobiliers \u00e0 fort potentiel \u00e0 Murcie, des resorts aux villas, con\u00e7us pour la rentabilit\u00e9.\" \/>\n<meta property=\"og:url\" content=\"https:\/\/taolis.com\/fr\/investors\/\" \/>\n<meta property=\"og:site_name\" content=\"The Art Of Living In Spain. Altaona Resort in Murcia\" \/>\n<meta property=\"article:modified_time\" content=\"2026-03-17T14:51:36+00:00\" \/>\n<meta property=\"og:image\" content=\"https:\/\/taolis.com\/wp-content\/uploads\/2026\/02\/key-ready_las-vistas_-new-villa_spain_murcia_new-building_1-scaled.webp\" \/>\n\t<meta property=\"og:image:width\" content=\"2560\" \/>\n\t<meta property=\"og:image:height\" content=\"1826\" \/>\n\t<meta property=\"og:image:type\" content=\"image\/png\" \/>\n<meta name=\"twitter:card\" content=\"summary_large_image\" \/>\n<meta name=\"twitter:label1\" content=\"Dur\u00e9e de lecture estim\u00e9e\" \/>\n\t<meta name=\"twitter:data1\" content=\"1 minute\" \/>\n<script type=\"application\/ld+json\" class=\"yoast-schema-graph\">{\"@context\":\"https:\\\/\\\/schema.org\",\"@graph\":[{\"@type\":\"WebPage\",\"@id\":\"https:\\\/\\\/taolis.com\\\/fr\\\/investors\\\/\",\"url\":\"https:\\\/\\\/taolis.com\\\/fr\\\/investors\\\/\",\"name\":\"Investisseurs - The Art Of Living In Spain. Altaona Resort in Murcia\",\"isPartOf\":{\"@id\":\"https:\\\/\\\/taolis.com\\\/fr\\\/#website\"},\"primaryImageOfPage\":{\"@id\":\"https:\\\/\\\/taolis.com\\\/fr\\\/investors\\\/#primaryimage\"},\"image\":{\"@id\":\"https:\\\/\\\/taolis.com\\\/fr\\\/investors\\\/#primaryimage\"},\"thumbnailUrl\":\"https:\\\/\\\/taolis.com\\\/wp-content\\\/uploads\\\/2026\\\/02\\\/key-ready_las-vistas_-new-villa_spain_murcia_new-building_1-scaled.webp\",\"datePublished\":\"2025-03-07T09:05:03+00:00\",\"dateModified\":\"2026-03-17T14:51:36+00:00\",\"description\":\"Investisseurs avec Taolis : explorez des projets immobiliers \u00e0 fort potentiel \u00e0 Murcie, des resorts aux villas, con\u00e7us pour la rentabilit\u00e9.\",\"breadcrumb\":{\"@id\":\"https:\\\/\\\/taolis.com\\\/fr\\\/investors\\\/#breadcrumb\"},\"inLanguage\":\"fr-FR\",\"potentialAction\":[{\"@type\":\"ReadAction\",\"target\":[\"https:\\\/\\\/taolis.com\\\/fr\\\/investors\\\/\"]}]},{\"@type\":\"ImageObject\",\"inLanguage\":\"fr-FR\",\"@id\":\"https:\\\/\\\/taolis.com\\\/fr\\\/investors\\\/#primaryimage\",\"url\":\"https:\\\/\\\/taolis.com\\\/wp-content\\\/uploads\\\/2026\\\/02\\\/key-ready_las-vistas_-new-villa_spain_murcia_new-building_1-scaled.webp\",\"contentUrl\":\"https:\\\/\\\/taolis.com\\\/wp-content\\\/uploads\\\/2026\\\/02\\\/key-ready_las-vistas_-new-villa_spain_murcia_new-building_1-scaled.webp\",\"width\":2560,\"height\":1826},{\"@type\":\"BreadcrumbList\",\"@id\":\"https:\\\/\\\/taolis.com\\\/fr\\\/investors\\\/#breadcrumb\",\"itemListElement\":[{\"@type\":\"ListItem\",\"position\":1,\"name\":\"Home\",\"item\":\"https:\\\/\\\/taolis.com\\\/fr\\\/\"},{\"@type\":\"ListItem\",\"position\":2,\"name\":\"Investisseurs\"}]},{\"@type\":\"WebSite\",\"@id\":\"https:\\\/\\\/taolis.com\\\/fr\\\/#website\",\"url\":\"https:\\\/\\\/taolis.com\\\/fr\\\/\",\"name\":\"The Art Of Living In Spain. Altaona Resort in Murcia\",\"description\":\"Altaona Sports &amp; Wellness Resort. New build villa properties in Murcia, Spain.\",\"potentialAction\":[{\"@type\":\"SearchAction\",\"target\":{\"@type\":\"EntryPoint\",\"urlTemplate\":\"https:\\\/\\\/taolis.com\\\/fr\\\/?s={search_term_string}\"},\"query-input\":{\"@type\":\"PropertyValueSpecification\",\"valueRequired\":true,\"valueName\":\"search_term_string\"}}],\"inLanguage\":\"fr-FR\"}]}<\/script>\n<!-- \/ Yoast SEO plugin. -->","yoast_head_json":{"title":"Investisseurs - The Art Of Living In Spain. Altaona Resort in Murcia","description":"Investisseurs avec Taolis : explorez des projets immobiliers \u00e0 fort potentiel \u00e0 Murcie, des resorts aux villas, con\u00e7us pour la rentabilit\u00e9.","robots":{"index":"noindex","follow":"nofollow"},"og_locale":"fr_FR","og_type":"article","og_title":"Investisseurs - The Art Of Living In Spain. Altaona Resort in Murcia","og_description":"Investisseurs avec Taolis : explorez des projets immobiliers \u00e0 fort potentiel \u00e0 Murcie, des resorts aux villas, con\u00e7us pour la rentabilit\u00e9.","og_url":"https:\/\/taolis.com\/fr\/investors\/","og_site_name":"The Art Of Living In Spain. Altaona Resort in Murcia","article_modified_time":"2026-03-17T14:51:36+00:00","og_image":[{"width":2560,"height":1826,"url":"https:\/\/taolis.com\/wp-content\/uploads\/2026\/02\/key-ready_las-vistas_-new-villa_spain_murcia_new-building_1-scaled.webp","type":"image\/png"}],"twitter_card":"summary_large_image","twitter_misc":{"Dur\u00e9e de lecture estim\u00e9e":"1 minute"},"schema":{"@context":"https:\/\/schema.org","@graph":[{"@type":"WebPage","@id":"https:\/\/taolis.com\/fr\/investors\/","url":"https:\/\/taolis.com\/fr\/investors\/","name":"Investisseurs - The Art Of Living In Spain. Altaona Resort in Murcia","isPartOf":{"@id":"https:\/\/taolis.com\/fr\/#website"},"primaryImageOfPage":{"@id":"https:\/\/taolis.com\/fr\/investors\/#primaryimage"},"image":{"@id":"https:\/\/taolis.com\/fr\/investors\/#primaryimage"},"thumbnailUrl":"https:\/\/taolis.com\/wp-content\/uploads\/2026\/02\/key-ready_las-vistas_-new-villa_spain_murcia_new-building_1-scaled.webp","datePublished":"2025-03-07T09:05:03+00:00","dateModified":"2026-03-17T14:51:36+00:00","description":"Investisseurs avec Taolis : explorez des projets immobiliers \u00e0 fort potentiel \u00e0 Murcie, des resorts aux villas, con\u00e7us pour la rentabilit\u00e9.","breadcrumb":{"@id":"https:\/\/taolis.com\/fr\/investors\/#breadcrumb"},"inLanguage":"fr-FR","potentialAction":[{"@type":"ReadAction","target":["https:\/\/taolis.com\/fr\/investors\/"]}]},{"@type":"ImageObject","inLanguage":"fr-FR","@id":"https:\/\/taolis.com\/fr\/investors\/#primaryimage","url":"https:\/\/taolis.com\/wp-content\/uploads\/2026\/02\/key-ready_las-vistas_-new-villa_spain_murcia_new-building_1-scaled.webp","contentUrl":"https:\/\/taolis.com\/wp-content\/uploads\/2026\/02\/key-ready_las-vistas_-new-villa_spain_murcia_new-building_1-scaled.webp","width":2560,"height":1826},{"@type":"BreadcrumbList","@id":"https:\/\/taolis.com\/fr\/investors\/#breadcrumb","itemListElement":[{"@type":"ListItem","position":1,"name":"Home","item":"https:\/\/taolis.com\/fr\/"},{"@type":"ListItem","position":2,"name":"Investisseurs"}]},{"@type":"WebSite","@id":"https:\/\/taolis.com\/fr\/#website","url":"https:\/\/taolis.com\/fr\/","name":"The Art Of Living In Spain. Altaona Resort in Murcia","description":"Altaona Sports &amp; Wellness Resort. New build villa properties in Murcia, Spain.","potentialAction":[{"@type":"SearchAction","target":{"@type":"EntryPoint","urlTemplate":"https:\/\/taolis.com\/fr\/?s={search_term_string}"},"query-input":{"@type":"PropertyValueSpecification","valueRequired":true,"valueName":"search_term_string"}}],"inLanguage":"fr-FR"}]}},"_links":{"self":[{"href":"https:\/\/taolis.com\/fr\/wp-json\/wp\/v2\/pages\/19466","targetHints":{"allow":["GET"]}}],"collection":[{"href":"https:\/\/taolis.com\/fr\/wp-json\/wp\/v2\/pages"}],"about":[{"href":"https:\/\/taolis.com\/fr\/wp-json\/wp\/v2\/types\/page"}],"author":[{"embeddable":true,"href":"https:\/\/taolis.com\/fr\/wp-json\/wp\/v2\/users\/1"}],"replies":[{"embeddable":true,"href":"https:\/\/taolis.com\/fr\/wp-json\/wp\/v2\/comments?post=19466"}],"version-history":[{"count":5,"href":"https:\/\/taolis.com\/fr\/wp-json\/wp\/v2\/pages\/19466\/revisions"}],"predecessor-version":[{"id":19681,"href":"https:\/\/taolis.com\/fr\/wp-json\/wp\/v2\/pages\/19466\/revisions\/19681"}],"wp:featuredmedia":[{"embeddable":true,"href":"https:\/\/taolis.com\/fr\/wp-json\/wp\/v2\/media\/18751"}],"wp:attachment":[{"href":"https:\/\/taolis.com\/fr\/wp-json\/wp\/v2\/media?parent=19466"}],"curies":[{"name":"wp","href":"https:\/\/api.w.org\/{rel}","templated":true}]}}