{"id":19069,"date":"2025-10-02T10:02:56","date_gmt":"2025-10-02T08:02:56","guid":{"rendered":"https:\/\/taolis.com\/villas-for-sale-altaona-golf-murcia\/"},"modified":"2026-03-03T09:55:55","modified_gmt":"2026-03-03T08:55:55","slug":"villas-vendre-altaona-golf-murcia","status":"publish","type":"page","link":"https:\/\/taolis.com\/fr\/villas-vendre-altaona-golf-murcia\/","title":{"rendered":"Villas for Sale in Altaona Golf, Murcia"},"content":{"rendered":"<p><span style=\"font-weight: 400;\">Imaginez-vous vous r\u00e9veiller chaque matin avec une vue imprenable sur un terrain de golf, entour\u00e9 par la nature et baign\u00e9 par la lumi\u00e8re chaude du soleil de Murcie qui p\u00e9n\u00e8tre par vos fen\u00eatres. Vivre \u00e0 Altaona Golf, ce n&rsquo;est pas seulement poss\u00e9der une maison, c&rsquo;est aussi gagner en tranquillit\u00e9 d&rsquo;esprit, en espace et avoir la chance de profiter de chaque jour dans un endroit con\u00e7u pour vous.<\/span><\/p>\n<p><span style=\"font-weight: 400;\">D\u00e9couvrez l&rsquo;esprit du jeu \u00e0 Altaona Golf.<\/span><\/p>\n","protected":false},"excerpt":{"rendered":"<p>Imaginez-vous vous r\u00e9veiller chaque matin avec une vue imprenable sur un terrain de golf, entour\u00e9 par la nature et baign\u00e9 &hellip; <a href=\"https:\/\/taolis.com\/fr\/villas-vendre-altaona-golf-murcia\/\" class=\"more-link\">Continue reading <span class=\"screen-reader-text\">Villas for Sale in Altaona Golf, Murcia<\/span><\/a><\/p>\n","protected":false},"author":8,"featured_media":0,"parent":0,"menu_order":0,"comment_status":"closed","ping_status":"closed","template":"","meta":{"_acf_changed":false,"footnotes":""},"class_list":["post-19069","page","type-page","status-publish","hentry"],"acf":[],"yoast_head":"<!-- This site is optimized with the Yoast SEO plugin v27.4 - https:\/\/yoast.com\/product\/yoast-seo-wordpress\/ -->\n<title>Villas \u00e0 vendre \u00e0 Altaona Golf Murcia<\/title>\n<meta name=\"description\" content=\"Villas exclusives \u00e0 Altaona Golf Murcia avec vue d\u00e9gag\u00e9e, piscine priv\u00e9e et environnement s\u00e9curis\u00e9 proche de la ville.\" \/>\n<meta name=\"robots\" content=\"index, follow, max-snippet:-1, max-image-preview:large, max-video-preview:-1\" \/>\n<link rel=\"canonical\" href=\"https:\/\/taolis.com\/fr\/villas-vendre-altaona-golf-murcia\/\" \/>\n<meta property=\"og:locale\" content=\"fr_FR\" \/>\n<meta property=\"og:type\" content=\"article\" \/>\n<meta property=\"og:title\" content=\"Villas \u00e0 vendre \u00e0 Altaona Golf Murcia\" \/>\n<meta property=\"og:description\" content=\"Villas exclusives \u00e0 Altaona Golf Murcia avec vue d\u00e9gag\u00e9e, piscine priv\u00e9e et environnement s\u00e9curis\u00e9 proche de la ville.\" \/>\n<meta property=\"og:url\" content=\"https:\/\/taolis.com\/fr\/villas-vendre-altaona-golf-murcia\/\" \/>\n<meta property=\"og:site_name\" content=\"The Art Of Living In Spain. Altaona Resort in Murcia\" \/>\n<meta property=\"article:modified_time\" content=\"2026-03-03T08:55:55+00:00\" \/>\n<meta name=\"twitter:card\" content=\"summary_large_image\" \/>\n<meta name=\"twitter:label1\" content=\"Dur\u00e9e de lecture estim\u00e9e\" \/>\n\t<meta name=\"twitter:data1\" content=\"1 minute\" \/>\n<script type=\"application\/ld+json\" class=\"yoast-schema-graph\">{\"@context\":\"https:\\\/\\\/schema.org\",\"@graph\":[{\"@type\":\"WebPage\",\"@id\":\"https:\\\/\\\/taolis.com\\\/fr\\\/villas-vendre-altaona-golf-murcia\\\/\",\"url\":\"https:\\\/\\\/taolis.com\\\/fr\\\/villas-vendre-altaona-golf-murcia\\\/\",\"name\":\"Villas \u00e0 vendre \u00e0 Altaona Golf Murcia\",\"isPartOf\":{\"@id\":\"https:\\\/\\\/taolis.com\\\/fr\\\/#website\"},\"datePublished\":\"2025-10-02T08:02:56+00:00\",\"dateModified\":\"2026-03-03T08:55:55+00:00\",\"description\":\"Villas exclusives \u00e0 Altaona Golf Murcia avec vue d\u00e9gag\u00e9e, piscine priv\u00e9e et environnement s\u00e9curis\u00e9 proche de la ville.\",\"breadcrumb\":{\"@id\":\"https:\\\/\\\/taolis.com\\\/fr\\\/villas-vendre-altaona-golf-murcia\\\/#breadcrumb\"},\"inLanguage\":\"fr-FR\",\"potentialAction\":[{\"@type\":\"ReadAction\",\"target\":[\"https:\\\/\\\/taolis.com\\\/fr\\\/villas-vendre-altaona-golf-murcia\\\/\"]}]},{\"@type\":\"BreadcrumbList\",\"@id\":\"https:\\\/\\\/taolis.com\\\/fr\\\/villas-vendre-altaona-golf-murcia\\\/#breadcrumb\",\"itemListElement\":[{\"@type\":\"ListItem\",\"position\":1,\"name\":\"Home\",\"item\":\"https:\\\/\\\/taolis.com\\\/fr\\\/\"},{\"@type\":\"ListItem\",\"position\":2,\"name\":\"Villas for Sale in Altaona Golf, Murcia\"}]},{\"@type\":\"WebSite\",\"@id\":\"https:\\\/\\\/taolis.com\\\/fr\\\/#website\",\"url\":\"https:\\\/\\\/taolis.com\\\/fr\\\/\",\"name\":\"The Art Of Living In Spain. Altaona Resort in Murcia\",\"description\":\"Altaona Sports &amp; Wellness Resort. New build villa properties in Murcia, Spain.\",\"potentialAction\":[{\"@type\":\"SearchAction\",\"target\":{\"@type\":\"EntryPoint\",\"urlTemplate\":\"https:\\\/\\\/taolis.com\\\/fr\\\/?s={search_term_string}\"},\"query-input\":{\"@type\":\"PropertyValueSpecification\",\"valueRequired\":true,\"valueName\":\"search_term_string\"}}],\"inLanguage\":\"fr-FR\"}]}<\/script>\n<!-- \/ Yoast SEO plugin. -->","yoast_head_json":{"title":"Villas \u00e0 vendre \u00e0 Altaona Golf Murcia","description":"Villas exclusives \u00e0 Altaona Golf Murcia avec vue d\u00e9gag\u00e9e, piscine priv\u00e9e et environnement s\u00e9curis\u00e9 proche de la ville.","robots":{"index":"index","follow":"follow","max-snippet":"max-snippet:-1","max-image-preview":"max-image-preview:large","max-video-preview":"max-video-preview:-1"},"canonical":"https:\/\/taolis.com\/fr\/villas-vendre-altaona-golf-murcia\/","og_locale":"fr_FR","og_type":"article","og_title":"Villas \u00e0 vendre \u00e0 Altaona Golf Murcia","og_description":"Villas exclusives \u00e0 Altaona Golf Murcia avec vue d\u00e9gag\u00e9e, piscine priv\u00e9e et environnement s\u00e9curis\u00e9 proche de la ville.","og_url":"https:\/\/taolis.com\/fr\/villas-vendre-altaona-golf-murcia\/","og_site_name":"The Art Of Living In Spain. Altaona Resort in Murcia","article_modified_time":"2026-03-03T08:55:55+00:00","twitter_card":"summary_large_image","twitter_misc":{"Dur\u00e9e de lecture estim\u00e9e":"1 minute"},"schema":{"@context":"https:\/\/schema.org","@graph":[{"@type":"WebPage","@id":"https:\/\/taolis.com\/fr\/villas-vendre-altaona-golf-murcia\/","url":"https:\/\/taolis.com\/fr\/villas-vendre-altaona-golf-murcia\/","name":"Villas \u00e0 vendre \u00e0 Altaona Golf Murcia","isPartOf":{"@id":"https:\/\/taolis.com\/fr\/#website"},"datePublished":"2025-10-02T08:02:56+00:00","dateModified":"2026-03-03T08:55:55+00:00","description":"Villas exclusives \u00e0 Altaona Golf Murcia avec vue d\u00e9gag\u00e9e, piscine priv\u00e9e et environnement s\u00e9curis\u00e9 proche de la ville.","breadcrumb":{"@id":"https:\/\/taolis.com\/fr\/villas-vendre-altaona-golf-murcia\/#breadcrumb"},"inLanguage":"fr-FR","potentialAction":[{"@type":"ReadAction","target":["https:\/\/taolis.com\/fr\/villas-vendre-altaona-golf-murcia\/"]}]},{"@type":"BreadcrumbList","@id":"https:\/\/taolis.com\/fr\/villas-vendre-altaona-golf-murcia\/#breadcrumb","itemListElement":[{"@type":"ListItem","position":1,"name":"Home","item":"https:\/\/taolis.com\/fr\/"},{"@type":"ListItem","position":2,"name":"Villas for Sale in Altaona Golf, Murcia"}]},{"@type":"WebSite","@id":"https:\/\/taolis.com\/fr\/#website","url":"https:\/\/taolis.com\/fr\/","name":"The Art Of Living In Spain. Altaona Resort in Murcia","description":"Altaona Sports &amp; Wellness Resort. New build villa properties in Murcia, Spain.","potentialAction":[{"@type":"SearchAction","target":{"@type":"EntryPoint","urlTemplate":"https:\/\/taolis.com\/fr\/?s={search_term_string}"},"query-input":{"@type":"PropertyValueSpecification","valueRequired":true,"valueName":"search_term_string"}}],"inLanguage":"fr-FR"}]}},"_links":{"self":[{"href":"https:\/\/taolis.com\/fr\/wp-json\/wp\/v2\/pages\/19069","targetHints":{"allow":["GET"]}}],"collection":[{"href":"https:\/\/taolis.com\/fr\/wp-json\/wp\/v2\/pages"}],"about":[{"href":"https:\/\/taolis.com\/fr\/wp-json\/wp\/v2\/types\/page"}],"author":[{"embeddable":true,"href":"https:\/\/taolis.com\/fr\/wp-json\/wp\/v2\/users\/8"}],"replies":[{"embeddable":true,"href":"https:\/\/taolis.com\/fr\/wp-json\/wp\/v2\/comments?post=19069"}],"version-history":[{"count":4,"href":"https:\/\/taolis.com\/fr\/wp-json\/wp\/v2\/pages\/19069\/revisions"}],"predecessor-version":[{"id":19082,"href":"https:\/\/taolis.com\/fr\/wp-json\/wp\/v2\/pages\/19069\/revisions\/19082"}],"wp:attachment":[{"href":"https:\/\/taolis.com\/fr\/wp-json\/wp\/v2\/media?parent=19069"}],"curies":[{"name":"wp","href":"https:\/\/api.w.org\/{rel}","templated":true}]}}