{"id":19059,"date":"2025-08-26T11:46:12","date_gmt":"2025-08-26T09:46:12","guid":{"rendered":"https:\/\/taolis.com\/houses-in-murcia\/"},"modified":"2026-03-03T09:12:46","modified_gmt":"2026-03-03T08:12:46","slug":"maisons-murcia","status":"publish","type":"page","link":"https:\/\/taolis.com\/fr\/maisons-murcia\/","title":{"rendered":"Houses in murcia"},"content":{"rendered":"","protected":false},"excerpt":{"rendered":"","protected":false},"author":8,"featured_media":0,"parent":0,"menu_order":0,"comment_status":"closed","ping_status":"closed","template":"","meta":{"_acf_changed":false,"footnotes":""},"class_list":["post-19059","page","type-page","status-publish","hentry"],"acf":[],"yoast_head":"<!-- This site is optimized with the Yoast SEO plugin v27.4 - https:\/\/yoast.com\/product\/yoast-seo-wordpress\/ -->\n<title>Maisons \u00e0 vendre \u00e0 Murcia en Espagne<\/title>\n<meta name=\"description\" content=\"Maisons modernes \u00e0 vendre \u00e0 Murcia avec jardin et piscine. Profitez du soleil, du calme et d\u2019un cadre id\u00e9al pour vivre ou investir.\" \/>\n<meta name=\"robots\" content=\"index, follow, max-snippet:-1, max-image-preview:large, max-video-preview:-1\" \/>\n<link rel=\"canonical\" href=\"https:\/\/taolis.com\/fr\/maisons-murcia\/\" \/>\n<meta property=\"og:locale\" content=\"fr_FR\" \/>\n<meta property=\"og:type\" content=\"article\" \/>\n<meta property=\"og:title\" content=\"Maisons \u00e0 vendre \u00e0 Murcia en Espagne\" \/>\n<meta property=\"og:description\" content=\"Maisons modernes \u00e0 vendre \u00e0 Murcia avec jardin et piscine. Profitez du soleil, du calme et d\u2019un cadre id\u00e9al pour vivre ou investir.\" \/>\n<meta property=\"og:url\" content=\"https:\/\/taolis.com\/fr\/maisons-murcia\/\" \/>\n<meta property=\"og:site_name\" content=\"The Art Of Living In Spain. Altaona Resort in Murcia\" \/>\n<meta property=\"article:modified_time\" content=\"2026-03-03T08:12:46+00:00\" \/>\n<meta name=\"twitter:card\" content=\"summary_large_image\" \/>\n<script type=\"application\/ld+json\" class=\"yoast-schema-graph\">{\"@context\":\"https:\\\/\\\/schema.org\",\"@graph\":[{\"@type\":\"WebPage\",\"@id\":\"https:\\\/\\\/taolis.com\\\/fr\\\/maisons-murcia\\\/\",\"url\":\"https:\\\/\\\/taolis.com\\\/fr\\\/maisons-murcia\\\/\",\"name\":\"Maisons \u00e0 vendre \u00e0 Murcia en Espagne\",\"isPartOf\":{\"@id\":\"https:\\\/\\\/taolis.com\\\/fr\\\/#website\"},\"datePublished\":\"2025-08-26T09:46:12+00:00\",\"dateModified\":\"2026-03-03T08:12:46+00:00\",\"description\":\"Maisons modernes \u00e0 vendre \u00e0 Murcia avec jardin et piscine. Profitez du soleil, du calme et d\u2019un cadre id\u00e9al pour vivre ou investir.\",\"breadcrumb\":{\"@id\":\"https:\\\/\\\/taolis.com\\\/fr\\\/maisons-murcia\\\/#breadcrumb\"},\"inLanguage\":\"fr-FR\",\"potentialAction\":[{\"@type\":\"ReadAction\",\"target\":[\"https:\\\/\\\/taolis.com\\\/fr\\\/maisons-murcia\\\/\"]}]},{\"@type\":\"BreadcrumbList\",\"@id\":\"https:\\\/\\\/taolis.com\\\/fr\\\/maisons-murcia\\\/#breadcrumb\",\"itemListElement\":[{\"@type\":\"ListItem\",\"position\":1,\"name\":\"Home\",\"item\":\"https:\\\/\\\/taolis.com\\\/fr\\\/\"},{\"@type\":\"ListItem\",\"position\":2,\"name\":\"Houses in murcia\"}]},{\"@type\":\"WebSite\",\"@id\":\"https:\\\/\\\/taolis.com\\\/fr\\\/#website\",\"url\":\"https:\\\/\\\/taolis.com\\\/fr\\\/\",\"name\":\"The Art Of Living In Spain. Altaona Resort in Murcia\",\"description\":\"Altaona Sports &amp; Wellness Resort. New build villa properties in Murcia, Spain.\",\"potentialAction\":[{\"@type\":\"SearchAction\",\"target\":{\"@type\":\"EntryPoint\",\"urlTemplate\":\"https:\\\/\\\/taolis.com\\\/fr\\\/?s={search_term_string}\"},\"query-input\":{\"@type\":\"PropertyValueSpecification\",\"valueRequired\":true,\"valueName\":\"search_term_string\"}}],\"inLanguage\":\"fr-FR\"}]}<\/script>\n<!-- \/ Yoast SEO plugin. -->","yoast_head_json":{"title":"Maisons \u00e0 vendre \u00e0 Murcia en Espagne","description":"Maisons modernes \u00e0 vendre \u00e0 Murcia avec jardin et piscine. Profitez du soleil, du calme et d\u2019un cadre id\u00e9al pour vivre ou investir.","robots":{"index":"index","follow":"follow","max-snippet":"max-snippet:-1","max-image-preview":"max-image-preview:large","max-video-preview":"max-video-preview:-1"},"canonical":"https:\/\/taolis.com\/fr\/maisons-murcia\/","og_locale":"fr_FR","og_type":"article","og_title":"Maisons \u00e0 vendre \u00e0 Murcia en Espagne","og_description":"Maisons modernes \u00e0 vendre \u00e0 Murcia avec jardin et piscine. Profitez du soleil, du calme et d\u2019un cadre id\u00e9al pour vivre ou investir.","og_url":"https:\/\/taolis.com\/fr\/maisons-murcia\/","og_site_name":"The Art Of Living In Spain. Altaona Resort in Murcia","article_modified_time":"2026-03-03T08:12:46+00:00","twitter_card":"summary_large_image","schema":{"@context":"https:\/\/schema.org","@graph":[{"@type":"WebPage","@id":"https:\/\/taolis.com\/fr\/maisons-murcia\/","url":"https:\/\/taolis.com\/fr\/maisons-murcia\/","name":"Maisons \u00e0 vendre \u00e0 Murcia en Espagne","isPartOf":{"@id":"https:\/\/taolis.com\/fr\/#website"},"datePublished":"2025-08-26T09:46:12+00:00","dateModified":"2026-03-03T08:12:46+00:00","description":"Maisons modernes \u00e0 vendre \u00e0 Murcia avec jardin et piscine. Profitez du soleil, du calme et d\u2019un cadre id\u00e9al pour vivre ou investir.","breadcrumb":{"@id":"https:\/\/taolis.com\/fr\/maisons-murcia\/#breadcrumb"},"inLanguage":"fr-FR","potentialAction":[{"@type":"ReadAction","target":["https:\/\/taolis.com\/fr\/maisons-murcia\/"]}]},{"@type":"BreadcrumbList","@id":"https:\/\/taolis.com\/fr\/maisons-murcia\/#breadcrumb","itemListElement":[{"@type":"ListItem","position":1,"name":"Home","item":"https:\/\/taolis.com\/fr\/"},{"@type":"ListItem","position":2,"name":"Houses in murcia"}]},{"@type":"WebSite","@id":"https:\/\/taolis.com\/fr\/#website","url":"https:\/\/taolis.com\/fr\/","name":"The Art Of Living In Spain. Altaona Resort in Murcia","description":"Altaona Sports &amp; Wellness Resort. New build villa properties in Murcia, Spain.","potentialAction":[{"@type":"SearchAction","target":{"@type":"EntryPoint","urlTemplate":"https:\/\/taolis.com\/fr\/?s={search_term_string}"},"query-input":{"@type":"PropertyValueSpecification","valueRequired":true,"valueName":"search_term_string"}}],"inLanguage":"fr-FR"}]}},"_links":{"self":[{"href":"https:\/\/taolis.com\/fr\/wp-json\/wp\/v2\/pages\/19059","targetHints":{"allow":["GET"]}}],"collection":[{"href":"https:\/\/taolis.com\/fr\/wp-json\/wp\/v2\/pages"}],"about":[{"href":"https:\/\/taolis.com\/fr\/wp-json\/wp\/v2\/types\/page"}],"author":[{"embeddable":true,"href":"https:\/\/taolis.com\/fr\/wp-json\/wp\/v2\/users\/8"}],"replies":[{"embeddable":true,"href":"https:\/\/taolis.com\/fr\/wp-json\/wp\/v2\/comments?post=19059"}],"version-history":[{"count":2,"href":"https:\/\/taolis.com\/fr\/wp-json\/wp\/v2\/pages\/19059\/revisions"}],"predecessor-version":[{"id":19065,"href":"https:\/\/taolis.com\/fr\/wp-json\/wp\/v2\/pages\/19059\/revisions\/19065"}],"wp:attachment":[{"href":"https:\/\/taolis.com\/fr\/wp-json\/wp\/v2\/media?parent=19059"}],"curies":[{"name":"wp","href":"https:\/\/api.w.org\/{rel}","templated":true}]}}