{"id":16892,"date":"2025-02-01T13:55:01","date_gmt":"2025-02-01T12:55:01","guid":{"rendered":"https:\/\/taolis.com\/villas-fairway-in-murcia-spain\/"},"modified":"2026-03-24T08:49:09","modified_gmt":"2026-03-24T07:49:09","slug":"villas-fairway-in-murcia-spain","status":"publish","type":"page","link":"https:\/\/taolis.com\/fr\/villas-fairway-in-murcia-spain\/","title":{"rendered":"Villas Fairway"},"content":{"rendered":"<p><em>Les m\u00b2 indiqu\u00e9s sont donn\u00e9s \u00e0 titre indicatif. Chaque villa est con\u00e7ue sur mesure et personnalis\u00e9e, la superficie finale construite peut donc varier. Des exemples de mod\u00e8les de villas sont disponibles et peuvent \u00eatre adapt\u00e9s aux pr\u00e9f\u00e9rences du client.<\/em><\/p>\n<p>Le mod\u00e8le pr\u00e9sent\u00e9 est un exemple de conception qui sert d&rsquo;id\u00e9e ou de base \u00e0 la conception du client.<\/p>\n<p><strong>Villas Fairway<\/strong> red\u00e9finit l&rsquo;art de vivre contemporain gr\u00e2ce \u00e0 un dialogue harmonieux entre architecture, lumi\u00e8re et paysage.<\/p>\n<p>Situ\u00e9es au sein du complexe exclusif <strong>Altaona Sports &amp; Wellness Resort<\/strong>, ces r\u00e9sidences se trouvent au pied du terrain de golf, o\u00f9 le design moderne et le rythme de la nature coexistent en parfait \u00e9quilibre.<\/p>\n<p>Chaque villa est une composition de lignes \u00e9pur\u00e9es et de volumes g\u00e9om\u00e9triques mis en valeur par des mat\u00e9riaux nobles tels que le bois, la pierre et le marbre. Les int\u00e9rieurs se d\u00e9ploient avec une \u00e9l\u00e9gance naturelle dans de g\u00e9n\u00e9reux espaces ouverts qui invitent l&rsquo;ext\u00e9rieur \u00e0 entrer gr\u00e2ce \u00e0 des baies vitr\u00e9es. Chaque pi\u00e8ce offre une vue panoramique sur les fairways et les collines d&rsquo;Altaona, baignant la maison de lumi\u00e8re naturelle tout au long de la journ\u00e9e.<\/p>\n<p>L&rsquo;ext\u00e9rieur prolonge l&rsquo;exp\u00e9rience de la maison. De vastes terrasses et une piscine \u00e0 d\u00e9bordement priv\u00e9e cr\u00e9ent un cadre paisible o\u00f9 l&rsquo;architecture et le paysage se fondent en un horizon continu.<\/p>\n","protected":false},"excerpt":{"rendered":"<p>Les m\u00b2 indiqu\u00e9s sont donn\u00e9s \u00e0 titre indicatif. Chaque villa est con\u00e7ue sur mesure et personnalis\u00e9e, la superficie finale construite &hellip; <a href=\"https:\/\/taolis.com\/fr\/villas-fairway-in-murcia-spain\/\" class=\"more-link\">Continue reading <span class=\"screen-reader-text\">Villas Fairway<\/span><\/a><\/p>\n","protected":false},"author":3,"featured_media":16894,"parent":0,"menu_order":7,"comment_status":"closed","ping_status":"closed","template":"page-development.php","meta":{"_acf_changed":false,"footnotes":""},"class_list":["post-16892","page","type-page","status-publish","has-post-thumbnail","hentry"],"acf":[],"yoast_head":"<!-- This site is optimized with the Yoast SEO plugin v27.4 - https:\/\/yoast.com\/product\/yoast-seo-wordpress\/ -->\n<title>Villas Fairway - The Art Of Living In Spain. Altaona Resort \u00e0 Murcia<\/title>\n<meta name=\"description\" content=\"Villas Fairway \u00e0 Murcia, dans le sud de l\u2019Espagne. Propri\u00e9t\u00e9s de luxe au design moderne avec vues directes sur le golf. Id\u00e9ales pour vivre ou investir.\" \/>\n<meta name=\"robots\" content=\"index, follow, max-snippet:-1, max-image-preview:large, max-video-preview:-1\" \/>\n<link rel=\"canonical\" href=\"https:\/\/taolis.com\/fr\/villas-fairway-in-murcia-spain\/\" \/>\n<meta property=\"og:locale\" content=\"fr_FR\" \/>\n<meta property=\"og:type\" content=\"article\" \/>\n<meta property=\"og:title\" content=\"Villas Fairway - The Art Of Living In Spain. Altaona Resort \u00e0 Murcia\" \/>\n<meta property=\"og:description\" content=\"Villas Fairway \u00e0 Murcia, dans le sud de l\u2019Espagne. Propri\u00e9t\u00e9s de luxe au design moderne avec vues directes sur le golf. Id\u00e9ales pour vivre ou investir.\" \/>\n<meta property=\"og:url\" content=\"https:\/\/taolis.com\/fr\/villas-fairway-in-murcia-spain\/\" \/>\n<meta property=\"og:site_name\" content=\"The Art Of Living In Spain. Altaona Resort in Murcia\" \/>\n<meta property=\"article:modified_time\" content=\"2026-03-24T07:49:09+00:00\" \/>\n<meta property=\"og:image\" content=\"https:\/\/taolis.com\/wp-content\/uploads\/2025\/10\/new-build-villa-in-Murcia-Altaona-resort-Fairway-2.webp\" \/>\n\t<meta property=\"og:image:width\" content=\"1000\" \/>\n\t<meta property=\"og:image:height\" content=\"563\" \/>\n\t<meta property=\"og:image:type\" content=\"image\/jpeg\" \/>\n<meta name=\"twitter:card\" content=\"summary_large_image\" \/>\n<meta name=\"twitter:label1\" content=\"Dur\u00e9e de lecture estim\u00e9e\" \/>\n\t<meta name=\"twitter:data1\" content=\"2 minutes\" \/>\n<script type=\"application\/ld+json\" class=\"yoast-schema-graph\">{\"@context\":\"https:\\\/\\\/schema.org\",\"@graph\":[{\"@type\":\"WebPage\",\"@id\":\"https:\\\/\\\/taolis.com\\\/fr\\\/villas-fairway-in-murcia-spain\\\/\",\"url\":\"https:\\\/\\\/taolis.com\\\/fr\\\/villas-fairway-in-murcia-spain\\\/\",\"name\":\"Villas Fairway - The Art Of Living In Spain. Altaona Resort \u00e0 Murcia\",\"isPartOf\":{\"@id\":\"https:\\\/\\\/taolis.com\\\/fr\\\/#website\"},\"primaryImageOfPage\":{\"@id\":\"https:\\\/\\\/taolis.com\\\/fr\\\/villas-fairway-in-murcia-spain\\\/#primaryimage\"},\"image\":{\"@id\":\"https:\\\/\\\/taolis.com\\\/fr\\\/villas-fairway-in-murcia-spain\\\/#primaryimage\"},\"thumbnailUrl\":\"https:\\\/\\\/taolis.com\\\/wp-content\\\/uploads\\\/2025\\\/10\\\/new-build-villa-in-Murcia-Altaona-resort-Fairway-2.webp\",\"datePublished\":\"2025-02-01T12:55:01+00:00\",\"dateModified\":\"2026-03-24T07:49:09+00:00\",\"description\":\"Villas Fairway \u00e0 Murcia, dans le sud de l\u2019Espagne. Propri\u00e9t\u00e9s de luxe au design moderne avec vues directes sur le golf. Id\u00e9ales pour vivre ou investir.\",\"breadcrumb\":{\"@id\":\"https:\\\/\\\/taolis.com\\\/fr\\\/villas-fairway-in-murcia-spain\\\/#breadcrumb\"},\"inLanguage\":\"fr-FR\",\"potentialAction\":[{\"@type\":\"ReadAction\",\"target\":[\"https:\\\/\\\/taolis.com\\\/fr\\\/villas-fairway-in-murcia-spain\\\/\"]}]},{\"@type\":\"ImageObject\",\"inLanguage\":\"fr-FR\",\"@id\":\"https:\\\/\\\/taolis.com\\\/fr\\\/villas-fairway-in-murcia-spain\\\/#primaryimage\",\"url\":\"https:\\\/\\\/taolis.com\\\/wp-content\\\/uploads\\\/2025\\\/10\\\/new-build-villa-in-Murcia-Altaona-resort-Fairway-2.webp\",\"contentUrl\":\"https:\\\/\\\/taolis.com\\\/wp-content\\\/uploads\\\/2025\\\/10\\\/new-build-villa-in-Murcia-Altaona-resort-Fairway-2.webp\",\"width\":1000,\"height\":563},{\"@type\":\"BreadcrumbList\",\"@id\":\"https:\\\/\\\/taolis.com\\\/fr\\\/villas-fairway-in-murcia-spain\\\/#breadcrumb\",\"itemListElement\":[{\"@type\":\"ListItem\",\"position\":1,\"name\":\"Home\",\"item\":\"https:\\\/\\\/taolis.com\\\/fr\\\/\"},{\"@type\":\"ListItem\",\"position\":2,\"name\":\"Villas Fairway\"}]},{\"@type\":\"WebSite\",\"@id\":\"https:\\\/\\\/taolis.com\\\/fr\\\/#website\",\"url\":\"https:\\\/\\\/taolis.com\\\/fr\\\/\",\"name\":\"The Art Of Living In Spain. Altaona Resort in Murcia\",\"description\":\"Altaona Sports &amp; Wellness Resort. New build villa properties in Murcia, Spain.\",\"potentialAction\":[{\"@type\":\"SearchAction\",\"target\":{\"@type\":\"EntryPoint\",\"urlTemplate\":\"https:\\\/\\\/taolis.com\\\/fr\\\/?s={search_term_string}\"},\"query-input\":{\"@type\":\"PropertyValueSpecification\",\"valueRequired\":true,\"valueName\":\"search_term_string\"}}],\"inLanguage\":\"fr-FR\"}]}<\/script>\n<!-- \/ Yoast SEO plugin. -->","yoast_head_json":{"title":"Villas Fairway - The Art Of Living In Spain. Altaona Resort \u00e0 Murcia","description":"Villas Fairway \u00e0 Murcia, dans le sud de l\u2019Espagne. Propri\u00e9t\u00e9s de luxe au design moderne avec vues directes sur le golf. Id\u00e9ales pour vivre ou investir.","robots":{"index":"index","follow":"follow","max-snippet":"max-snippet:-1","max-image-preview":"max-image-preview:large","max-video-preview":"max-video-preview:-1"},"canonical":"https:\/\/taolis.com\/fr\/villas-fairway-in-murcia-spain\/","og_locale":"fr_FR","og_type":"article","og_title":"Villas Fairway - The Art Of Living In Spain. Altaona Resort \u00e0 Murcia","og_description":"Villas Fairway \u00e0 Murcia, dans le sud de l\u2019Espagne. Propri\u00e9t\u00e9s de luxe au design moderne avec vues directes sur le golf. Id\u00e9ales pour vivre ou investir.","og_url":"https:\/\/taolis.com\/fr\/villas-fairway-in-murcia-spain\/","og_site_name":"The Art Of Living In Spain. Altaona Resort in Murcia","article_modified_time":"2026-03-24T07:49:09+00:00","og_image":[{"width":1000,"height":563,"url":"https:\/\/taolis.com\/wp-content\/uploads\/2025\/10\/new-build-villa-in-Murcia-Altaona-resort-Fairway-2.webp","type":"image\/jpeg"}],"twitter_card":"summary_large_image","twitter_misc":{"Dur\u00e9e de lecture estim\u00e9e":"2 minutes"},"schema":{"@context":"https:\/\/schema.org","@graph":[{"@type":"WebPage","@id":"https:\/\/taolis.com\/fr\/villas-fairway-in-murcia-spain\/","url":"https:\/\/taolis.com\/fr\/villas-fairway-in-murcia-spain\/","name":"Villas Fairway - The Art Of Living In Spain. Altaona Resort \u00e0 Murcia","isPartOf":{"@id":"https:\/\/taolis.com\/fr\/#website"},"primaryImageOfPage":{"@id":"https:\/\/taolis.com\/fr\/villas-fairway-in-murcia-spain\/#primaryimage"},"image":{"@id":"https:\/\/taolis.com\/fr\/villas-fairway-in-murcia-spain\/#primaryimage"},"thumbnailUrl":"https:\/\/taolis.com\/wp-content\/uploads\/2025\/10\/new-build-villa-in-Murcia-Altaona-resort-Fairway-2.webp","datePublished":"2025-02-01T12:55:01+00:00","dateModified":"2026-03-24T07:49:09+00:00","description":"Villas Fairway \u00e0 Murcia, dans le sud de l\u2019Espagne. Propri\u00e9t\u00e9s de luxe au design moderne avec vues directes sur le golf. Id\u00e9ales pour vivre ou investir.","breadcrumb":{"@id":"https:\/\/taolis.com\/fr\/villas-fairway-in-murcia-spain\/#breadcrumb"},"inLanguage":"fr-FR","potentialAction":[{"@type":"ReadAction","target":["https:\/\/taolis.com\/fr\/villas-fairway-in-murcia-spain\/"]}]},{"@type":"ImageObject","inLanguage":"fr-FR","@id":"https:\/\/taolis.com\/fr\/villas-fairway-in-murcia-spain\/#primaryimage","url":"https:\/\/taolis.com\/wp-content\/uploads\/2025\/10\/new-build-villa-in-Murcia-Altaona-resort-Fairway-2.webp","contentUrl":"https:\/\/taolis.com\/wp-content\/uploads\/2025\/10\/new-build-villa-in-Murcia-Altaona-resort-Fairway-2.webp","width":1000,"height":563},{"@type":"BreadcrumbList","@id":"https:\/\/taolis.com\/fr\/villas-fairway-in-murcia-spain\/#breadcrumb","itemListElement":[{"@type":"ListItem","position":1,"name":"Home","item":"https:\/\/taolis.com\/fr\/"},{"@type":"ListItem","position":2,"name":"Villas Fairway"}]},{"@type":"WebSite","@id":"https:\/\/taolis.com\/fr\/#website","url":"https:\/\/taolis.com\/fr\/","name":"The Art Of Living In Spain. Altaona Resort in Murcia","description":"Altaona Sports &amp; Wellness Resort. New build villa properties in Murcia, Spain.","potentialAction":[{"@type":"SearchAction","target":{"@type":"EntryPoint","urlTemplate":"https:\/\/taolis.com\/fr\/?s={search_term_string}"},"query-input":{"@type":"PropertyValueSpecification","valueRequired":true,"valueName":"search_term_string"}}],"inLanguage":"fr-FR"}]}},"_links":{"self":[{"href":"https:\/\/taolis.com\/fr\/wp-json\/wp\/v2\/pages\/16892","targetHints":{"allow":["GET"]}}],"collection":[{"href":"https:\/\/taolis.com\/fr\/wp-json\/wp\/v2\/pages"}],"about":[{"href":"https:\/\/taolis.com\/fr\/wp-json\/wp\/v2\/types\/page"}],"author":[{"embeddable":true,"href":"https:\/\/taolis.com\/fr\/wp-json\/wp\/v2\/users\/3"}],"replies":[{"embeddable":true,"href":"https:\/\/taolis.com\/fr\/wp-json\/wp\/v2\/comments?post=16892"}],"version-history":[{"count":12,"href":"https:\/\/taolis.com\/fr\/wp-json\/wp\/v2\/pages\/16892\/revisions"}],"predecessor-version":[{"id":19600,"href":"https:\/\/taolis.com\/fr\/wp-json\/wp\/v2\/pages\/16892\/revisions\/19600"}],"wp:featuredmedia":[{"embeddable":true,"href":"https:\/\/taolis.com\/fr\/wp-json\/wp\/v2\/media\/16894"}],"wp:attachment":[{"href":"https:\/\/taolis.com\/fr\/wp-json\/wp\/v2\/media?parent=16892"}],"curies":[{"name":"wp","href":"https:\/\/api.w.org\/{rel}","templated":true}]}}