{"id":16844,"date":"2025-02-11T18:32:25","date_gmt":"2025-02-11T17:32:25","guid":{"rendered":"https:\/\/taolis.com\/las-vistas-yecla-in-murcia-spain\/"},"modified":"2026-03-24T08:34:22","modified_gmt":"2026-03-24T07:34:22","slug":"las-vistas-yecla-in-murcia-spain","status":"publish","type":"page","link":"https:\/\/taolis.com\/fr\/las-vistas-yecla-in-murcia-spain\/","title":{"rendered":"Las Vistas Yecla"},"content":{"rendered":"<p>Bienvenue \u00e0 Las Vistas Yecla, un projet r\u00e9sidentiel innovant situ\u00e9 \u00e0 Yecla, \u00e0 seulement 96 km du centre de Murcie, en Espagne.<\/p>\n<p>Con\u00e7u pour les amoureux de la nature, ce complexe exclusif est entour\u00e9 de vignobles dans l&rsquo;une des meilleures r\u00e9gions viticoles d&rsquo;Espagne. Vous pouvez concevoir la villa de vos r\u00eaves \u00e0 partir de z\u00e9ro ou choisir parmi trois mod\u00e8les exclusifs, alliant le charme m\u00e9diterran\u00e9en au luxe contemporain et \u00e0 une efficacit\u00e9 \u00e9nerg\u00e9tique maximale.<\/p>\n<p>Vivez dans un cadre naturel privil\u00e9gi\u00e9 et profitez d&rsquo;un style de vie paisible avec l&rsquo;\u0153notourisme, la randonn\u00e9e et les sentiers. \u00c0 quelques minutes du centre-ville, avec un acc\u00e8s facile aux plages de la Costa C\u00e1lida et \u00e0 la sc\u00e8ne culturelle et gastronomique de Murcia.<\/p>\n","protected":false},"excerpt":{"rendered":"<p>Bienvenue \u00e0 Las Vistas Yecla, un projet r\u00e9sidentiel innovant situ\u00e9 \u00e0 Yecla, \u00e0 seulement 96 km du centre de Murcie, &hellip; <a href=\"https:\/\/taolis.com\/fr\/las-vistas-yecla-in-murcia-spain\/\" class=\"more-link\">Continue reading <span class=\"screen-reader-text\">Las Vistas Yecla<\/span><\/a><\/p>\n","protected":false},"author":2,"featured_media":16846,"parent":0,"menu_order":6,"comment_status":"closed","ping_status":"closed","template":"page-development.php","meta":{"_acf_changed":false,"footnotes":""},"class_list":["post-16844","page","type-page","status-publish","has-post-thumbnail","hentry"],"acf":[],"yoast_head":"<!-- This site is optimized with the Yoast SEO plugin v27.4 - https:\/\/yoast.com\/product\/yoast-seo-wordpress\/ -->\n<title>Las Vistas Yecla - The Art Of Living In Spain. Altaona Resort in Murcia<\/title>\n<meta name=\"description\" content=\"Las Vistas Yecla : villas sur mesure entour\u00e9es de vignobles \u00e0 Murcia, alliant luxe, efficacit\u00e9 \u00e9nerg\u00e9tique et un style de vie m\u00e9diterran\u00e9en unique.\" \/>\n<meta name=\"robots\" content=\"index, follow, max-snippet:-1, max-image-preview:large, max-video-preview:-1\" \/>\n<link rel=\"canonical\" href=\"https:\/\/taolis.com\/fr\/las-vistas-yecla-in-murcia-spain\/\" \/>\n<meta property=\"og:locale\" content=\"fr_FR\" \/>\n<meta property=\"og:type\" content=\"article\" \/>\n<meta property=\"og:title\" content=\"Las Vistas Yecla - The Art Of Living In Spain. Altaona Resort in Murcia\" \/>\n<meta property=\"og:description\" content=\"Las Vistas Yecla : villas sur mesure entour\u00e9es de vignobles \u00e0 Murcia, alliant luxe, efficacit\u00e9 \u00e9nerg\u00e9tique et un style de vie m\u00e9diterran\u00e9en unique.\" \/>\n<meta property=\"og:url\" content=\"https:\/\/taolis.com\/fr\/las-vistas-yecla-in-murcia-spain\/\" \/>\n<meta property=\"og:site_name\" content=\"The Art Of Living In Spain. Altaona Resort in Murcia\" \/>\n<meta property=\"article:modified_time\" content=\"2026-03-24T07:34:22+00:00\" \/>\n<meta property=\"og:image\" content=\"https:\/\/taolis.com\/wp-content\/uploads\/2025\/08\/villas-altaona-yecla-murcia-portada.webp\" \/>\n\t<meta property=\"og:image:width\" content=\"1500\" \/>\n\t<meta property=\"og:image:height\" content=\"846\" \/>\n\t<meta property=\"og:image:type\" content=\"image\/jpeg\" \/>\n<meta name=\"twitter:card\" content=\"summary_large_image\" \/>\n<meta name=\"twitter:label1\" content=\"Dur\u00e9e de lecture estim\u00e9e\" \/>\n\t<meta name=\"twitter:data1\" content=\"1 minute\" \/>\n<script type=\"application\/ld+json\" class=\"yoast-schema-graph\">{\"@context\":\"https:\\\/\\\/schema.org\",\"@graph\":[{\"@type\":\"WebPage\",\"@id\":\"https:\\\/\\\/taolis.com\\\/fr\\\/las-vistas-yecla-in-murcia-spain\\\/\",\"url\":\"https:\\\/\\\/taolis.com\\\/fr\\\/las-vistas-yecla-in-murcia-spain\\\/\",\"name\":\"Las Vistas Yecla - The Art Of Living In Spain. Altaona Resort in Murcia\",\"isPartOf\":{\"@id\":\"https:\\\/\\\/taolis.com\\\/fr\\\/#website\"},\"primaryImageOfPage\":{\"@id\":\"https:\\\/\\\/taolis.com\\\/fr\\\/las-vistas-yecla-in-murcia-spain\\\/#primaryimage\"},\"image\":{\"@id\":\"https:\\\/\\\/taolis.com\\\/fr\\\/las-vistas-yecla-in-murcia-spain\\\/#primaryimage\"},\"thumbnailUrl\":\"https:\\\/\\\/taolis.com\\\/wp-content\\\/uploads\\\/2025\\\/08\\\/villas-altaona-yecla-murcia-portada.webp\",\"datePublished\":\"2025-02-11T17:32:25+00:00\",\"dateModified\":\"2026-03-24T07:34:22+00:00\",\"description\":\"Las Vistas Yecla : villas sur mesure entour\u00e9es de vignobles \u00e0 Murcia, alliant luxe, efficacit\u00e9 \u00e9nerg\u00e9tique et un style de vie m\u00e9diterran\u00e9en unique.\",\"breadcrumb\":{\"@id\":\"https:\\\/\\\/taolis.com\\\/fr\\\/las-vistas-yecla-in-murcia-spain\\\/#breadcrumb\"},\"inLanguage\":\"fr-FR\",\"potentialAction\":[{\"@type\":\"ReadAction\",\"target\":[\"https:\\\/\\\/taolis.com\\\/fr\\\/las-vistas-yecla-in-murcia-spain\\\/\"]}]},{\"@type\":\"ImageObject\",\"inLanguage\":\"fr-FR\",\"@id\":\"https:\\\/\\\/taolis.com\\\/fr\\\/las-vistas-yecla-in-murcia-spain\\\/#primaryimage\",\"url\":\"https:\\\/\\\/taolis.com\\\/wp-content\\\/uploads\\\/2025\\\/08\\\/villas-altaona-yecla-murcia-portada.webp\",\"contentUrl\":\"https:\\\/\\\/taolis.com\\\/wp-content\\\/uploads\\\/2025\\\/08\\\/villas-altaona-yecla-murcia-portada.webp\",\"width\":1500,\"height\":846},{\"@type\":\"BreadcrumbList\",\"@id\":\"https:\\\/\\\/taolis.com\\\/fr\\\/las-vistas-yecla-in-murcia-spain\\\/#breadcrumb\",\"itemListElement\":[{\"@type\":\"ListItem\",\"position\":1,\"name\":\"Home\",\"item\":\"https:\\\/\\\/taolis.com\\\/fr\\\/\"},{\"@type\":\"ListItem\",\"position\":2,\"name\":\"Las Vistas Yecla\"}]},{\"@type\":\"WebSite\",\"@id\":\"https:\\\/\\\/taolis.com\\\/fr\\\/#website\",\"url\":\"https:\\\/\\\/taolis.com\\\/fr\\\/\",\"name\":\"The Art Of Living In Spain. Altaona Resort in Murcia\",\"description\":\"Altaona Sports &amp; Wellness Resort. New build villa properties in Murcia, Spain.\",\"potentialAction\":[{\"@type\":\"SearchAction\",\"target\":{\"@type\":\"EntryPoint\",\"urlTemplate\":\"https:\\\/\\\/taolis.com\\\/fr\\\/?s={search_term_string}\"},\"query-input\":{\"@type\":\"PropertyValueSpecification\",\"valueRequired\":true,\"valueName\":\"search_term_string\"}}],\"inLanguage\":\"fr-FR\"}]}<\/script>\n<!-- \/ Yoast SEO plugin. -->","yoast_head_json":{"title":"Las Vistas Yecla - The Art Of Living In Spain. Altaona Resort in Murcia","description":"Las Vistas Yecla : villas sur mesure entour\u00e9es de vignobles \u00e0 Murcia, alliant luxe, efficacit\u00e9 \u00e9nerg\u00e9tique et un style de vie m\u00e9diterran\u00e9en unique.","robots":{"index":"index","follow":"follow","max-snippet":"max-snippet:-1","max-image-preview":"max-image-preview:large","max-video-preview":"max-video-preview:-1"},"canonical":"https:\/\/taolis.com\/fr\/las-vistas-yecla-in-murcia-spain\/","og_locale":"fr_FR","og_type":"article","og_title":"Las Vistas Yecla - The Art Of Living In Spain. Altaona Resort in Murcia","og_description":"Las Vistas Yecla : villas sur mesure entour\u00e9es de vignobles \u00e0 Murcia, alliant luxe, efficacit\u00e9 \u00e9nerg\u00e9tique et un style de vie m\u00e9diterran\u00e9en unique.","og_url":"https:\/\/taolis.com\/fr\/las-vistas-yecla-in-murcia-spain\/","og_site_name":"The Art Of Living In Spain. Altaona Resort in Murcia","article_modified_time":"2026-03-24T07:34:22+00:00","og_image":[{"width":1500,"height":846,"url":"https:\/\/taolis.com\/wp-content\/uploads\/2025\/08\/villas-altaona-yecla-murcia-portada.webp","type":"image\/jpeg"}],"twitter_card":"summary_large_image","twitter_misc":{"Dur\u00e9e de lecture estim\u00e9e":"1 minute"},"schema":{"@context":"https:\/\/schema.org","@graph":[{"@type":"WebPage","@id":"https:\/\/taolis.com\/fr\/las-vistas-yecla-in-murcia-spain\/","url":"https:\/\/taolis.com\/fr\/las-vistas-yecla-in-murcia-spain\/","name":"Las Vistas Yecla - The Art Of Living In Spain. Altaona Resort in Murcia","isPartOf":{"@id":"https:\/\/taolis.com\/fr\/#website"},"primaryImageOfPage":{"@id":"https:\/\/taolis.com\/fr\/las-vistas-yecla-in-murcia-spain\/#primaryimage"},"image":{"@id":"https:\/\/taolis.com\/fr\/las-vistas-yecla-in-murcia-spain\/#primaryimage"},"thumbnailUrl":"https:\/\/taolis.com\/wp-content\/uploads\/2025\/08\/villas-altaona-yecla-murcia-portada.webp","datePublished":"2025-02-11T17:32:25+00:00","dateModified":"2026-03-24T07:34:22+00:00","description":"Las Vistas Yecla : villas sur mesure entour\u00e9es de vignobles \u00e0 Murcia, alliant luxe, efficacit\u00e9 \u00e9nerg\u00e9tique et un style de vie m\u00e9diterran\u00e9en unique.","breadcrumb":{"@id":"https:\/\/taolis.com\/fr\/las-vistas-yecla-in-murcia-spain\/#breadcrumb"},"inLanguage":"fr-FR","potentialAction":[{"@type":"ReadAction","target":["https:\/\/taolis.com\/fr\/las-vistas-yecla-in-murcia-spain\/"]}]},{"@type":"ImageObject","inLanguage":"fr-FR","@id":"https:\/\/taolis.com\/fr\/las-vistas-yecla-in-murcia-spain\/#primaryimage","url":"https:\/\/taolis.com\/wp-content\/uploads\/2025\/08\/villas-altaona-yecla-murcia-portada.webp","contentUrl":"https:\/\/taolis.com\/wp-content\/uploads\/2025\/08\/villas-altaona-yecla-murcia-portada.webp","width":1500,"height":846},{"@type":"BreadcrumbList","@id":"https:\/\/taolis.com\/fr\/las-vistas-yecla-in-murcia-spain\/#breadcrumb","itemListElement":[{"@type":"ListItem","position":1,"name":"Home","item":"https:\/\/taolis.com\/fr\/"},{"@type":"ListItem","position":2,"name":"Las Vistas Yecla"}]},{"@type":"WebSite","@id":"https:\/\/taolis.com\/fr\/#website","url":"https:\/\/taolis.com\/fr\/","name":"The Art Of Living In Spain. Altaona Resort in Murcia","description":"Altaona Sports &amp; Wellness Resort. New build villa properties in Murcia, Spain.","potentialAction":[{"@type":"SearchAction","target":{"@type":"EntryPoint","urlTemplate":"https:\/\/taolis.com\/fr\/?s={search_term_string}"},"query-input":{"@type":"PropertyValueSpecification","valueRequired":true,"valueName":"search_term_string"}}],"inLanguage":"fr-FR"}]}},"_links":{"self":[{"href":"https:\/\/taolis.com\/fr\/wp-json\/wp\/v2\/pages\/16844","targetHints":{"allow":["GET"]}}],"collection":[{"href":"https:\/\/taolis.com\/fr\/wp-json\/wp\/v2\/pages"}],"about":[{"href":"https:\/\/taolis.com\/fr\/wp-json\/wp\/v2\/types\/page"}],"author":[{"embeddable":true,"href":"https:\/\/taolis.com\/fr\/wp-json\/wp\/v2\/users\/2"}],"replies":[{"embeddable":true,"href":"https:\/\/taolis.com\/fr\/wp-json\/wp\/v2\/comments?post=16844"}],"version-history":[{"count":1,"href":"https:\/\/taolis.com\/fr\/wp-json\/wp\/v2\/pages\/16844\/revisions"}],"predecessor-version":[{"id":18966,"href":"https:\/\/taolis.com\/fr\/wp-json\/wp\/v2\/pages\/16844\/revisions\/18966"}],"wp:featuredmedia":[{"embeddable":true,"href":"https:\/\/taolis.com\/fr\/wp-json\/wp\/v2\/media\/16846"}],"wp:attachment":[{"href":"https:\/\/taolis.com\/fr\/wp-json\/wp\/v2\/media?parent=16844"}],"curies":[{"name":"wp","href":"https:\/\/api.w.org\/{rel}","templated":true}]}}