{"id":16784,"date":"2025-01-10T12:27:32","date_gmt":"2025-01-10T11:27:32","guid":{"rendered":"https:\/\/taolis.com\/projects\/"},"modified":"2026-03-24T08:37:20","modified_gmt":"2026-03-24T07:37:20","slug":"projects","status":"publish","type":"page","link":"https:\/\/taolis.com\/fr\/projects\/","title":{"rendered":"New build projects in Murcia, Spain"},"content":{"rendered":"","protected":false},"excerpt":{"rendered":"","protected":false},"author":1,"featured_media":0,"parent":0,"menu_order":20,"comment_status":"closed","ping_status":"closed","template":"","meta":{"_acf_changed":false,"footnotes":""},"class_list":["post-16784","page","type-page","status-publish","hentry"],"acf":[],"yoast_head":"<!-- This site is optimized with the Yoast SEO plugin v27.4 - https:\/\/yoast.com\/product\/yoast-seo-wordpress\/ -->\n<title>Projets immobiliers neufs \u00e0 Murcia, Espagne - The Art Of Living In Spain. Altaona Resort \u00e0 Murcia<\/title>\n<meta name=\"description\" content=\"Projets immobiliers r\u00e9sidentiels neufs \u00e0 Murcia: resorts, golf et maisons exclusives. D\u00e9veloppement r\u00e9sidentiel Altaona \u00e0 Murcia.\" \/>\n<meta name=\"robots\" content=\"index, follow, max-snippet:-1, max-image-preview:large, max-video-preview:-1\" \/>\n<link rel=\"canonical\" href=\"https:\/\/taolis.com\/fr\/projects\/\" \/>\n<meta property=\"og:locale\" content=\"fr_FR\" \/>\n<meta property=\"og:type\" content=\"article\" \/>\n<meta property=\"og:title\" content=\"Projets immobiliers neufs \u00e0 Murcia, Espagne - The Art Of Living In Spain. Altaona Resort \u00e0 Murcia\" \/>\n<meta property=\"og:description\" content=\"Projets immobiliers r\u00e9sidentiels neufs \u00e0 Murcia: resorts, golf et maisons exclusives. D\u00e9veloppement r\u00e9sidentiel Altaona \u00e0 Murcia.\" \/>\n<meta property=\"og:url\" content=\"https:\/\/taolis.com\/fr\/projects\/\" \/>\n<meta property=\"og:site_name\" content=\"The Art Of Living In Spain. Altaona Resort in Murcia\" \/>\n<meta property=\"article:modified_time\" content=\"2026-03-24T07:37:20+00:00\" \/>\n<meta name=\"twitter:card\" content=\"summary_large_image\" \/>\n<script type=\"application\/ld+json\" class=\"yoast-schema-graph\">{\"@context\":\"https:\\\/\\\/schema.org\",\"@graph\":[{\"@type\":\"WebPage\",\"@id\":\"https:\\\/\\\/taolis.com\\\/fr\\\/projects\\\/\",\"url\":\"https:\\\/\\\/taolis.com\\\/fr\\\/projects\\\/\",\"name\":\"Projets immobiliers neufs \u00e0 Murcia, Espagne - The Art Of Living In Spain. Altaona Resort \u00e0 Murcia\",\"isPartOf\":{\"@id\":\"https:\\\/\\\/taolis.com\\\/fr\\\/#website\"},\"datePublished\":\"2025-01-10T11:27:32+00:00\",\"dateModified\":\"2026-03-24T07:37:20+00:00\",\"description\":\"Projets immobiliers r\u00e9sidentiels neufs \u00e0 Murcia: resorts, golf et maisons exclusives. D\u00e9veloppement r\u00e9sidentiel Altaona \u00e0 Murcia.\",\"breadcrumb\":{\"@id\":\"https:\\\/\\\/taolis.com\\\/fr\\\/projects\\\/#breadcrumb\"},\"inLanguage\":\"fr-FR\",\"potentialAction\":[{\"@type\":\"ReadAction\",\"target\":[\"https:\\\/\\\/taolis.com\\\/fr\\\/projects\\\/\"]}]},{\"@type\":\"BreadcrumbList\",\"@id\":\"https:\\\/\\\/taolis.com\\\/fr\\\/projects\\\/#breadcrumb\",\"itemListElement\":[{\"@type\":\"ListItem\",\"position\":1,\"name\":\"Home\",\"item\":\"https:\\\/\\\/taolis.com\\\/fr\\\/\"},{\"@type\":\"ListItem\",\"position\":2,\"name\":\"New build projects in Murcia, Spain\"}]},{\"@type\":\"WebSite\",\"@id\":\"https:\\\/\\\/taolis.com\\\/fr\\\/#website\",\"url\":\"https:\\\/\\\/taolis.com\\\/fr\\\/\",\"name\":\"The Art Of Living In Spain. Altaona Resort in Murcia\",\"description\":\"Altaona Sports &amp; Wellness Resort. New build villa properties in Murcia, Spain.\",\"potentialAction\":[{\"@type\":\"SearchAction\",\"target\":{\"@type\":\"EntryPoint\",\"urlTemplate\":\"https:\\\/\\\/taolis.com\\\/fr\\\/?s={search_term_string}\"},\"query-input\":{\"@type\":\"PropertyValueSpecification\",\"valueRequired\":true,\"valueName\":\"search_term_string\"}}],\"inLanguage\":\"fr-FR\"}]}<\/script>\n<!-- \/ Yoast SEO plugin. -->","yoast_head_json":{"title":"Projets immobiliers neufs \u00e0 Murcia, Espagne - The Art Of Living In Spain. Altaona Resort \u00e0 Murcia","description":"Projets immobiliers r\u00e9sidentiels neufs \u00e0 Murcia: resorts, golf et maisons exclusives. D\u00e9veloppement r\u00e9sidentiel Altaona \u00e0 Murcia.","robots":{"index":"index","follow":"follow","max-snippet":"max-snippet:-1","max-image-preview":"max-image-preview:large","max-video-preview":"max-video-preview:-1"},"canonical":"https:\/\/taolis.com\/fr\/projects\/","og_locale":"fr_FR","og_type":"article","og_title":"Projets immobiliers neufs \u00e0 Murcia, Espagne - The Art Of Living In Spain. Altaona Resort \u00e0 Murcia","og_description":"Projets immobiliers r\u00e9sidentiels neufs \u00e0 Murcia: resorts, golf et maisons exclusives. D\u00e9veloppement r\u00e9sidentiel Altaona \u00e0 Murcia.","og_url":"https:\/\/taolis.com\/fr\/projects\/","og_site_name":"The Art Of Living In Spain. Altaona Resort in Murcia","article_modified_time":"2026-03-24T07:37:20+00:00","twitter_card":"summary_large_image","schema":{"@context":"https:\/\/schema.org","@graph":[{"@type":"WebPage","@id":"https:\/\/taolis.com\/fr\/projects\/","url":"https:\/\/taolis.com\/fr\/projects\/","name":"Projets immobiliers neufs \u00e0 Murcia, Espagne - The Art Of Living In Spain. Altaona Resort \u00e0 Murcia","isPartOf":{"@id":"https:\/\/taolis.com\/fr\/#website"},"datePublished":"2025-01-10T11:27:32+00:00","dateModified":"2026-03-24T07:37:20+00:00","description":"Projets immobiliers r\u00e9sidentiels neufs \u00e0 Murcia: resorts, golf et maisons exclusives. D\u00e9veloppement r\u00e9sidentiel Altaona \u00e0 Murcia.","breadcrumb":{"@id":"https:\/\/taolis.com\/fr\/projects\/#breadcrumb"},"inLanguage":"fr-FR","potentialAction":[{"@type":"ReadAction","target":["https:\/\/taolis.com\/fr\/projects\/"]}]},{"@type":"BreadcrumbList","@id":"https:\/\/taolis.com\/fr\/projects\/#breadcrumb","itemListElement":[{"@type":"ListItem","position":1,"name":"Home","item":"https:\/\/taolis.com\/fr\/"},{"@type":"ListItem","position":2,"name":"New build projects in Murcia, Spain"}]},{"@type":"WebSite","@id":"https:\/\/taolis.com\/fr\/#website","url":"https:\/\/taolis.com\/fr\/","name":"The Art Of Living In Spain. Altaona Resort in Murcia","description":"Altaona Sports &amp; Wellness Resort. New build villa properties in Murcia, Spain.","potentialAction":[{"@type":"SearchAction","target":{"@type":"EntryPoint","urlTemplate":"https:\/\/taolis.com\/fr\/?s={search_term_string}"},"query-input":{"@type":"PropertyValueSpecification","valueRequired":true,"valueName":"search_term_string"}}],"inLanguage":"fr-FR"}]}},"_links":{"self":[{"href":"https:\/\/taolis.com\/fr\/wp-json\/wp\/v2\/pages\/16784","targetHints":{"allow":["GET"]}}],"collection":[{"href":"https:\/\/taolis.com\/fr\/wp-json\/wp\/v2\/pages"}],"about":[{"href":"https:\/\/taolis.com\/fr\/wp-json\/wp\/v2\/types\/page"}],"author":[{"embeddable":true,"href":"https:\/\/taolis.com\/fr\/wp-json\/wp\/v2\/users\/1"}],"replies":[{"embeddable":true,"href":"https:\/\/taolis.com\/fr\/wp-json\/wp\/v2\/comments?post=16784"}],"version-history":[{"count":1,"href":"https:\/\/taolis.com\/fr\/wp-json\/wp\/v2\/pages\/16784\/revisions"}],"predecessor-version":[{"id":19768,"href":"https:\/\/taolis.com\/fr\/wp-json\/wp\/v2\/pages\/16784\/revisions\/19768"}],"wp:attachment":[{"href":"https:\/\/taolis.com\/fr\/wp-json\/wp\/v2\/media?parent=16784"}],"curies":[{"name":"wp","href":"https:\/\/api.w.org\/{rel}","templated":true}]}}