{"id":16398,"date":"2024-10-11T14:11:21","date_gmt":"2024-10-11T12:11:21","guid":{"rendered":"https:\/\/taolis.com\/home\/"},"modified":"2026-03-24T08:31:55","modified_gmt":"2026-03-24T07:31:55","slug":"home","status":"publish","type":"page","link":"https:\/\/taolis.com\/fr\/","title":{"rendered":"Home"},"content":{"rendered":"<h2>Altaona, le resort le plus proche du centre de Murcie, con\u00e7u pour le bien-\u00eatre, l\u2019\u00e9quilibre et une vie plus longue<\/h2>\n<p>Altaona Resort s&rsquo;articule autour de trois piliers fondamentaux qui placent la sant\u00e9 et le style de vie au c\u0153ur du quotidien. Le resort propose des <a href=\"https:\/\/taolis.com\/fr\/projects\/\">R\u00e9sidences exclusives<\/a> ainsi que le <a href=\"https:\/\/taolis.com\/fr\/longevity-hotel-apartments\/\">WOW Longevity Hotel,<\/a> tous pens\u00e9s pour favoriser le bien-\u00eatre, la sant\u00e9 pr\u00e9ventive et un mode de vie actif.En son centre, un parcours de golf 18 trous, des installations sportives et un centre de bien-\u00eatre de classe mondiale cr\u00e9ent une communaut\u00e9 o\u00f9 le mouvement, la nature et la r\u00e9cup\u00e9ration font partie int\u00e9grante de la vie de tous les jours.Que vous recherchiez une r\u00e9sidence principale, un investissement ou un lieu pour vivre mieux et plus longtemps, Altaona s\u2019adresse \u00e0 celles et ceux qui accordent une importance essentielle \u00e0 la qualit\u00e9 de vie.<\/p>\n<a href=\"tel:+34645253121\" class=\"button normal-button\"> Contactez notre Conseiller en Style de Vie (+34) 645 25 31 21 <\/a>\n<p><img decoding=\"async\" class=\"alignnone wp-image-9778\" src=\"https:\/\/taolis.com\/wp-content\/uploads\/2025\/08\/Sothebys-Spain-png.webp\" alt=\"\" width=\"299\" height=\"94\" \/><\/p>\n","protected":false},"excerpt":{"rendered":"<p>Altaona, le resort le plus proche du centre de Murcie, con\u00e7u pour le bien-\u00eatre, l\u2019\u00e9quilibre et une vie plus longue &hellip; <a href=\"https:\/\/taolis.com\/fr\/\" class=\"more-link\">Continue reading <span class=\"screen-reader-text\">Home<\/span><\/a><\/p>\n","protected":false},"author":1,"featured_media":16400,"parent":0,"menu_order":22,"comment_status":"closed","ping_status":"closed","template":"page-home.php","meta":{"_acf_changed":false,"footnotes":""},"class_list":["post-16398","page","type-page","status-publish","has-post-thumbnail","hentry"],"acf":[],"yoast_head":"<!-- This site is optimized with the Yoast SEO plugin v27.4 - https:\/\/yoast.com\/product\/yoast-seo-wordpress\/ -->\n<title>Altaona Resort: Achetez la villa neuve de vos r\u00eaves \u00e0 Murcia, en Espagne<\/title>\n<meta name=\"description\" content=\"Altaona, le complexe h\u00f4telier le plus proche de la ville de Murcia, vous propose des maisons neuves, la nature, la tranquillit\u00e9 et un style de vie m\u00e9diterran\u00e9en\" \/>\n<meta name=\"robots\" content=\"index, follow, max-snippet:-1, max-image-preview:large, max-video-preview:-1\" \/>\n<link rel=\"canonical\" href=\"https:\/\/taolis.com\/fr\/\" \/>\n<meta property=\"og:locale\" content=\"fr_FR\" \/>\n<meta property=\"og:type\" content=\"article\" \/>\n<meta property=\"og:title\" content=\"Altaona Resort: Achetez la villa neuve de vos r\u00eaves \u00e0 Murcia, en Espagne\" \/>\n<meta property=\"og:description\" content=\"Altaona, le complexe h\u00f4telier le plus proche de la ville de Murcia, vous propose des maisons neuves, la nature, la tranquillit\u00e9 et un style de vie m\u00e9diterran\u00e9en\" \/>\n<meta property=\"og:url\" content=\"https:\/\/taolis.com\/fr\/\" \/>\n<meta property=\"og:site_name\" content=\"The Art Of Living In Spain. Altaona Resort in Murcia\" \/>\n<meta property=\"article:modified_time\" content=\"2026-03-24T07:31:55+00:00\" \/>\n<meta property=\"og:image\" content=\"https:\/\/taolis.com\/wp-content\/uploads\/2025\/07\/Altaona-resort-new-entrance-vertical.webp\" \/>\n\t<meta property=\"og:image:width\" content=\"320\" \/>\n\t<meta property=\"og:image:height\" content=\"567\" \/>\n\t<meta property=\"og:image:type\" content=\"image\/jpeg\" \/>\n<meta name=\"twitter:card\" content=\"summary_large_image\" \/>\n<meta name=\"twitter:label1\" content=\"Dur\u00e9e de lecture estim\u00e9e\" \/>\n\t<meta name=\"twitter:data1\" content=\"2 minutes\" \/>\n<script type=\"application\/ld+json\" class=\"yoast-schema-graph\">{\"@context\":\"https:\\\/\\\/schema.org\",\"@graph\":[{\"@type\":\"WebPage\",\"@id\":\"https:\\\/\\\/taolis.com\\\/fr\\\/\",\"url\":\"https:\\\/\\\/taolis.com\\\/fr\\\/\",\"name\":\"Altaona Resort: Achetez la villa neuve de vos r\u00eaves \u00e0 Murcia, en Espagne\",\"isPartOf\":{\"@id\":\"https:\\\/\\\/taolis.com\\\/fr\\\/#website\"},\"primaryImageOfPage\":{\"@id\":\"https:\\\/\\\/taolis.com\\\/fr\\\/#primaryimage\"},\"image\":{\"@id\":\"https:\\\/\\\/taolis.com\\\/fr\\\/#primaryimage\"},\"thumbnailUrl\":\"https:\\\/\\\/taolis.com\\\/wp-content\\\/uploads\\\/2025\\\/07\\\/Altaona-resort-new-entrance-vertical.webp\",\"datePublished\":\"2024-10-11T12:11:21+00:00\",\"dateModified\":\"2026-03-24T07:31:55+00:00\",\"description\":\"Altaona, le complexe h\u00f4telier le plus proche de la ville de Murcia, vous propose des maisons neuves, la nature, la tranquillit\u00e9 et un style de vie m\u00e9diterran\u00e9en\",\"breadcrumb\":{\"@id\":\"https:\\\/\\\/taolis.com\\\/fr\\\/#breadcrumb\"},\"inLanguage\":\"fr-FR\",\"potentialAction\":[{\"@type\":\"ReadAction\",\"target\":[\"https:\\\/\\\/taolis.com\\\/fr\\\/\"]}]},{\"@type\":\"ImageObject\",\"inLanguage\":\"fr-FR\",\"@id\":\"https:\\\/\\\/taolis.com\\\/fr\\\/#primaryimage\",\"url\":\"https:\\\/\\\/taolis.com\\\/wp-content\\\/uploads\\\/2025\\\/07\\\/Altaona-resort-new-entrance-vertical.webp\",\"contentUrl\":\"https:\\\/\\\/taolis.com\\\/wp-content\\\/uploads\\\/2025\\\/07\\\/Altaona-resort-new-entrance-vertical.webp\",\"width\":320,\"height\":567,\"caption\":\"Altaona resort new entrance vertical\"},{\"@type\":\"BreadcrumbList\",\"@id\":\"https:\\\/\\\/taolis.com\\\/fr\\\/#breadcrumb\",\"itemListElement\":[{\"@type\":\"ListItem\",\"position\":1,\"name\":\"Home\",\"item\":\"https:\\\/\\\/taolis.com\\\/fr\\\/\"},{\"@type\":\"ListItem\",\"position\":2,\"name\":\"Home\"}]},{\"@type\":\"WebSite\",\"@id\":\"https:\\\/\\\/taolis.com\\\/fr\\\/#website\",\"url\":\"https:\\\/\\\/taolis.com\\\/fr\\\/\",\"name\":\"The Art Of Living In Spain. Altaona Resort in Murcia\",\"description\":\"Altaona Sports &amp; Wellness Resort. New build villa properties in Murcia, Spain.\",\"potentialAction\":[{\"@type\":\"SearchAction\",\"target\":{\"@type\":\"EntryPoint\",\"urlTemplate\":\"https:\\\/\\\/taolis.com\\\/fr\\\/?s={search_term_string}\"},\"query-input\":{\"@type\":\"PropertyValueSpecification\",\"valueRequired\":true,\"valueName\":\"search_term_string\"}}],\"inLanguage\":\"fr-FR\"}]}<\/script>\n<!-- \/ Yoast SEO plugin. -->","yoast_head_json":{"title":"Altaona Resort: Achetez la villa neuve de vos r\u00eaves \u00e0 Murcia, en Espagne","description":"Altaona, le complexe h\u00f4telier le plus proche de la ville de Murcia, vous propose des maisons neuves, la nature, la tranquillit\u00e9 et un style de vie m\u00e9diterran\u00e9en","robots":{"index":"index","follow":"follow","max-snippet":"max-snippet:-1","max-image-preview":"max-image-preview:large","max-video-preview":"max-video-preview:-1"},"canonical":"https:\/\/taolis.com\/fr\/","og_locale":"fr_FR","og_type":"article","og_title":"Altaona Resort: Achetez la villa neuve de vos r\u00eaves \u00e0 Murcia, en Espagne","og_description":"Altaona, le complexe h\u00f4telier le plus proche de la ville de Murcia, vous propose des maisons neuves, la nature, la tranquillit\u00e9 et un style de vie m\u00e9diterran\u00e9en","og_url":"https:\/\/taolis.com\/fr\/","og_site_name":"The Art Of Living In Spain. Altaona Resort in Murcia","article_modified_time":"2026-03-24T07:31:55+00:00","og_image":[{"width":320,"height":567,"url":"https:\/\/taolis.com\/wp-content\/uploads\/2025\/07\/Altaona-resort-new-entrance-vertical.webp","type":"image\/jpeg"}],"twitter_card":"summary_large_image","twitter_misc":{"Dur\u00e9e de lecture estim\u00e9e":"2 minutes"},"schema":{"@context":"https:\/\/schema.org","@graph":[{"@type":"WebPage","@id":"https:\/\/taolis.com\/fr\/","url":"https:\/\/taolis.com\/fr\/","name":"Altaona Resort: Achetez la villa neuve de vos r\u00eaves \u00e0 Murcia, en Espagne","isPartOf":{"@id":"https:\/\/taolis.com\/fr\/#website"},"primaryImageOfPage":{"@id":"https:\/\/taolis.com\/fr\/#primaryimage"},"image":{"@id":"https:\/\/taolis.com\/fr\/#primaryimage"},"thumbnailUrl":"https:\/\/taolis.com\/wp-content\/uploads\/2025\/07\/Altaona-resort-new-entrance-vertical.webp","datePublished":"2024-10-11T12:11:21+00:00","dateModified":"2026-03-24T07:31:55+00:00","description":"Altaona, le complexe h\u00f4telier le plus proche de la ville de Murcia, vous propose des maisons neuves, la nature, la tranquillit\u00e9 et un style de vie m\u00e9diterran\u00e9en","breadcrumb":{"@id":"https:\/\/taolis.com\/fr\/#breadcrumb"},"inLanguage":"fr-FR","potentialAction":[{"@type":"ReadAction","target":["https:\/\/taolis.com\/fr\/"]}]},{"@type":"ImageObject","inLanguage":"fr-FR","@id":"https:\/\/taolis.com\/fr\/#primaryimage","url":"https:\/\/taolis.com\/wp-content\/uploads\/2025\/07\/Altaona-resort-new-entrance-vertical.webp","contentUrl":"https:\/\/taolis.com\/wp-content\/uploads\/2025\/07\/Altaona-resort-new-entrance-vertical.webp","width":320,"height":567,"caption":"Altaona resort new entrance vertical"},{"@type":"BreadcrumbList","@id":"https:\/\/taolis.com\/fr\/#breadcrumb","itemListElement":[{"@type":"ListItem","position":1,"name":"Home","item":"https:\/\/taolis.com\/fr\/"},{"@type":"ListItem","position":2,"name":"Home"}]},{"@type":"WebSite","@id":"https:\/\/taolis.com\/fr\/#website","url":"https:\/\/taolis.com\/fr\/","name":"The Art Of Living In Spain. Altaona Resort in Murcia","description":"Altaona Sports &amp; Wellness Resort. New build villa properties in Murcia, Spain.","potentialAction":[{"@type":"SearchAction","target":{"@type":"EntryPoint","urlTemplate":"https:\/\/taolis.com\/fr\/?s={search_term_string}"},"query-input":{"@type":"PropertyValueSpecification","valueRequired":true,"valueName":"search_term_string"}}],"inLanguage":"fr-FR"}]}},"_links":{"self":[{"href":"https:\/\/taolis.com\/fr\/wp-json\/wp\/v2\/pages\/16398","targetHints":{"allow":["GET"]}}],"collection":[{"href":"https:\/\/taolis.com\/fr\/wp-json\/wp\/v2\/pages"}],"about":[{"href":"https:\/\/taolis.com\/fr\/wp-json\/wp\/v2\/types\/page"}],"author":[{"embeddable":true,"href":"https:\/\/taolis.com\/fr\/wp-json\/wp\/v2\/users\/1"}],"replies":[{"embeddable":true,"href":"https:\/\/taolis.com\/fr\/wp-json\/wp\/v2\/comments?post=16398"}],"version-history":[{"count":7,"href":"https:\/\/taolis.com\/fr\/wp-json\/wp\/v2\/pages\/16398\/revisions"}],"predecessor-version":[{"id":19765,"href":"https:\/\/taolis.com\/fr\/wp-json\/wp\/v2\/pages\/16398\/revisions\/19765"}],"wp:featuredmedia":[{"embeddable":true,"href":"https:\/\/taolis.com\/fr\/wp-json\/wp\/v2\/media\/16400"}],"wp:attachment":[{"href":"https:\/\/taolis.com\/fr\/wp-json\/wp\/v2\/media?parent=16398"}],"curies":[{"name":"wp","href":"https:\/\/api.w.org\/{rel}","templated":true}]}}