{"id":5131,"date":"2025-02-11T18:32:25","date_gmt":"2025-02-11T17:32:25","guid":{"rendered":"https:\/\/taolis.com\/las-vistas-yecla-in-murcia-spain\/"},"modified":"2026-02-27T11:12:03","modified_gmt":"2026-02-27T10:12:03","slug":"las-vistas-yecla-in-murcia-spain","status":"publish","type":"page","link":"https:\/\/taolis.com\/es\/las-vistas-yecla-in-murcia-spain\/","title":{"rendered":"Las Vistas Yecla"},"content":{"rendered":"<p>Bienvenidos a Las Vistas Yecla, un innovador proyecto residencial ubicado en Yecla, a solo 96 km del centro de Murcia, Espa\u00f1a.<\/p>\n<p>Dise\u00f1ado para los amantes de la naturaleza, este exclusivo desarrollo est\u00e1 rodeado de vi\u00f1edos en una de las principales regiones vin\u00edcolas de Espa\u00f1a. Puedes dise\u00f1ar tu villa so\u00f1ada desde cero o elegir entre tres modelos exclusivos, combinando el encanto mediterr\u00e1neo con el lujo contempor\u00e1neo y la m\u00e1xima eficiencia energ\u00e9tica.<\/p>\n<p>Vive en una zona natural privilegiada y disfruta de un estilo de vida tranquilo con enoturismo, senderismo y rutas. A solo minutos del centro de la ciudad, con f\u00e1cil acceso a las playas de la Costa C\u00e1lida y a la escena cultural y gastron\u00f3mica de Murcia.<\/p>\n","protected":false},"excerpt":{"rendered":"<p>Bienvenidos a Las Vistas Yecla, un innovador proyecto residencial ubicado en Yecla, a solo 96 km del centro de Murcia, &hellip; <a href=\"https:\/\/taolis.com\/es\/las-vistas-yecla-in-murcia-spain\/\" class=\"more-link\">Continue reading <span class=\"screen-reader-text\">Las Vistas Yecla<\/span><\/a><\/p>\n","protected":false},"author":2,"featured_media":10863,"parent":0,"menu_order":6,"comment_status":"closed","ping_status":"closed","template":"page-development.php","meta":{"_acf_changed":false,"footnotes":""},"class_list":["post-5131","page","type-page","status-publish","has-post-thumbnail","hentry"],"acf":[],"yoast_head":"<!-- This site is optimized with the Yoast SEO plugin v27.4 - https:\/\/yoast.com\/product\/yoast-seo-wordpress\/ -->\n<title>Las Vistas Yecla - Altaona Resort. The Art of Living in Spain<\/title>\n<meta name=\"description\" content=\"Las Vistas Yecla: villas personalizadas rodeadas de vi\u00f1edos en Murcia, con lujo, eficiencia energ\u00e9tica y un estilo de vida mediterr\u00e1neo \u00fanico\" \/>\n<meta name=\"robots\" content=\"index, follow, max-snippet:-1, max-image-preview:large, max-video-preview:-1\" \/>\n<link rel=\"canonical\" href=\"https:\/\/taolis.com\/es\/las-vistas-yecla-in-murcia-spain\/\" \/>\n<meta property=\"og:locale\" content=\"es_ES\" \/>\n<meta property=\"og:type\" content=\"article\" \/>\n<meta property=\"og:title\" content=\"Las Vistas Yecla - Altaona Resort. The Art of Living in Spain\" \/>\n<meta property=\"og:description\" content=\"Las Vistas Yecla: villas personalizadas rodeadas de vi\u00f1edos en Murcia, con lujo, eficiencia energ\u00e9tica y un estilo de vida mediterr\u00e1neo \u00fanico\" \/>\n<meta property=\"og:url\" content=\"https:\/\/taolis.com\/es\/las-vistas-yecla-in-murcia-spain\/\" \/>\n<meta property=\"og:site_name\" content=\"Altaona Resort. The Art of Living in Spain\" \/>\n<meta property=\"article:modified_time\" content=\"2026-02-27T10:12:03+00:00\" \/>\n<meta property=\"og:image\" content=\"https:\/\/taolis.com\/wp-content\/uploads\/2025\/08\/villas-altaona-yecla-murcia-portada.webp\" \/>\n\t<meta property=\"og:image:width\" content=\"1500\" \/>\n\t<meta property=\"og:image:height\" content=\"846\" \/>\n\t<meta property=\"og:image:type\" content=\"image\/jpeg\" \/>\n<meta name=\"twitter:card\" content=\"summary_large_image\" \/>\n<meta name=\"twitter:label1\" content=\"Tiempo de lectura\" \/>\n\t<meta name=\"twitter:data1\" content=\"1 minuto\" \/>\n<script type=\"application\/ld+json\" class=\"yoast-schema-graph\">{\"@context\":\"https:\\\/\\\/schema.org\",\"@graph\":[{\"@type\":\"WebPage\",\"@id\":\"https:\\\/\\\/taolis.com\\\/es\\\/las-vistas-yecla-in-murcia-spain\\\/\",\"url\":\"https:\\\/\\\/taolis.com\\\/es\\\/las-vistas-yecla-in-murcia-spain\\\/\",\"name\":\"Las Vistas Yecla - Altaona Resort. The Art of Living in Spain\",\"isPartOf\":{\"@id\":\"https:\\\/\\\/taolis.com\\\/es\\\/#website\"},\"primaryImageOfPage\":{\"@id\":\"https:\\\/\\\/taolis.com\\\/es\\\/las-vistas-yecla-in-murcia-spain\\\/#primaryimage\"},\"image\":{\"@id\":\"https:\\\/\\\/taolis.com\\\/es\\\/las-vistas-yecla-in-murcia-spain\\\/#primaryimage\"},\"thumbnailUrl\":\"https:\\\/\\\/taolis.com\\\/wp-content\\\/uploads\\\/2025\\\/08\\\/villas-altaona-yecla-murcia-portada.webp\",\"datePublished\":\"2025-02-11T17:32:25+00:00\",\"dateModified\":\"2026-02-27T10:12:03+00:00\",\"description\":\"Las Vistas Yecla: villas personalizadas rodeadas de vi\u00f1edos en Murcia, con lujo, eficiencia energ\u00e9tica y un estilo de vida mediterr\u00e1neo \u00fanico\",\"breadcrumb\":{\"@id\":\"https:\\\/\\\/taolis.com\\\/es\\\/las-vistas-yecla-in-murcia-spain\\\/#breadcrumb\"},\"inLanguage\":\"es\",\"potentialAction\":[{\"@type\":\"ReadAction\",\"target\":[\"https:\\\/\\\/taolis.com\\\/es\\\/las-vistas-yecla-in-murcia-spain\\\/\"]}]},{\"@type\":\"ImageObject\",\"inLanguage\":\"es\",\"@id\":\"https:\\\/\\\/taolis.com\\\/es\\\/las-vistas-yecla-in-murcia-spain\\\/#primaryimage\",\"url\":\"https:\\\/\\\/taolis.com\\\/wp-content\\\/uploads\\\/2025\\\/08\\\/villas-altaona-yecla-murcia-portada.webp\",\"contentUrl\":\"https:\\\/\\\/taolis.com\\\/wp-content\\\/uploads\\\/2025\\\/08\\\/villas-altaona-yecla-murcia-portada.webp\",\"width\":1500,\"height\":846},{\"@type\":\"BreadcrumbList\",\"@id\":\"https:\\\/\\\/taolis.com\\\/es\\\/las-vistas-yecla-in-murcia-spain\\\/#breadcrumb\",\"itemListElement\":[{\"@type\":\"ListItem\",\"position\":1,\"name\":\"Home\",\"item\":\"https:\\\/\\\/taolis.com\\\/es\\\/\"},{\"@type\":\"ListItem\",\"position\":2,\"name\":\"Las Vistas Yecla\"}]},{\"@type\":\"WebSite\",\"@id\":\"https:\\\/\\\/taolis.com\\\/es\\\/#website\",\"url\":\"https:\\\/\\\/taolis.com\\\/es\\\/\",\"name\":\"Altaona Resort. The Art of Living in Spain\",\"description\":\"Altaona Sports &amp; Wellness Resort. Villas y otras propiedades de obra nueva en Murcia.\",\"potentialAction\":[{\"@type\":\"SearchAction\",\"target\":{\"@type\":\"EntryPoint\",\"urlTemplate\":\"https:\\\/\\\/taolis.com\\\/es\\\/?s={search_term_string}\"},\"query-input\":{\"@type\":\"PropertyValueSpecification\",\"valueRequired\":true,\"valueName\":\"search_term_string\"}}],\"inLanguage\":\"es\"}]}<\/script>\n<!-- \/ Yoast SEO plugin. -->","yoast_head_json":{"title":"Las Vistas Yecla - Altaona Resort. The Art of Living in Spain","description":"Las Vistas Yecla: villas personalizadas rodeadas de vi\u00f1edos en Murcia, con lujo, eficiencia energ\u00e9tica y un estilo de vida mediterr\u00e1neo \u00fanico","robots":{"index":"index","follow":"follow","max-snippet":"max-snippet:-1","max-image-preview":"max-image-preview:large","max-video-preview":"max-video-preview:-1"},"canonical":"https:\/\/taolis.com\/es\/las-vistas-yecla-in-murcia-spain\/","og_locale":"es_ES","og_type":"article","og_title":"Las Vistas Yecla - Altaona Resort. The Art of Living in Spain","og_description":"Las Vistas Yecla: villas personalizadas rodeadas de vi\u00f1edos en Murcia, con lujo, eficiencia energ\u00e9tica y un estilo de vida mediterr\u00e1neo \u00fanico","og_url":"https:\/\/taolis.com\/es\/las-vistas-yecla-in-murcia-spain\/","og_site_name":"Altaona Resort. The Art of Living in Spain","article_modified_time":"2026-02-27T10:12:03+00:00","og_image":[{"width":1500,"height":846,"url":"https:\/\/taolis.com\/wp-content\/uploads\/2025\/08\/villas-altaona-yecla-murcia-portada.webp","type":"image\/jpeg"}],"twitter_card":"summary_large_image","twitter_misc":{"Tiempo de lectura":"1 minuto"},"schema":{"@context":"https:\/\/schema.org","@graph":[{"@type":"WebPage","@id":"https:\/\/taolis.com\/es\/las-vistas-yecla-in-murcia-spain\/","url":"https:\/\/taolis.com\/es\/las-vistas-yecla-in-murcia-spain\/","name":"Las Vistas Yecla - Altaona Resort. The Art of Living in Spain","isPartOf":{"@id":"https:\/\/taolis.com\/es\/#website"},"primaryImageOfPage":{"@id":"https:\/\/taolis.com\/es\/las-vistas-yecla-in-murcia-spain\/#primaryimage"},"image":{"@id":"https:\/\/taolis.com\/es\/las-vistas-yecla-in-murcia-spain\/#primaryimage"},"thumbnailUrl":"https:\/\/taolis.com\/wp-content\/uploads\/2025\/08\/villas-altaona-yecla-murcia-portada.webp","datePublished":"2025-02-11T17:32:25+00:00","dateModified":"2026-02-27T10:12:03+00:00","description":"Las Vistas Yecla: villas personalizadas rodeadas de vi\u00f1edos en Murcia, con lujo, eficiencia energ\u00e9tica y un estilo de vida mediterr\u00e1neo \u00fanico","breadcrumb":{"@id":"https:\/\/taolis.com\/es\/las-vistas-yecla-in-murcia-spain\/#breadcrumb"},"inLanguage":"es","potentialAction":[{"@type":"ReadAction","target":["https:\/\/taolis.com\/es\/las-vistas-yecla-in-murcia-spain\/"]}]},{"@type":"ImageObject","inLanguage":"es","@id":"https:\/\/taolis.com\/es\/las-vistas-yecla-in-murcia-spain\/#primaryimage","url":"https:\/\/taolis.com\/wp-content\/uploads\/2025\/08\/villas-altaona-yecla-murcia-portada.webp","contentUrl":"https:\/\/taolis.com\/wp-content\/uploads\/2025\/08\/villas-altaona-yecla-murcia-portada.webp","width":1500,"height":846},{"@type":"BreadcrumbList","@id":"https:\/\/taolis.com\/es\/las-vistas-yecla-in-murcia-spain\/#breadcrumb","itemListElement":[{"@type":"ListItem","position":1,"name":"Home","item":"https:\/\/taolis.com\/es\/"},{"@type":"ListItem","position":2,"name":"Las Vistas Yecla"}]},{"@type":"WebSite","@id":"https:\/\/taolis.com\/es\/#website","url":"https:\/\/taolis.com\/es\/","name":"Altaona Resort. The Art of Living in Spain","description":"Altaona Sports &amp; Wellness Resort. Villas y otras propiedades de obra nueva en Murcia.","potentialAction":[{"@type":"SearchAction","target":{"@type":"EntryPoint","urlTemplate":"https:\/\/taolis.com\/es\/?s={search_term_string}"},"query-input":{"@type":"PropertyValueSpecification","valueRequired":true,"valueName":"search_term_string"}}],"inLanguage":"es"}]}},"_links":{"self":[{"href":"https:\/\/taolis.com\/es\/wp-json\/wp\/v2\/pages\/5131","targetHints":{"allow":["GET"]}}],"collection":[{"href":"https:\/\/taolis.com\/es\/wp-json\/wp\/v2\/pages"}],"about":[{"href":"https:\/\/taolis.com\/es\/wp-json\/wp\/v2\/types\/page"}],"author":[{"embeddable":true,"href":"https:\/\/taolis.com\/es\/wp-json\/wp\/v2\/users\/2"}],"replies":[{"embeddable":true,"href":"https:\/\/taolis.com\/es\/wp-json\/wp\/v2\/comments?post=5131"}],"version-history":[{"count":1,"href":"https:\/\/taolis.com\/es\/wp-json\/wp\/v2\/pages\/5131\/revisions"}],"predecessor-version":[{"id":18968,"href":"https:\/\/taolis.com\/es\/wp-json\/wp\/v2\/pages\/5131\/revisions\/18968"}],"wp:featuredmedia":[{"embeddable":true,"href":"https:\/\/taolis.com\/es\/wp-json\/wp\/v2\/media\/10863"}],"wp:attachment":[{"href":"https:\/\/taolis.com\/es\/wp-json\/wp\/v2\/media?parent=5131"}],"curies":[{"name":"wp","href":"https:\/\/api.w.org\/{rel}","templated":true}]}}