{"id":5125,"date":"2025-02-11T17:44:46","date_gmt":"2025-02-11T16:44:46","guid":{"rendered":"https:\/\/taolis.com\/villa-santolinas-in-murcia-spain\/"},"modified":"2025-12-23T10:04:38","modified_gmt":"2025-12-23T09:04:38","slug":"villa-santolinas-in-murcia-spain","status":"publish","type":"page","link":"https:\/\/taolis.com\/es\/villa-santolinas-in-murcia-spain\/","title":{"rendered":"Villas Santolina"},"content":{"rendered":"<p>Descubre cinco hogares \u00fanicos y de lujo, reci\u00e9n construidos, en Murcia, sur de Espa\u00f1a, dise\u00f1ados con los m\u00e1s altos est\u00e1ndares de elegancia y funcionalidad.<\/p>\n<p>Ubicadas en una prestigiosa zona del resort Altaona, con impresionantes vistas frontales al campo de golf, estas viviendas ofrecen la combinaci\u00f3n perfecta de tranquilidad y belleza natural.<\/p>\n<p>Con dise\u00f1os minimalistas distribuidos en dos amplias plantas, cada hogar incluye un jard\u00edn privado, una gran piscina y orientaci\u00f3n sur para aprovechar al m\u00e1ximo la luz solar.<\/p>\n<p>Desde la acogedora Villa Horizon hasta la majestuosa Villa Olimpo, y opciones como Campo y Aqua, cada villa ofrece un lujo incomparable. Tambi\u00e9n est\u00e1 disponible un servicio personalizado para quienes buscan una casa completamente a medida.<\/p>\n<p>&nbsp;<\/p>\n","protected":false},"excerpt":{"rendered":"<p>Descubre cinco hogares \u00fanicos y de lujo, reci\u00e9n construidos, en Murcia, sur de Espa\u00f1a, dise\u00f1ados con los m\u00e1s altos est\u00e1ndares &hellip; <a href=\"https:\/\/taolis.com\/es\/villa-santolinas-in-murcia-spain\/\" class=\"more-link\">Continue reading <span class=\"screen-reader-text\">Villas Santolina<\/span><\/a><\/p>\n","protected":false},"author":2,"featured_media":10804,"parent":0,"menu_order":3,"comment_status":"closed","ping_status":"closed","template":"page-development.php","meta":{"_acf_changed":false,"footnotes":""},"class_list":["post-5125","page","type-page","status-publish","has-post-thumbnail","hentry"],"acf":[],"yoast_head":"<!-- This site is optimized with the Yoast SEO plugin v27.5 - https:\/\/yoast.com\/product\/yoast-seo-wordpress\/ -->\n<title>Villas Santolina - Altaona Resort. The Art of Living in Spain<\/title>\n<meta name=\"description\" content=\"Villas Santolina en Costa C\u00e1lida. Chalets y villas de lujo moderno de 3 a 6 dormitorios, piscina privada, eficiencia A+ y vistas exclusivas al golf en un resort seguro y natural.\" \/>\n<meta name=\"robots\" content=\"index, follow, max-snippet:-1, max-image-preview:large, max-video-preview:-1\" \/>\n<link rel=\"canonical\" href=\"https:\/\/taolis.com\/es\/villa-santolinas-in-murcia-spain\/\" \/>\n<meta property=\"og:locale\" content=\"es_ES\" \/>\n<meta property=\"og:type\" content=\"article\" \/>\n<meta property=\"og:title\" content=\"Villas Santolina - Altaona Resort. The Art of Living in Spain\" \/>\n<meta property=\"og:description\" content=\"Villas Santolina en Costa C\u00e1lida. Chalets y villas de lujo moderno de 3 a 6 dormitorios, piscina privada, eficiencia A+ y vistas exclusivas al golf en un resort seguro y natural.\" \/>\n<meta property=\"og:url\" content=\"https:\/\/taolis.com\/es\/villa-santolinas-in-murcia-spain\/\" \/>\n<meta property=\"og:site_name\" content=\"Altaona Resort. The Art of Living in Spain\" \/>\n<meta property=\"article:modified_time\" content=\"2025-12-23T09:04:38+00:00\" \/>\n<meta property=\"og:image\" content=\"https:\/\/taolis.com\/wp-content\/uploads\/2025\/02\/villas-santolina-aqua-altaona-murcia-portada-1.webp\" \/>\n\t<meta property=\"og:image:width\" content=\"1500\" \/>\n\t<meta property=\"og:image:height\" content=\"846\" \/>\n\t<meta property=\"og:image:type\" content=\"image\/jpeg\" \/>\n<meta name=\"twitter:card\" content=\"summary_large_image\" \/>\n<meta name=\"twitter:label1\" content=\"Tiempo de lectura\" \/>\n\t<meta name=\"twitter:data1\" content=\"1 minuto\" \/>\n<script type=\"application\/ld+json\" class=\"yoast-schema-graph\">{\"@context\":\"https:\\\/\\\/schema.org\",\"@graph\":[{\"@type\":\"WebPage\",\"@id\":\"https:\\\/\\\/taolis.com\\\/es\\\/villa-santolinas-in-murcia-spain\\\/\",\"url\":\"https:\\\/\\\/taolis.com\\\/es\\\/villa-santolinas-in-murcia-spain\\\/\",\"name\":\"Villas Santolina - Altaona Resort. The Art of Living in Spain\",\"isPartOf\":{\"@id\":\"https:\\\/\\\/taolis.com\\\/es\\\/#website\"},\"primaryImageOfPage\":{\"@id\":\"https:\\\/\\\/taolis.com\\\/es\\\/villa-santolinas-in-murcia-spain\\\/#primaryimage\"},\"image\":{\"@id\":\"https:\\\/\\\/taolis.com\\\/es\\\/villa-santolinas-in-murcia-spain\\\/#primaryimage\"},\"thumbnailUrl\":\"https:\\\/\\\/taolis.com\\\/wp-content\\\/uploads\\\/2025\\\/02\\\/villas-santolina-aqua-altaona-murcia-portada-1.webp\",\"datePublished\":\"2025-02-11T16:44:46+00:00\",\"dateModified\":\"2025-12-23T09:04:38+00:00\",\"description\":\"Villas Santolina en Costa C\u00e1lida. Chalets y villas de lujo moderno de 3 a 6 dormitorios, piscina privada, eficiencia A+ y vistas exclusivas al golf en un resort seguro y natural.\",\"breadcrumb\":{\"@id\":\"https:\\\/\\\/taolis.com\\\/es\\\/villa-santolinas-in-murcia-spain\\\/#breadcrumb\"},\"inLanguage\":\"es\",\"potentialAction\":[{\"@type\":\"ReadAction\",\"target\":[\"https:\\\/\\\/taolis.com\\\/es\\\/villa-santolinas-in-murcia-spain\\\/\"]}]},{\"@type\":\"ImageObject\",\"inLanguage\":\"es\",\"@id\":\"https:\\\/\\\/taolis.com\\\/es\\\/villa-santolinas-in-murcia-spain\\\/#primaryimage\",\"url\":\"https:\\\/\\\/taolis.com\\\/wp-content\\\/uploads\\\/2025\\\/02\\\/villas-santolina-aqua-altaona-murcia-portada-1.webp\",\"contentUrl\":\"https:\\\/\\\/taolis.com\\\/wp-content\\\/uploads\\\/2025\\\/02\\\/villas-santolina-aqua-altaona-murcia-portada-1.webp\",\"width\":1500,\"height\":846},{\"@type\":\"BreadcrumbList\",\"@id\":\"https:\\\/\\\/taolis.com\\\/es\\\/villa-santolinas-in-murcia-spain\\\/#breadcrumb\",\"itemListElement\":[{\"@type\":\"ListItem\",\"position\":1,\"name\":\"Home\",\"item\":\"https:\\\/\\\/taolis.com\\\/es\\\/\"},{\"@type\":\"ListItem\",\"position\":2,\"name\":\"Villas Santolina\"}]},{\"@type\":\"WebSite\",\"@id\":\"https:\\\/\\\/taolis.com\\\/es\\\/#website\",\"url\":\"https:\\\/\\\/taolis.com\\\/es\\\/\",\"name\":\"Altaona Resort. The Art of Living in Spain\",\"description\":\"Altaona Sports &amp; Wellness Resort. Villas y otras propiedades de obra nueva en Murcia.\",\"potentialAction\":[{\"@type\":\"SearchAction\",\"target\":{\"@type\":\"EntryPoint\",\"urlTemplate\":\"https:\\\/\\\/taolis.com\\\/es\\\/?s={search_term_string}\"},\"query-input\":{\"@type\":\"PropertyValueSpecification\",\"valueRequired\":true,\"valueName\":\"search_term_string\"}}],\"inLanguage\":\"es\"}]}<\/script>\n<!-- \/ Yoast SEO plugin. -->","yoast_head_json":{"title":"Villas Santolina - Altaona Resort. The Art of Living in Spain","description":"Villas Santolina en Costa C\u00e1lida. Chalets y villas de lujo moderno de 3 a 6 dormitorios, piscina privada, eficiencia A+ y vistas exclusivas al golf en un resort seguro y natural.","robots":{"index":"index","follow":"follow","max-snippet":"max-snippet:-1","max-image-preview":"max-image-preview:large","max-video-preview":"max-video-preview:-1"},"canonical":"https:\/\/taolis.com\/es\/villa-santolinas-in-murcia-spain\/","og_locale":"es_ES","og_type":"article","og_title":"Villas Santolina - Altaona Resort. The Art of Living in Spain","og_description":"Villas Santolina en Costa C\u00e1lida. Chalets y villas de lujo moderno de 3 a 6 dormitorios, piscina privada, eficiencia A+ y vistas exclusivas al golf en un resort seguro y natural.","og_url":"https:\/\/taolis.com\/es\/villa-santolinas-in-murcia-spain\/","og_site_name":"Altaona Resort. The Art of Living in Spain","article_modified_time":"2025-12-23T09:04:38+00:00","og_image":[{"width":1500,"height":846,"url":"https:\/\/taolis.com\/wp-content\/uploads\/2025\/02\/villas-santolina-aqua-altaona-murcia-portada-1.webp","type":"image\/jpeg"}],"twitter_card":"summary_large_image","twitter_misc":{"Tiempo de lectura":"1 minuto"},"schema":{"@context":"https:\/\/schema.org","@graph":[{"@type":"WebPage","@id":"https:\/\/taolis.com\/es\/villa-santolinas-in-murcia-spain\/","url":"https:\/\/taolis.com\/es\/villa-santolinas-in-murcia-spain\/","name":"Villas Santolina - Altaona Resort. The Art of Living in Spain","isPartOf":{"@id":"https:\/\/taolis.com\/es\/#website"},"primaryImageOfPage":{"@id":"https:\/\/taolis.com\/es\/villa-santolinas-in-murcia-spain\/#primaryimage"},"image":{"@id":"https:\/\/taolis.com\/es\/villa-santolinas-in-murcia-spain\/#primaryimage"},"thumbnailUrl":"https:\/\/taolis.com\/wp-content\/uploads\/2025\/02\/villas-santolina-aqua-altaona-murcia-portada-1.webp","datePublished":"2025-02-11T16:44:46+00:00","dateModified":"2025-12-23T09:04:38+00:00","description":"Villas Santolina en Costa C\u00e1lida. Chalets y villas de lujo moderno de 3 a 6 dormitorios, piscina privada, eficiencia A+ y vistas exclusivas al golf en un resort seguro y natural.","breadcrumb":{"@id":"https:\/\/taolis.com\/es\/villa-santolinas-in-murcia-spain\/#breadcrumb"},"inLanguage":"es","potentialAction":[{"@type":"ReadAction","target":["https:\/\/taolis.com\/es\/villa-santolinas-in-murcia-spain\/"]}]},{"@type":"ImageObject","inLanguage":"es","@id":"https:\/\/taolis.com\/es\/villa-santolinas-in-murcia-spain\/#primaryimage","url":"https:\/\/taolis.com\/wp-content\/uploads\/2025\/02\/villas-santolina-aqua-altaona-murcia-portada-1.webp","contentUrl":"https:\/\/taolis.com\/wp-content\/uploads\/2025\/02\/villas-santolina-aqua-altaona-murcia-portada-1.webp","width":1500,"height":846},{"@type":"BreadcrumbList","@id":"https:\/\/taolis.com\/es\/villa-santolinas-in-murcia-spain\/#breadcrumb","itemListElement":[{"@type":"ListItem","position":1,"name":"Home","item":"https:\/\/taolis.com\/es\/"},{"@type":"ListItem","position":2,"name":"Villas Santolina"}]},{"@type":"WebSite","@id":"https:\/\/taolis.com\/es\/#website","url":"https:\/\/taolis.com\/es\/","name":"Altaona Resort. The Art of Living in Spain","description":"Altaona Sports &amp; Wellness Resort. Villas y otras propiedades de obra nueva en Murcia.","potentialAction":[{"@type":"SearchAction","target":{"@type":"EntryPoint","urlTemplate":"https:\/\/taolis.com\/es\/?s={search_term_string}"},"query-input":{"@type":"PropertyValueSpecification","valueRequired":true,"valueName":"search_term_string"}}],"inLanguage":"es"}]}},"_links":{"self":[{"href":"https:\/\/taolis.com\/es\/wp-json\/wp\/v2\/pages\/5125","targetHints":{"allow":["GET"]}}],"collection":[{"href":"https:\/\/taolis.com\/es\/wp-json\/wp\/v2\/pages"}],"about":[{"href":"https:\/\/taolis.com\/es\/wp-json\/wp\/v2\/types\/page"}],"author":[{"embeddable":true,"href":"https:\/\/taolis.com\/es\/wp-json\/wp\/v2\/users\/2"}],"replies":[{"embeddable":true,"href":"https:\/\/taolis.com\/es\/wp-json\/wp\/v2\/comments?post=5125"}],"version-history":[{"count":0,"href":"https:\/\/taolis.com\/es\/wp-json\/wp\/v2\/pages\/5125\/revisions"}],"wp:featuredmedia":[{"embeddable":true,"href":"https:\/\/taolis.com\/es\/wp-json\/wp\/v2\/media\/10804"}],"wp:attachment":[{"href":"https:\/\/taolis.com\/es\/wp-json\/wp\/v2\/media?parent=5125"}],"curies":[{"name":"wp","href":"https:\/\/api.w.org\/{rel}","templated":true}]}}