{"id":5122,"date":"2025-01-27T15:34:52","date_gmt":"2025-01-27T14:34:52","guid":{"rendered":"https:\/\/taolis.com\/oasis-in-murcia-spain\/"},"modified":"2026-05-04T13:10:36","modified_gmt":"2026-05-04T11:10:36","slug":"oasis-in-murcia-spain","status":"publish","type":"page","link":"https:\/\/taolis.com\/es\/oasis-in-murcia-spain\/","title":{"rendered":"Oasis Altaona"},"content":{"rendered":"<p data-start=\"199\" data-end=\"486\">Oasis Altaona es una comunidad residencial privada de villas de lujo de nueva construcci\u00f3n en Espa\u00f1a, dise\u00f1ada en torno al bienestar, la longevidad y la calidad de vida. Desarrollada para quienes entienden que vivir bien no es un lujo, sino una elecci\u00f3n consciente a largo plazo.<\/p>\n<p data-start=\"488\" data-end=\"727\">Galardonado como Mejor Proyecto Sostenible de Espa\u00f1a en los International Property Awards 2024\u20132025, Oasis Altaona combina arquitectura mediterr\u00e1nea, sostenibilidad y confort contempor\u00e1neo en uno de los climas m\u00e1s saludables de Espa\u00f1a.<\/p>\n<p data-start=\"729\" data-end=\"976\">Ubicado en Costa C\u00e1lida, Murcia, Oasis Altaona consta de solo 73 villas privadas, cada una situada en una amplia parcela con jard\u00edn y piscina privada, dise\u00f1adas para fomentar la vida al aire libre, el movimiento natural y el equilibrio diario.<\/p>\n<p data-start=\"978\" data-end=\"1346\">Las viviendas se definen por la luz, el espacio y una fuerte conexi\u00f3n con la naturaleza, favoreciendo un mejor descanso, menos estr\u00e9s y un ritmo de vida m\u00e1s tranquilo. Vivir en Oasis Altaona significa formar parte del ecosistema de longevidad de Altaona, donde bienestar, paisaje y dise\u00f1o se unen para apoyar una mejor vida hoy y un valor sostenible a largo plazo.<\/p>\n<a href=\"#oasis-table-plots-esp\" class=\"button normal-button\">Parcelas disponibles y precios de Oasis<\/a>\n","protected":false},"excerpt":{"rendered":"<p>Oasis Altaona es una comunidad residencial privada de villas de lujo de nueva construcci\u00f3n en Espa\u00f1a, dise\u00f1ada en torno al&#8230;<\/p>\n","protected":false},"author":1,"featured_media":3473,"parent":0,"menu_order":2,"comment_status":"closed","ping_status":"closed","template":"page-development.php","meta":{"_acf_changed":false,"footnotes":""},"class_list":["post-5122","page","type-page","status-publish","has-post-thumbnail","hentry"],"acf":[],"yoast_head":"<!-- This site is optimized with the Yoast SEO plugin v27.5 - https:\/\/yoast.com\/product\/yoast-seo-wordpress\/ -->\n<title>Oasis Altaona - Altaona Resort. The Art of Living in Spain<\/title>\n<meta name=\"description\" content=\"Oasis en Murcia Altaona. Viviendas de lujo, sostenibles y de estilo Mediterr\u00e1neo, vivienda unifamiliar con jard\u00edn y piscina privada\" \/>\n<meta name=\"robots\" content=\"index, follow, max-snippet:-1, max-image-preview:large, max-video-preview:-1\" \/>\n<link rel=\"canonical\" href=\"https:\/\/taolis.com\/es\/oasis-in-murcia-spain\/\" \/>\n<meta property=\"og:locale\" content=\"es_ES\" \/>\n<meta property=\"og:type\" content=\"article\" \/>\n<meta property=\"og:title\" content=\"Oasis Altaona - Altaona Resort. The Art of Living in Spain\" \/>\n<meta property=\"og:description\" content=\"Oasis en Murcia Altaona. Viviendas de lujo, sostenibles y de estilo Mediterr\u00e1neo, vivienda unifamiliar con jard\u00edn y piscina privada\" \/>\n<meta property=\"og:url\" content=\"https:\/\/taolis.com\/es\/oasis-in-murcia-spain\/\" \/>\n<meta property=\"og:site_name\" content=\"Altaona Resort. The Art of Living in Spain\" \/>\n<meta property=\"article:modified_time\" content=\"2026-05-04T11:10:36+00:00\" \/>\n<meta property=\"og:image\" content=\"https:\/\/taolis.com\/wp-content\/uploads\/2025\/03\/Oasis-Altaona-Villas-Murcia-scaled.webp\" \/>\n\t<meta property=\"og:image:width\" content=\"2560\" \/>\n\t<meta property=\"og:image:height\" content=\"1440\" \/>\n\t<meta property=\"og:image:type\" content=\"image\/jpeg\" \/>\n<meta name=\"twitter:card\" content=\"summary_large_image\" \/>\n<meta name=\"twitter:label1\" content=\"Tiempo de lectura\" \/>\n\t<meta name=\"twitter:data1\" content=\"2 minuto\" \/>\n<script type=\"application\/ld+json\" class=\"yoast-schema-graph\">{\"@context\":\"https:\\\/\\\/schema.org\",\"@graph\":[{\"@type\":\"WebPage\",\"@id\":\"https:\\\/\\\/taolis.com\\\/es\\\/oasis-in-murcia-spain\\\/\",\"url\":\"https:\\\/\\\/taolis.com\\\/es\\\/oasis-in-murcia-spain\\\/\",\"name\":\"Oasis Altaona - Altaona Resort. The Art of Living in Spain\",\"isPartOf\":{\"@id\":\"https:\\\/\\\/taolis.com\\\/es\\\/#website\"},\"primaryImageOfPage\":{\"@id\":\"https:\\\/\\\/taolis.com\\\/es\\\/oasis-in-murcia-spain\\\/#primaryimage\"},\"image\":{\"@id\":\"https:\\\/\\\/taolis.com\\\/es\\\/oasis-in-murcia-spain\\\/#primaryimage\"},\"thumbnailUrl\":\"https:\\\/\\\/taolis.com\\\/wp-content\\\/uploads\\\/2025\\\/03\\\/Oasis-Altaona-Villas-Murcia-scaled.webp\",\"datePublished\":\"2025-01-27T14:34:52+00:00\",\"dateModified\":\"2026-05-04T11:10:36+00:00\",\"description\":\"Oasis en Murcia Altaona. Viviendas de lujo, sostenibles y de estilo Mediterr\u00e1neo, vivienda unifamiliar con jard\u00edn y piscina privada\",\"breadcrumb\":{\"@id\":\"https:\\\/\\\/taolis.com\\\/es\\\/oasis-in-murcia-spain\\\/#breadcrumb\"},\"inLanguage\":\"es\",\"potentialAction\":[{\"@type\":\"ReadAction\",\"target\":[\"https:\\\/\\\/taolis.com\\\/es\\\/oasis-in-murcia-spain\\\/\"]}]},{\"@type\":\"ImageObject\",\"inLanguage\":\"es\",\"@id\":\"https:\\\/\\\/taolis.com\\\/es\\\/oasis-in-murcia-spain\\\/#primaryimage\",\"url\":\"https:\\\/\\\/taolis.com\\\/wp-content\\\/uploads\\\/2025\\\/03\\\/Oasis-Altaona-Villas-Murcia-scaled.webp\",\"contentUrl\":\"https:\\\/\\\/taolis.com\\\/wp-content\\\/uploads\\\/2025\\\/03\\\/Oasis-Altaona-Villas-Murcia-scaled.webp\",\"width\":2560,\"height\":1440},{\"@type\":\"BreadcrumbList\",\"@id\":\"https:\\\/\\\/taolis.com\\\/es\\\/oasis-in-murcia-spain\\\/#breadcrumb\",\"itemListElement\":[{\"@type\":\"ListItem\",\"position\":1,\"name\":\"Home\",\"item\":\"https:\\\/\\\/taolis.com\\\/es\\\/\"},{\"@type\":\"ListItem\",\"position\":2,\"name\":\"Oasis Altaona\"}]},{\"@type\":\"WebSite\",\"@id\":\"https:\\\/\\\/taolis.com\\\/es\\\/#website\",\"url\":\"https:\\\/\\\/taolis.com\\\/es\\\/\",\"name\":\"Altaona Resort. The Art of Living in Spain\",\"description\":\"Altaona Sports &amp; Wellness Resort. Villas y otras propiedades de obra nueva en Murcia.\",\"potentialAction\":[{\"@type\":\"SearchAction\",\"target\":{\"@type\":\"EntryPoint\",\"urlTemplate\":\"https:\\\/\\\/taolis.com\\\/es\\\/?s={search_term_string}\"},\"query-input\":{\"@type\":\"PropertyValueSpecification\",\"valueRequired\":true,\"valueName\":\"search_term_string\"}}],\"inLanguage\":\"es\"}]}<\/script>\n<!-- \/ Yoast SEO plugin. -->","yoast_head_json":{"title":"Oasis Altaona - Altaona Resort. The Art of Living in Spain","description":"Oasis en Murcia Altaona. Viviendas de lujo, sostenibles y de estilo Mediterr\u00e1neo, vivienda unifamiliar con jard\u00edn y piscina privada","robots":{"index":"index","follow":"follow","max-snippet":"max-snippet:-1","max-image-preview":"max-image-preview:large","max-video-preview":"max-video-preview:-1"},"canonical":"https:\/\/taolis.com\/es\/oasis-in-murcia-spain\/","og_locale":"es_ES","og_type":"article","og_title":"Oasis Altaona - Altaona Resort. The Art of Living in Spain","og_description":"Oasis en Murcia Altaona. Viviendas de lujo, sostenibles y de estilo Mediterr\u00e1neo, vivienda unifamiliar con jard\u00edn y piscina privada","og_url":"https:\/\/taolis.com\/es\/oasis-in-murcia-spain\/","og_site_name":"Altaona Resort. The Art of Living in Spain","article_modified_time":"2026-05-04T11:10:36+00:00","og_image":[{"width":2560,"height":1440,"url":"https:\/\/taolis.com\/wp-content\/uploads\/2025\/03\/Oasis-Altaona-Villas-Murcia-scaled.webp","type":"image\/jpeg"}],"twitter_card":"summary_large_image","twitter_misc":{"Tiempo de lectura":"2 minuto"},"schema":{"@context":"https:\/\/schema.org","@graph":[{"@type":"WebPage","@id":"https:\/\/taolis.com\/es\/oasis-in-murcia-spain\/","url":"https:\/\/taolis.com\/es\/oasis-in-murcia-spain\/","name":"Oasis Altaona - Altaona Resort. The Art of Living in Spain","isPartOf":{"@id":"https:\/\/taolis.com\/es\/#website"},"primaryImageOfPage":{"@id":"https:\/\/taolis.com\/es\/oasis-in-murcia-spain\/#primaryimage"},"image":{"@id":"https:\/\/taolis.com\/es\/oasis-in-murcia-spain\/#primaryimage"},"thumbnailUrl":"https:\/\/taolis.com\/wp-content\/uploads\/2025\/03\/Oasis-Altaona-Villas-Murcia-scaled.webp","datePublished":"2025-01-27T14:34:52+00:00","dateModified":"2026-05-04T11:10:36+00:00","description":"Oasis en Murcia Altaona. Viviendas de lujo, sostenibles y de estilo Mediterr\u00e1neo, vivienda unifamiliar con jard\u00edn y piscina privada","breadcrumb":{"@id":"https:\/\/taolis.com\/es\/oasis-in-murcia-spain\/#breadcrumb"},"inLanguage":"es","potentialAction":[{"@type":"ReadAction","target":["https:\/\/taolis.com\/es\/oasis-in-murcia-spain\/"]}]},{"@type":"ImageObject","inLanguage":"es","@id":"https:\/\/taolis.com\/es\/oasis-in-murcia-spain\/#primaryimage","url":"https:\/\/taolis.com\/wp-content\/uploads\/2025\/03\/Oasis-Altaona-Villas-Murcia-scaled.webp","contentUrl":"https:\/\/taolis.com\/wp-content\/uploads\/2025\/03\/Oasis-Altaona-Villas-Murcia-scaled.webp","width":2560,"height":1440},{"@type":"BreadcrumbList","@id":"https:\/\/taolis.com\/es\/oasis-in-murcia-spain\/#breadcrumb","itemListElement":[{"@type":"ListItem","position":1,"name":"Home","item":"https:\/\/taolis.com\/es\/"},{"@type":"ListItem","position":2,"name":"Oasis Altaona"}]},{"@type":"WebSite","@id":"https:\/\/taolis.com\/es\/#website","url":"https:\/\/taolis.com\/es\/","name":"Altaona Resort. The Art of Living in Spain","description":"Altaona Sports &amp; Wellness Resort. Villas y otras propiedades de obra nueva en Murcia.","potentialAction":[{"@type":"SearchAction","target":{"@type":"EntryPoint","urlTemplate":"https:\/\/taolis.com\/es\/?s={search_term_string}"},"query-input":{"@type":"PropertyValueSpecification","valueRequired":true,"valueName":"search_term_string"}}],"inLanguage":"es"}]}},"_links":{"self":[{"href":"https:\/\/taolis.com\/es\/wp-json\/wp\/v2\/pages\/5122","targetHints":{"allow":["GET"]}}],"collection":[{"href":"https:\/\/taolis.com\/es\/wp-json\/wp\/v2\/pages"}],"about":[{"href":"https:\/\/taolis.com\/es\/wp-json\/wp\/v2\/types\/page"}],"author":[{"embeddable":true,"href":"https:\/\/taolis.com\/es\/wp-json\/wp\/v2\/users\/1"}],"replies":[{"embeddable":true,"href":"https:\/\/taolis.com\/es\/wp-json\/wp\/v2\/comments?post=5122"}],"version-history":[{"count":20,"href":"https:\/\/taolis.com\/es\/wp-json\/wp\/v2\/pages\/5122\/revisions"}],"predecessor-version":[{"id":21122,"href":"https:\/\/taolis.com\/es\/wp-json\/wp\/v2\/pages\/5122\/revisions\/21122"}],"wp:featuredmedia":[{"embeddable":true,"href":"https:\/\/taolis.com\/es\/wp-json\/wp\/v2\/media\/3473"}],"wp:attachment":[{"href":"https:\/\/taolis.com\/es\/wp-json\/wp\/v2\/media?parent=5122"}],"curies":[{"name":"wp","href":"https:\/\/api.w.org\/{rel}","templated":true}]}}