{"id":5120,"date":"2025-02-11T17:55:35","date_gmt":"2025-02-11T16:55:35","guid":{"rendered":"https:\/\/taolis.com\/las-vistas-altaona-in-murcia-spain\/"},"modified":"2026-04-09T11:49:38","modified_gmt":"2026-04-09T09:49:38","slug":"las-vistas-altaona-in-murcia-spain","status":"publish","type":"page","link":"https:\/\/taolis.com\/es\/las-vistas-altaona-in-murcia-spain\/","title":{"rendered":"Las Vistas Altaona"},"content":{"rendered":"<p data-start=\"144\" data-end=\"487\">Las Vistas Altaona es una comunidad residencial de lujo de villas privadas situada al pie de las monta\u00f1as, en el coraz\u00f3n de Murcia, Espa\u00f1a. Aqu\u00ed, el espacio, la privacidad y la naturaleza definen la vida cotidiana, creando un entorno tranquilo que favorece un ritmo de vida m\u00e1s pausado y una forma de vivir m\u00e1s equilibrada y saludable.<\/p>\n<p data-start=\"489\" data-end=\"717\">Como parte de la visi\u00f3n de estilo de vida de Altaona, Las Vistas Altaona combina arquitectura contempor\u00e1nea, paisajes abiertos y una planificaci\u00f3n cuidada para ofrecer confort, bienestar y una alta calidad de vida a largo plazo.<\/p>\n<p data-start=\"719\" data-end=\"1209\">El desarrollo consta de 85 villas independientes con jardines privados y piscinas, cada una ubicada en amplias parcelas y orientada para maximizar la luz natural. Las viviendas est\u00e1n dise\u00f1adas con m\u00e1ximo aislamiento ac\u00fastico y t\u00e9rmico, mientras que las orientaciones sur y las vistas abiertas mejoran la ventilaci\u00f3n, el confort interior y la conexi\u00f3n entre los espacios interiores y exteriores, fomentando la vida al aire libre, el movimiento diario y el contacto con la naturaleza.<\/p>\n<a href=\"#lasvistas-table-plots-esp\" class=\"button normal-button\">Parcelas disponibles y precios de Las Vistas <\/a>\n","protected":false},"excerpt":{"rendered":"<p>Las Vistas Altaona es una comunidad residencial de lujo de villas privadas situada al pie de las monta\u00f1as, en el &hellip; <a href=\"https:\/\/taolis.com\/es\/las-vistas-altaona-in-murcia-spain\/\" class=\"more-link\">Continue reading <span class=\"screen-reader-text\">Las Vistas Altaona<\/span><\/a><\/p>\n","protected":false},"author":2,"featured_media":3109,"parent":0,"menu_order":1,"comment_status":"closed","ping_status":"closed","template":"page-development.php","meta":{"_acf_changed":false,"footnotes":""},"class_list":["post-5120","page","type-page","status-publish","has-post-thumbnail","hentry"],"acf":[],"yoast_head":"<!-- This site is optimized with the Yoast SEO plugin v27.4 - https:\/\/yoast.com\/product\/yoast-seo-wordpress\/ -->\n<title>Las Vistas Altaona - Altaona Resort. The Art of Living in Spain<\/title>\n<meta name=\"description\" content=\"Las Vistas Altaona en Murcia: villas modernas con vistas, golf y naturaleza. Una oportunidad exclusiva para vivir o invertir en la Costa C\u00e1lida.\" \/>\n<meta name=\"robots\" content=\"index, follow, max-snippet:-1, max-image-preview:large, max-video-preview:-1\" \/>\n<link rel=\"canonical\" href=\"https:\/\/taolis.com\/es\/las-vistas-altaona-in-murcia-spain\/\" \/>\n<meta property=\"og:locale\" content=\"es_ES\" \/>\n<meta property=\"og:type\" content=\"article\" \/>\n<meta property=\"og:title\" content=\"Las Vistas Altaona - Altaona Resort. The Art of Living in Spain\" \/>\n<meta property=\"og:description\" content=\"Las Vistas Altaona en Murcia: villas modernas con vistas, golf y naturaleza. Una oportunidad exclusiva para vivir o invertir en la Costa C\u00e1lida.\" \/>\n<meta property=\"og:url\" content=\"https:\/\/taolis.com\/es\/las-vistas-altaona-in-murcia-spain\/\" \/>\n<meta property=\"og:site_name\" content=\"Altaona Resort. The Art of Living in Spain\" \/>\n<meta property=\"article:modified_time\" content=\"2026-04-09T09:49:38+00:00\" \/>\n<meta property=\"og:image\" content=\"https:\/\/taolis.com\/wp-content\/uploads\/2025\/02\/RszoV4UlIFk6R7X1w4i1aFjTSJ0yxvCy.webp\" \/>\n\t<meta property=\"og:image:width\" content=\"1500\" \/>\n\t<meta property=\"og:image:height\" content=\"844\" \/>\n\t<meta property=\"og:image:type\" content=\"image\/jpeg\" \/>\n<meta name=\"twitter:card\" content=\"summary_large_image\" \/>\n<meta name=\"twitter:label1\" content=\"Tiempo de lectura\" \/>\n\t<meta name=\"twitter:data1\" content=\"1 minuto\" \/>\n<script type=\"application\/ld+json\" class=\"yoast-schema-graph\">{\"@context\":\"https:\\\/\\\/schema.org\",\"@graph\":[{\"@type\":\"WebPage\",\"@id\":\"https:\\\/\\\/taolis.com\\\/es\\\/las-vistas-altaona-in-murcia-spain\\\/\",\"url\":\"https:\\\/\\\/taolis.com\\\/es\\\/las-vistas-altaona-in-murcia-spain\\\/\",\"name\":\"Las Vistas Altaona - Altaona Resort. The Art of Living in Spain\",\"isPartOf\":{\"@id\":\"https:\\\/\\\/taolis.com\\\/es\\\/#website\"},\"primaryImageOfPage\":{\"@id\":\"https:\\\/\\\/taolis.com\\\/es\\\/las-vistas-altaona-in-murcia-spain\\\/#primaryimage\"},\"image\":{\"@id\":\"https:\\\/\\\/taolis.com\\\/es\\\/las-vistas-altaona-in-murcia-spain\\\/#primaryimage\"},\"thumbnailUrl\":\"https:\\\/\\\/taolis.com\\\/wp-content\\\/uploads\\\/2025\\\/02\\\/RszoV4UlIFk6R7X1w4i1aFjTSJ0yxvCy.webp\",\"datePublished\":\"2025-02-11T16:55:35+00:00\",\"dateModified\":\"2026-04-09T09:49:38+00:00\",\"description\":\"Las Vistas Altaona en Murcia: villas modernas con vistas, golf y naturaleza. Una oportunidad exclusiva para vivir o invertir en la Costa C\u00e1lida.\",\"breadcrumb\":{\"@id\":\"https:\\\/\\\/taolis.com\\\/es\\\/las-vistas-altaona-in-murcia-spain\\\/#breadcrumb\"},\"inLanguage\":\"es\",\"potentialAction\":[{\"@type\":\"ReadAction\",\"target\":[\"https:\\\/\\\/taolis.com\\\/es\\\/las-vistas-altaona-in-murcia-spain\\\/\"]}]},{\"@type\":\"ImageObject\",\"inLanguage\":\"es\",\"@id\":\"https:\\\/\\\/taolis.com\\\/es\\\/las-vistas-altaona-in-murcia-spain\\\/#primaryimage\",\"url\":\"https:\\\/\\\/taolis.com\\\/wp-content\\\/uploads\\\/2025\\\/02\\\/RszoV4UlIFk6R7X1w4i1aFjTSJ0yxvCy.webp\",\"contentUrl\":\"https:\\\/\\\/taolis.com\\\/wp-content\\\/uploads\\\/2025\\\/02\\\/RszoV4UlIFk6R7X1w4i1aFjTSJ0yxvCy.webp\",\"width\":1500,\"height\":844,\"caption\":\"villa de lujo en altaona sports & wellness resort\"},{\"@type\":\"BreadcrumbList\",\"@id\":\"https:\\\/\\\/taolis.com\\\/es\\\/las-vistas-altaona-in-murcia-spain\\\/#breadcrumb\",\"itemListElement\":[{\"@type\":\"ListItem\",\"position\":1,\"name\":\"Home\",\"item\":\"https:\\\/\\\/taolis.com\\\/es\\\/\"},{\"@type\":\"ListItem\",\"position\":2,\"name\":\"Las Vistas Altaona\"}]},{\"@type\":\"WebSite\",\"@id\":\"https:\\\/\\\/taolis.com\\\/es\\\/#website\",\"url\":\"https:\\\/\\\/taolis.com\\\/es\\\/\",\"name\":\"Altaona Resort. The Art of Living in Spain\",\"description\":\"Altaona Sports &amp; Wellness Resort. Villas y otras propiedades de obra nueva en Murcia.\",\"potentialAction\":[{\"@type\":\"SearchAction\",\"target\":{\"@type\":\"EntryPoint\",\"urlTemplate\":\"https:\\\/\\\/taolis.com\\\/es\\\/?s={search_term_string}\"},\"query-input\":{\"@type\":\"PropertyValueSpecification\",\"valueRequired\":true,\"valueName\":\"search_term_string\"}}],\"inLanguage\":\"es\"}]}<\/script>\n<!-- \/ Yoast SEO plugin. -->","yoast_head_json":{"title":"Las Vistas Altaona - Altaona Resort. The Art of Living in Spain","description":"Las Vistas Altaona en Murcia: villas modernas con vistas, golf y naturaleza. Una oportunidad exclusiva para vivir o invertir en la Costa C\u00e1lida.","robots":{"index":"index","follow":"follow","max-snippet":"max-snippet:-1","max-image-preview":"max-image-preview:large","max-video-preview":"max-video-preview:-1"},"canonical":"https:\/\/taolis.com\/es\/las-vistas-altaona-in-murcia-spain\/","og_locale":"es_ES","og_type":"article","og_title":"Las Vistas Altaona - Altaona Resort. The Art of Living in Spain","og_description":"Las Vistas Altaona en Murcia: villas modernas con vistas, golf y naturaleza. Una oportunidad exclusiva para vivir o invertir en la Costa C\u00e1lida.","og_url":"https:\/\/taolis.com\/es\/las-vistas-altaona-in-murcia-spain\/","og_site_name":"Altaona Resort. The Art of Living in Spain","article_modified_time":"2026-04-09T09:49:38+00:00","og_image":[{"width":1500,"height":844,"url":"https:\/\/taolis.com\/wp-content\/uploads\/2025\/02\/RszoV4UlIFk6R7X1w4i1aFjTSJ0yxvCy.webp","type":"image\/jpeg"}],"twitter_card":"summary_large_image","twitter_misc":{"Tiempo de lectura":"1 minuto"},"schema":{"@context":"https:\/\/schema.org","@graph":[{"@type":"WebPage","@id":"https:\/\/taolis.com\/es\/las-vistas-altaona-in-murcia-spain\/","url":"https:\/\/taolis.com\/es\/las-vistas-altaona-in-murcia-spain\/","name":"Las Vistas Altaona - Altaona Resort. The Art of Living in Spain","isPartOf":{"@id":"https:\/\/taolis.com\/es\/#website"},"primaryImageOfPage":{"@id":"https:\/\/taolis.com\/es\/las-vistas-altaona-in-murcia-spain\/#primaryimage"},"image":{"@id":"https:\/\/taolis.com\/es\/las-vistas-altaona-in-murcia-spain\/#primaryimage"},"thumbnailUrl":"https:\/\/taolis.com\/wp-content\/uploads\/2025\/02\/RszoV4UlIFk6R7X1w4i1aFjTSJ0yxvCy.webp","datePublished":"2025-02-11T16:55:35+00:00","dateModified":"2026-04-09T09:49:38+00:00","description":"Las Vistas Altaona en Murcia: villas modernas con vistas, golf y naturaleza. Una oportunidad exclusiva para vivir o invertir en la Costa C\u00e1lida.","breadcrumb":{"@id":"https:\/\/taolis.com\/es\/las-vistas-altaona-in-murcia-spain\/#breadcrumb"},"inLanguage":"es","potentialAction":[{"@type":"ReadAction","target":["https:\/\/taolis.com\/es\/las-vistas-altaona-in-murcia-spain\/"]}]},{"@type":"ImageObject","inLanguage":"es","@id":"https:\/\/taolis.com\/es\/las-vistas-altaona-in-murcia-spain\/#primaryimage","url":"https:\/\/taolis.com\/wp-content\/uploads\/2025\/02\/RszoV4UlIFk6R7X1w4i1aFjTSJ0yxvCy.webp","contentUrl":"https:\/\/taolis.com\/wp-content\/uploads\/2025\/02\/RszoV4UlIFk6R7X1w4i1aFjTSJ0yxvCy.webp","width":1500,"height":844,"caption":"villa de lujo en altaona sports & wellness resort"},{"@type":"BreadcrumbList","@id":"https:\/\/taolis.com\/es\/las-vistas-altaona-in-murcia-spain\/#breadcrumb","itemListElement":[{"@type":"ListItem","position":1,"name":"Home","item":"https:\/\/taolis.com\/es\/"},{"@type":"ListItem","position":2,"name":"Las Vistas Altaona"}]},{"@type":"WebSite","@id":"https:\/\/taolis.com\/es\/#website","url":"https:\/\/taolis.com\/es\/","name":"Altaona Resort. The Art of Living in Spain","description":"Altaona Sports &amp; Wellness Resort. Villas y otras propiedades de obra nueva en Murcia.","potentialAction":[{"@type":"SearchAction","target":{"@type":"EntryPoint","urlTemplate":"https:\/\/taolis.com\/es\/?s={search_term_string}"},"query-input":{"@type":"PropertyValueSpecification","valueRequired":true,"valueName":"search_term_string"}}],"inLanguage":"es"}]}},"_links":{"self":[{"href":"https:\/\/taolis.com\/es\/wp-json\/wp\/v2\/pages\/5120","targetHints":{"allow":["GET"]}}],"collection":[{"href":"https:\/\/taolis.com\/es\/wp-json\/wp\/v2\/pages"}],"about":[{"href":"https:\/\/taolis.com\/es\/wp-json\/wp\/v2\/types\/page"}],"author":[{"embeddable":true,"href":"https:\/\/taolis.com\/es\/wp-json\/wp\/v2\/users\/2"}],"replies":[{"embeddable":true,"href":"https:\/\/taolis.com\/es\/wp-json\/wp\/v2\/comments?post=5120"}],"version-history":[{"count":8,"href":"https:\/\/taolis.com\/es\/wp-json\/wp\/v2\/pages\/5120\/revisions"}],"predecessor-version":[{"id":20419,"href":"https:\/\/taolis.com\/es\/wp-json\/wp\/v2\/pages\/5120\/revisions\/20419"}],"wp:featuredmedia":[{"embeddable":true,"href":"https:\/\/taolis.com\/es\/wp-json\/wp\/v2\/media\/3109"}],"wp:attachment":[{"href":"https:\/\/taolis.com\/es\/wp-json\/wp\/v2\/media?parent=5120"}],"curies":[{"name":"wp","href":"https:\/\/api.w.org\/{rel}","templated":true}]}}