{"id":18279,"date":"2026-02-10T08:53:40","date_gmt":"2026-02-10T07:53:40","guid":{"rendered":"https:\/\/taolis.com\/?page_id=18279"},"modified":"2026-03-17T16:13:55","modified_gmt":"2026-03-17T15:13:55","slug":"villa-urbanizacion-privada-segura-espana","status":"publish","type":"page","link":"https:\/\/taolis.com\/es\/villa-urbanizacion-privada-segura-espana\/","title":{"rendered":"Tu villa en una urbanizaci\u00f3n privada y segura en Espa\u00f1a"},"content":{"rendered":"","protected":false},"excerpt":{"rendered":"","protected":false},"author":8,"featured_media":0,"parent":0,"menu_order":0,"comment_status":"closed","ping_status":"closed","template":"","meta":{"_acf_changed":false,"footnotes":""},"class_list":["post-18279","page","type-page","status-publish","hentry"],"acf":[],"yoast_head":"<!-- This site is optimized with the Yoast SEO plugin v27.4 - https:\/\/yoast.com\/product\/yoast-seo-wordpress\/ -->\n<title>Comprar villa de lujo en una urbanizaci\u00f3n segura en Espa\u00f1a<\/title>\n<meta name=\"description\" content=\"Compra una villa en Espa\u00f1a dentro de una urbanizaci\u00f3n segura y tranquila. M\u00e1s privacidad, mejor entorno y viviendas listas para disfrutar. Consulta disponibilidad.\" \/>\n<meta name=\"robots\" content=\"index, follow, max-snippet:-1, max-image-preview:large, max-video-preview:-1\" \/>\n<link rel=\"canonical\" href=\"https:\/\/taolis.com\/es\/villa-urbanizacion-privada-segura-espana\/\" \/>\n<meta property=\"og:locale\" content=\"es_ES\" \/>\n<meta property=\"og:type\" content=\"article\" \/>\n<meta property=\"og:title\" content=\"Comprar villa de lujo en una urbanizaci\u00f3n segura en Espa\u00f1a\" \/>\n<meta property=\"og:description\" content=\"Compra una villa en Espa\u00f1a dentro de una urbanizaci\u00f3n segura y tranquila. M\u00e1s privacidad, mejor entorno y viviendas listas para disfrutar. Consulta disponibilidad.\" \/>\n<meta property=\"og:url\" content=\"https:\/\/taolis.com\/es\/villa-urbanizacion-privada-segura-espana\/\" \/>\n<meta property=\"og:site_name\" content=\"Altaona Resort. The Art of Living in Spain\" \/>\n<meta property=\"article:modified_time\" content=\"2026-03-17T15:13:55+00:00\" \/>\n<meta name=\"twitter:card\" content=\"summary_large_image\" \/>\n<script type=\"application\/ld+json\" class=\"yoast-schema-graph\">{\"@context\":\"https:\\\/\\\/schema.org\",\"@graph\":[{\"@type\":\"WebPage\",\"@id\":\"https:\\\/\\\/taolis.com\\\/es\\\/villa-urbanizacion-privada-segura-espana\\\/\",\"url\":\"https:\\\/\\\/taolis.com\\\/es\\\/villa-urbanizacion-privada-segura-espana\\\/\",\"name\":\"Comprar villa de lujo en una urbanizaci\u00f3n segura en Espa\u00f1a\",\"isPartOf\":{\"@id\":\"https:\\\/\\\/taolis.com\\\/es\\\/#website\"},\"datePublished\":\"2026-02-10T07:53:40+00:00\",\"dateModified\":\"2026-03-17T15:13:55+00:00\",\"description\":\"Compra una villa en Espa\u00f1a dentro de una urbanizaci\u00f3n segura y tranquila. M\u00e1s privacidad, mejor entorno y viviendas listas para disfrutar. Consulta disponibilidad.\",\"breadcrumb\":{\"@id\":\"https:\\\/\\\/taolis.com\\\/es\\\/villa-urbanizacion-privada-segura-espana\\\/#breadcrumb\"},\"inLanguage\":\"es\",\"potentialAction\":[{\"@type\":\"ReadAction\",\"target\":[\"https:\\\/\\\/taolis.com\\\/es\\\/villa-urbanizacion-privada-segura-espana\\\/\"]}]},{\"@type\":\"BreadcrumbList\",\"@id\":\"https:\\\/\\\/taolis.com\\\/es\\\/villa-urbanizacion-privada-segura-espana\\\/#breadcrumb\",\"itemListElement\":[{\"@type\":\"ListItem\",\"position\":1,\"name\":\"Home\",\"item\":\"https:\\\/\\\/taolis.com\\\/es\\\/\"},{\"@type\":\"ListItem\",\"position\":2,\"name\":\"Tu villa en una urbanizaci\u00f3n privada y segura en Espa\u00f1a\"}]},{\"@type\":\"WebSite\",\"@id\":\"https:\\\/\\\/taolis.com\\\/es\\\/#website\",\"url\":\"https:\\\/\\\/taolis.com\\\/es\\\/\",\"name\":\"Altaona Resort. The Art of Living in Spain\",\"description\":\"Altaona Sports &amp; Wellness Resort. Villas y otras propiedades de obra nueva en Murcia.\",\"potentialAction\":[{\"@type\":\"SearchAction\",\"target\":{\"@type\":\"EntryPoint\",\"urlTemplate\":\"https:\\\/\\\/taolis.com\\\/es\\\/?s={search_term_string}\"},\"query-input\":{\"@type\":\"PropertyValueSpecification\",\"valueRequired\":true,\"valueName\":\"search_term_string\"}}],\"inLanguage\":\"es\"}]}<\/script>\n<!-- \/ Yoast SEO plugin. -->","yoast_head_json":{"title":"Comprar villa de lujo en una urbanizaci\u00f3n segura en Espa\u00f1a","description":"Compra una villa en Espa\u00f1a dentro de una urbanizaci\u00f3n segura y tranquila. M\u00e1s privacidad, mejor entorno y viviendas listas para disfrutar. Consulta disponibilidad.","robots":{"index":"index","follow":"follow","max-snippet":"max-snippet:-1","max-image-preview":"max-image-preview:large","max-video-preview":"max-video-preview:-1"},"canonical":"https:\/\/taolis.com\/es\/villa-urbanizacion-privada-segura-espana\/","og_locale":"es_ES","og_type":"article","og_title":"Comprar villa de lujo en una urbanizaci\u00f3n segura en Espa\u00f1a","og_description":"Compra una villa en Espa\u00f1a dentro de una urbanizaci\u00f3n segura y tranquila. M\u00e1s privacidad, mejor entorno y viviendas listas para disfrutar. Consulta disponibilidad.","og_url":"https:\/\/taolis.com\/es\/villa-urbanizacion-privada-segura-espana\/","og_site_name":"Altaona Resort. The Art of Living in Spain","article_modified_time":"2026-03-17T15:13:55+00:00","twitter_card":"summary_large_image","schema":{"@context":"https:\/\/schema.org","@graph":[{"@type":"WebPage","@id":"https:\/\/taolis.com\/es\/villa-urbanizacion-privada-segura-espana\/","url":"https:\/\/taolis.com\/es\/villa-urbanizacion-privada-segura-espana\/","name":"Comprar villa de lujo en una urbanizaci\u00f3n segura en Espa\u00f1a","isPartOf":{"@id":"https:\/\/taolis.com\/es\/#website"},"datePublished":"2026-02-10T07:53:40+00:00","dateModified":"2026-03-17T15:13:55+00:00","description":"Compra una villa en Espa\u00f1a dentro de una urbanizaci\u00f3n segura y tranquila. M\u00e1s privacidad, mejor entorno y viviendas listas para disfrutar. Consulta disponibilidad.","breadcrumb":{"@id":"https:\/\/taolis.com\/es\/villa-urbanizacion-privada-segura-espana\/#breadcrumb"},"inLanguage":"es","potentialAction":[{"@type":"ReadAction","target":["https:\/\/taolis.com\/es\/villa-urbanizacion-privada-segura-espana\/"]}]},{"@type":"BreadcrumbList","@id":"https:\/\/taolis.com\/es\/villa-urbanizacion-privada-segura-espana\/#breadcrumb","itemListElement":[{"@type":"ListItem","position":1,"name":"Home","item":"https:\/\/taolis.com\/es\/"},{"@type":"ListItem","position":2,"name":"Tu villa en una urbanizaci\u00f3n privada y segura en Espa\u00f1a"}]},{"@type":"WebSite","@id":"https:\/\/taolis.com\/es\/#website","url":"https:\/\/taolis.com\/es\/","name":"Altaona Resort. The Art of Living in Spain","description":"Altaona Sports &amp; Wellness Resort. Villas y otras propiedades de obra nueva en Murcia.","potentialAction":[{"@type":"SearchAction","target":{"@type":"EntryPoint","urlTemplate":"https:\/\/taolis.com\/es\/?s={search_term_string}"},"query-input":{"@type":"PropertyValueSpecification","valueRequired":true,"valueName":"search_term_string"}}],"inLanguage":"es"}]}},"_links":{"self":[{"href":"https:\/\/taolis.com\/es\/wp-json\/wp\/v2\/pages\/18279","targetHints":{"allow":["GET"]}}],"collection":[{"href":"https:\/\/taolis.com\/es\/wp-json\/wp\/v2\/pages"}],"about":[{"href":"https:\/\/taolis.com\/es\/wp-json\/wp\/v2\/types\/page"}],"author":[{"embeddable":true,"href":"https:\/\/taolis.com\/es\/wp-json\/wp\/v2\/users\/8"}],"replies":[{"embeddable":true,"href":"https:\/\/taolis.com\/es\/wp-json\/wp\/v2\/comments?post=18279"}],"version-history":[{"count":10,"href":"https:\/\/taolis.com\/es\/wp-json\/wp\/v2\/pages\/18279\/revisions"}],"predecessor-version":[{"id":19690,"href":"https:\/\/taolis.com\/es\/wp-json\/wp\/v2\/pages\/18279\/revisions\/19690"}],"wp:attachment":[{"href":"https:\/\/taolis.com\/es\/wp-json\/wp\/v2\/media?parent=18279"}],"curies":[{"name":"wp","href":"https:\/\/api.w.org\/{rel}","templated":true}]}}