{"id":18222,"date":"2026-02-04T15:52:20","date_gmt":"2026-02-04T14:52:20","guid":{"rendered":"https:\/\/taolis.com\/?page_id=18222"},"modified":"2026-02-04T16:11:53","modified_gmt":"2026-02-04T15:11:53","slug":"privacy-job-application","status":"publish","type":"page","link":"https:\/\/taolis.com\/es\/privacy-job-application\/","title":{"rendered":"Privacy Job application"},"content":{"rendered":"<p aria-level=\"2\"><b><span data-contrast=\"none\">INFORMACI\u00d3N DE PROTECCI\u00d3N DE DATOS<\/span><\/b><span data-ccp-props=\"{&quot;134245418&quot;:true,&quot;134245529&quot;:true,&quot;201341983&quot;:0,&quot;335551550&quot;:6,&quot;335551620&quot;:6,&quot;335559738&quot;:360,&quot;335559739&quot;:60,&quot;335559740&quot;:240}\">\u00a0<\/span><\/p>\n<p aria-level=\"3\"><b><span data-contrast=\"none\">\u00bfQui\u00e9n es el\u00a0Responsable\u00a0del tratamiento de sus datos?<\/span><\/b><span data-ccp-props=\"{&quot;134245418&quot;:true,&quot;134245529&quot;:true,&quot;201341983&quot;:0,&quot;335551550&quot;:6,&quot;335551620&quot;:6,&quot;335559738&quot;:200,&quot;335559739&quot;:0,&quot;335559740&quot;:288}\">\u00a0<\/span><\/p>\n<p><b><span data-contrast=\"auto\">Identidad:<\/span><\/b><span data-contrast=\"auto\"> TAOLIS SALES SL.<\/span><span data-ccp-props=\"{&quot;201341983&quot;:0,&quot;335551550&quot;:6,&quot;335551620&quot;:6,&quot;335559738&quot;:40,&quot;335559739&quot;:160,&quot;335559740&quot;:288}\">\u00a0<\/span><\/p>\n<p><b><span data-contrast=\"auto\">CIF:<\/span><\/b><span data-contrast=\"auto\"> B44689842<\/span><\/p>\n<p><b><span data-contrast=\"auto\">Direcci\u00f3n postal:<\/span><\/b><span data-contrast=\"auto\">\u00a0Autov\u00eda San Javier \u2013 Murcia Km.1, Nave 1, 30155, Ba\u00f1os y Mendigo Murcia, Murcia<\/span><span data-ccp-props=\"{&quot;201341983&quot;:0,&quot;335551550&quot;:6,&quot;335551620&quot;:6,&quot;335559738&quot;:40,&quot;335559739&quot;:160,&quot;335559740&quot;:288}\">\u00a0<\/span><\/p>\n<p><b><span data-contrast=\"auto\">Tel\u00e9fono:<\/span><\/b><span data-contrast=\"auto\"> +34 868 994 300<\/span><span data-ccp-props=\"{&quot;201341983&quot;:0,&quot;335551550&quot;:6,&quot;335551620&quot;:6,&quot;335559738&quot;:40,&quot;335559739&quot;:160,&quot;335559740&quot;:288}\">\u00a0<\/span><\/p>\n<p><b><span data-contrast=\"auto\">Correo electr\u00f3nico:<\/span><\/b><span data-contrast=\"auto\"> info@taolis.com.<\/span><span data-ccp-props=\"{&quot;201341983&quot;:0,&quot;335551550&quot;:6,&quot;335551620&quot;:6,&quot;335559738&quot;:40,&quot;335559739&quot;:160,&quot;335559740&quot;:288}\">\u00a0<\/span><\/p>\n<p aria-level=\"3\"><b><span data-contrast=\"none\">\u00bfC\u00f3mo hemos obtenido sus datos y qu\u00e9 datos tratamos?<\/span><\/b><span data-ccp-props=\"{&quot;134245418&quot;:true,&quot;134245529&quot;:true,&quot;201341983&quot;:0,&quot;335551550&quot;:6,&quot;335551620&quot;:6,&quot;335559738&quot;:200,&quot;335559739&quot;:0,&quot;335559740&quot;:288}\">\u00a0<\/span><\/p>\n<p><span data-contrast=\"auto\">Los datos personales que tratamos en TAOLIS SALES SL.<\/span><span data-contrast=\"none\">\u00a0<\/span><span data-contrast=\"auto\">proceden directamente del interesado.<\/span><span data-ccp-props=\"{&quot;201341983&quot;:0,&quot;335551550&quot;:6,&quot;335551620&quot;:6,&quot;335559738&quot;:40,&quot;335559739&quot;:160,&quot;335559740&quot;:288}\">\u00a0<\/span><\/p>\n<p><span data-contrast=\"auto\">Para la correcta gesti\u00f3n de su\u00a0candidatura\u00a0es necesario realizar el tratamiento de datos identificativos, acad\u00e9micos y\u00a0laborales.<\/span><span data-ccp-props=\"{&quot;201341983&quot;:0,&quot;335551550&quot;:6,&quot;335551620&quot;:6,&quot;335559738&quot;:40,&quot;335559739&quot;:160,&quot;335559740&quot;:288}\">\u00a0<\/span><\/p>\n<p><span data-contrast=\"auto\">No se tratan datos especialmente protegidos\u00a0<\/span><span data-ccp-props=\"{&quot;201341983&quot;:0,&quot;335551550&quot;:6,&quot;335551620&quot;:6,&quot;335559738&quot;:40,&quot;335559739&quot;:160,&quot;335559740&quot;:288}\">\u00a0<\/span><\/p>\n<p aria-level=\"3\"><b><span data-contrast=\"none\">\u00bfCon qu\u00e9 finalidad tratamos sus datos personales?<\/span><\/b><span data-ccp-props=\"{&quot;134245418&quot;:true,&quot;134245529&quot;:true,&quot;201341983&quot;:0,&quot;335551550&quot;:6,&quot;335551620&quot;:6,&quot;335559738&quot;:200,&quot;335559739&quot;:0,&quot;335559740&quot;:288}\">\u00a0<\/span><\/p>\n<p><span data-contrast=\"auto\">Los datos son tratados con la finalidad de formar parte en los procesos de selecci\u00f3n de personal llevados a cabo por la entidad.<\/span><span data-ccp-props=\"{&quot;201341983&quot;:0,&quot;335551550&quot;:6,&quot;335551620&quot;:6,&quot;335559738&quot;:40,&quot;335559739&quot;:160,&quot;335559740&quot;:288}\">\u00a0<\/span><\/p>\n<p aria-level=\"3\"><b><span data-contrast=\"none\">\u00bfCu\u00e1l es la legitimaci\u00f3n para el tratamiento de sus datos?<\/span><\/b><span data-ccp-props=\"{&quot;134245418&quot;:true,&quot;134245529&quot;:true,&quot;201341983&quot;:0,&quot;335551550&quot;:6,&quot;335551620&quot;:6,&quot;335559738&quot;:200,&quot;335559739&quot;:0,&quot;335559740&quot;:288}\">\u00a0<\/span><\/p>\n<p><span data-contrast=\"auto\">La base legal para el tratamiento es\u00a0pre-contractual.<\/span><span data-ccp-props=\"{&quot;201341983&quot;:0,&quot;335551550&quot;:6,&quot;335551620&quot;:6,&quot;335559738&quot;:40,&quot;335559739&quot;:160,&quot;335559740&quot;:288}\">\u00a0<\/span><\/p>\n<p aria-level=\"3\"><b><span data-contrast=\"none\">\u00bfA qu\u00e9 destinatarios se comunicar\u00e1n sus datos?<\/span><\/b><span data-ccp-props=\"{&quot;134245418&quot;:true,&quot;134245529&quot;:true,&quot;201341983&quot;:0,&quot;335551550&quot;:6,&quot;335551620&quot;:6,&quot;335559738&quot;:200,&quot;335559739&quot;:0,&quot;335559740&quot;:288}\">\u00a0<\/span><\/p>\n<p><span data-contrast=\"auto\">Sus datos personales no ser\u00e1n comunicados a terceros, salvo obligaci\u00f3n legal.<\/span><span data-ccp-props=\"{&quot;201341983&quot;:0,&quot;335551550&quot;:6,&quot;335551620&quot;:6,&quot;335559738&quot;:40,&quot;335559739&quot;:160,&quot;335559740&quot;:288}\">\u00a0<\/span><\/p>\n<p aria-level=\"3\"><b><span data-contrast=\"none\">\u00bfPor cu\u00e1nto tiempo conservaremos sus datos?<\/span><\/b><span data-ccp-props=\"{&quot;134245418&quot;:true,&quot;134245529&quot;:true,&quot;201341983&quot;:0,&quot;335551550&quot;:6,&quot;335551620&quot;:6,&quot;335559738&quot;:200,&quot;335559739&quot;:0,&quot;335559740&quot;:288}\">\u00a0<\/span><\/p>\n<p><span data-contrast=\"auto\">Sus datos personales ser\u00e1n mantenidos en nuestros sistemas durante el plazo de un a\u00f1o.\u00a0<\/span><span data-ccp-props=\"{&quot;201341983&quot;:0,&quot;335551550&quot;:6,&quot;335551620&quot;:6,&quot;335559738&quot;:40,&quot;335559739&quot;:160,&quot;335559740&quot;:288}\">\u00a0<\/span><\/p>\n<p aria-level=\"3\"><b><span data-contrast=\"none\">\u00bfCu\u00e1les son sus derechos cuando nos facilita sus datos?\u00a0<\/span><\/b><span data-ccp-props=\"{&quot;134245418&quot;:true,&quot;134245529&quot;:true,&quot;201341983&quot;:0,&quot;335551550&quot;:6,&quot;335551620&quot;:6,&quot;335559738&quot;:200,&quot;335559739&quot;:0,&quot;335559740&quot;:288}\">\u00a0<\/span><\/p>\n<p><span data-contrast=\"auto\">El interesado tiene los siguientes derechos, respecto de los datos personales registrados en la entidad:<\/span><span data-ccp-props=\"{&quot;201341983&quot;:0,&quot;335551550&quot;:6,&quot;335551620&quot;:6,&quot;335559738&quot;:40,&quot;335559739&quot;:160,&quot;335559740&quot;:288}\">\u00a0<\/span><\/p>\n<ul>\n<li aria-setsize=\"-1\" data-leveltext=\"\u2022\" data-font=\"Cambria\" data-listid=\"1\" data-list-defn-props=\"{&quot;335551500&quot;:15451510,&quot;335552541&quot;:1,&quot;335559685&quot;:360,&quot;335559991&quot;:360,&quot;469769226&quot;:&quot;Cambria&quot;,&quot;469769242&quot;:[8226],&quot;469777803&quot;:&quot;left&quot;,&quot;469777804&quot;:&quot;\u2022&quot;,&quot;469777815&quot;:&quot;singleLevel&quot;}\" data-aria-posinset=\"1\" data-aria-level=\"1\"><span data-contrast=\"auto\">Derecho de acceso<\/span><span data-contrast=\"auto\">: El interesado tendr\u00e1 derecho a obtener confirmaci\u00f3n de si se est\u00e1n tratando o no datos personales que le conciernen y, en tal caso, derecho de acceso a los datos personales.<\/span><span data-ccp-props=\"{&quot;201341983&quot;:0,&quot;335551550&quot;:6,&quot;335551620&quot;:6,&quot;335559685&quot;:720,&quot;335559738&quot;:120,&quot;335559739&quot;:40,&quot;335559740&quot;:288}\">\u00a0<\/span><\/li>\n<\/ul>\n<ul>\n<li aria-setsize=\"-1\" data-leveltext=\"\u2022\" data-font=\"Cambria\" data-listid=\"1\" data-list-defn-props=\"{&quot;335551500&quot;:15451510,&quot;335552541&quot;:1,&quot;335559685&quot;:360,&quot;335559991&quot;:360,&quot;469769226&quot;:&quot;Cambria&quot;,&quot;469769242&quot;:[8226],&quot;469777803&quot;:&quot;left&quot;,&quot;469777804&quot;:&quot;\u2022&quot;,&quot;469777815&quot;:&quot;singleLevel&quot;}\" data-aria-posinset=\"2\" data-aria-level=\"1\"><span data-contrast=\"auto\">Derecho de rectificaci\u00f3n<\/span><span data-contrast=\"auto\">: El interesado tendr\u00e1 derecho a obtener sin dilaci\u00f3n indebida del responsable del tratamiento la rectificaci\u00f3n de los datos personales inexactos que le conciernan.<\/span><span data-ccp-props=\"{&quot;201341983&quot;:0,&quot;335551550&quot;:6,&quot;335551620&quot;:6,&quot;335559685&quot;:720,&quot;335559738&quot;:120,&quot;335559739&quot;:40,&quot;335559740&quot;:288}\">\u00a0<\/span><\/li>\n<\/ul>\n<ul>\n<li aria-setsize=\"-1\" data-leveltext=\"\u2022\" data-font=\"Cambria\" data-listid=\"1\" data-list-defn-props=\"{&quot;335551500&quot;:15451510,&quot;335552541&quot;:1,&quot;335559685&quot;:360,&quot;335559991&quot;:360,&quot;469769226&quot;:&quot;Cambria&quot;,&quot;469769242&quot;:[8226],&quot;469777803&quot;:&quot;left&quot;,&quot;469777804&quot;:&quot;\u2022&quot;,&quot;469777815&quot;:&quot;singleLevel&quot;}\" data-aria-posinset=\"3\" data-aria-level=\"1\"><span data-contrast=\"auto\">Derecho de supresi\u00f3n<\/span><span data-contrast=\"auto\">: El interesado tendr\u00e1 derecho a obtener la supresi\u00f3n de los datos personales que le conciernan.<\/span><span data-ccp-props=\"{&quot;201341983&quot;:0,&quot;335551550&quot;:6,&quot;335551620&quot;:6,&quot;335559685&quot;:720,&quot;335559738&quot;:120,&quot;335559739&quot;:40,&quot;335559740&quot;:288}\">\u00a0<\/span><\/li>\n<\/ul>\n<ul>\n<li aria-setsize=\"-1\" data-leveltext=\"\u2022\" data-font=\"Cambria\" data-listid=\"1\" data-list-defn-props=\"{&quot;335551500&quot;:15451510,&quot;335552541&quot;:1,&quot;335559685&quot;:360,&quot;335559991&quot;:360,&quot;469769226&quot;:&quot;Cambria&quot;,&quot;469769242&quot;:[8226],&quot;469777803&quot;:&quot;left&quot;,&quot;469777804&quot;:&quot;\u2022&quot;,&quot;469777815&quot;:&quot;singleLevel&quot;}\" data-aria-posinset=\"4\" data-aria-level=\"1\"><span data-contrast=\"auto\">Derecho a la limitaci\u00f3n de los datos<\/span><span data-contrast=\"auto\">: El interesado tendr\u00e1 derecho a obtener la limitaci\u00f3n del tratamiento de los datos.<\/span><span data-ccp-props=\"{&quot;201341983&quot;:0,&quot;335551550&quot;:6,&quot;335551620&quot;:6,&quot;335559685&quot;:720,&quot;335559738&quot;:120,&quot;335559739&quot;:40,&quot;335559740&quot;:288}\">\u00a0<\/span><\/li>\n<\/ul>\n<ul>\n<li aria-setsize=\"-1\" data-leveltext=\"\u2022\" data-font=\"Cambria\" data-listid=\"1\" data-list-defn-props=\"{&quot;335551500&quot;:15451510,&quot;335552541&quot;:1,&quot;335559685&quot;:360,&quot;335559991&quot;:360,&quot;469769226&quot;:&quot;Cambria&quot;,&quot;469769242&quot;:[8226],&quot;469777803&quot;:&quot;left&quot;,&quot;469777804&quot;:&quot;\u2022&quot;,&quot;469777815&quot;:&quot;singleLevel&quot;}\" data-aria-posinset=\"5\" data-aria-level=\"1\"><span data-contrast=\"auto\">Derecho a la portabilidad de los datos<\/span><span data-contrast=\"auto\">: El interesado tendr\u00e1 derecho a recibir los datos personales que le incumban, que haya facilitado a un responsable del tratamiento, en un formato estructurado, de uso com\u00fan y lectura mec\u00e1nica, y a transmitirlos a otro responsable del tratamiento sin que lo impida el responsable al que se los hubiera facilitado.<\/span><span data-ccp-props=\"{&quot;201341983&quot;:0,&quot;335551550&quot;:6,&quot;335551620&quot;:6,&quot;335559685&quot;:720,&quot;335559738&quot;:120,&quot;335559739&quot;:40,&quot;335559740&quot;:288}\">\u00a0<\/span><\/li>\n<\/ul>\n<ul>\n<li aria-setsize=\"-1\" data-leveltext=\"\u2022\" data-font=\"Cambria\" data-listid=\"1\" data-list-defn-props=\"{&quot;335551500&quot;:15451510,&quot;335552541&quot;:1,&quot;335559685&quot;:360,&quot;335559991&quot;:360,&quot;469769226&quot;:&quot;Cambria&quot;,&quot;469769242&quot;:[8226],&quot;469777803&quot;:&quot;left&quot;,&quot;469777804&quot;:&quot;\u2022&quot;,&quot;469777815&quot;:&quot;singleLevel&quot;}\" data-aria-posinset=\"6\" data-aria-level=\"1\"><span data-contrast=\"auto\">Derecho a oposici\u00f3n:<\/span><span data-contrast=\"auto\">\u00a0El interesado tendr\u00e1 derecho a oponerse en cualquier momento, por motivos relacionados con su situaci\u00f3n particular, a que datos personales que le conciernan sean objeto de un tratamiento basado en el inter\u00e9s leg\u00edtimo.\u00a0<\/span><span data-contrast=\"auto\">Dejaremos<\/span><span data-contrast=\"auto\">\u00a0de tratar los datos, salvo por motivos leg\u00edtimos imperiosos, o el ejercicio o la defensa de posibles reclamaciones.\u00a0<\/span><span data-ccp-props=\"{&quot;201341983&quot;:0,&quot;335551550&quot;:6,&quot;335551620&quot;:6,&quot;335559685&quot;:720,&quot;335559738&quot;:40,&quot;335559739&quot;:40,&quot;335559740&quot;:288}\">\u00a0<\/span><\/li>\n<\/ul>\n<p><span data-contrast=\"auto\">Recuerde que en todo momento podr\u00e1 presentar una reclamaci\u00f3n ante la autoridad de control.<\/span><span data-ccp-props=\"{&quot;201341983&quot;:0,&quot;335551550&quot;:6,&quot;335551620&quot;:6,&quot;335559685&quot;:360,&quot;335559738&quot;:120,&quot;335559739&quot;:40,&quot;335559740&quot;:288,&quot;335559991&quot;:360}\">\u00a0<\/span><\/p>\n","protected":false},"excerpt":{"rendered":"<p>INFORMACI\u00d3N DE PROTECCI\u00d3N DE DATOS\u00a0 \u00bfQui\u00e9n es el\u00a0Responsable\u00a0del tratamiento de sus datos?\u00a0 Identidad: TAOLIS SALES SL.\u00a0 CIF: B44689842 Direcci\u00f3n postal:\u00a0Autov\u00eda&#8230;<\/p>\n","protected":false},"author":4,"featured_media":0,"parent":0,"menu_order":0,"comment_status":"closed","ping_status":"closed","template":"","meta":{"_acf_changed":false,"footnotes":""},"class_list":["post-18222","page","type-page","status-publish","hentry"],"acf":[],"yoast_head":"<!-- This site is optimized with the Yoast SEO plugin v27.5 - https:\/\/yoast.com\/product\/yoast-seo-wordpress\/ -->\n<title>Privacy Job application - Altaona Resort. The Art of Living in Spain<\/title>\n<meta name=\"robots\" content=\"index, follow, max-snippet:-1, max-image-preview:large, max-video-preview:-1\" \/>\n<link rel=\"canonical\" href=\"https:\/\/taolis.com\/es\/privacy-job-application\/\" \/>\n<meta property=\"og:locale\" content=\"es_ES\" \/>\n<meta property=\"og:type\" content=\"article\" \/>\n<meta property=\"og:title\" content=\"Privacy Job application - Altaona Resort. The Art of Living in Spain\" \/>\n<meta property=\"og:description\" content=\"INFORMACI\u00d3N DE PROTECCI\u00d3N DE DATOS\u00a0 \u00bfQui\u00e9n es el\u00a0Responsable\u00a0del tratamiento de sus datos?\u00a0 Identidad: TAOLIS SALES SL.\u00a0 CIF: B44689842 Direcci\u00f3n postal:\u00a0Autov\u00eda...\" \/>\n<meta property=\"og:url\" content=\"https:\/\/taolis.com\/es\/privacy-job-application\/\" \/>\n<meta property=\"og:site_name\" content=\"Altaona Resort. The Art of Living in Spain\" \/>\n<meta property=\"article:modified_time\" content=\"2026-02-04T15:11:53+00:00\" \/>\n<meta name=\"twitter:card\" content=\"summary_large_image\" \/>\n<meta name=\"twitter:label1\" content=\"Tiempo de lectura\" \/>\n\t<meta name=\"twitter:data1\" content=\"2 minuto\" \/>\n<script type=\"application\/ld+json\" class=\"yoast-schema-graph\">{\"@context\":\"https:\\\/\\\/schema.org\",\"@graph\":[{\"@type\":\"WebPage\",\"@id\":\"https:\\\/\\\/taolis.com\\\/es\\\/privacy-job-application\\\/\",\"url\":\"https:\\\/\\\/taolis.com\\\/es\\\/privacy-job-application\\\/\",\"name\":\"Privacy Job application - Altaona Resort. The Art of Living in Spain\",\"isPartOf\":{\"@id\":\"https:\\\/\\\/taolis.com\\\/es\\\/#website\"},\"datePublished\":\"2026-02-04T14:52:20+00:00\",\"dateModified\":\"2026-02-04T15:11:53+00:00\",\"breadcrumb\":{\"@id\":\"https:\\\/\\\/taolis.com\\\/es\\\/privacy-job-application\\\/#breadcrumb\"},\"inLanguage\":\"es\",\"potentialAction\":[{\"@type\":\"ReadAction\",\"target\":[\"https:\\\/\\\/taolis.com\\\/es\\\/privacy-job-application\\\/\"]}]},{\"@type\":\"BreadcrumbList\",\"@id\":\"https:\\\/\\\/taolis.com\\\/es\\\/privacy-job-application\\\/#breadcrumb\",\"itemListElement\":[{\"@type\":\"ListItem\",\"position\":1,\"name\":\"Home\",\"item\":\"https:\\\/\\\/taolis.com\\\/es\\\/\"},{\"@type\":\"ListItem\",\"position\":2,\"name\":\"Privacy Job application\"}]},{\"@type\":\"WebSite\",\"@id\":\"https:\\\/\\\/taolis.com\\\/es\\\/#website\",\"url\":\"https:\\\/\\\/taolis.com\\\/es\\\/\",\"name\":\"Altaona Resort. The Art of Living in Spain\",\"description\":\"Altaona Sports &amp; Wellness Resort. Villas y otras propiedades de obra nueva en Murcia.\",\"potentialAction\":[{\"@type\":\"SearchAction\",\"target\":{\"@type\":\"EntryPoint\",\"urlTemplate\":\"https:\\\/\\\/taolis.com\\\/es\\\/?s={search_term_string}\"},\"query-input\":{\"@type\":\"PropertyValueSpecification\",\"valueRequired\":true,\"valueName\":\"search_term_string\"}}],\"inLanguage\":\"es\"}]}<\/script>\n<!-- \/ Yoast SEO plugin. -->","yoast_head_json":{"title":"Privacy Job application - Altaona Resort. The Art of Living in Spain","robots":{"index":"index","follow":"follow","max-snippet":"max-snippet:-1","max-image-preview":"max-image-preview:large","max-video-preview":"max-video-preview:-1"},"canonical":"https:\/\/taolis.com\/es\/privacy-job-application\/","og_locale":"es_ES","og_type":"article","og_title":"Privacy Job application - Altaona Resort. The Art of Living in Spain","og_description":"INFORMACI\u00d3N DE PROTECCI\u00d3N DE DATOS\u00a0 \u00bfQui\u00e9n es el\u00a0Responsable\u00a0del tratamiento de sus datos?\u00a0 Identidad: TAOLIS SALES SL.\u00a0 CIF: B44689842 Direcci\u00f3n postal:\u00a0Autov\u00eda...","og_url":"https:\/\/taolis.com\/es\/privacy-job-application\/","og_site_name":"Altaona Resort. The Art of Living in Spain","article_modified_time":"2026-02-04T15:11:53+00:00","twitter_card":"summary_large_image","twitter_misc":{"Tiempo de lectura":"2 minuto"},"schema":{"@context":"https:\/\/schema.org","@graph":[{"@type":"WebPage","@id":"https:\/\/taolis.com\/es\/privacy-job-application\/","url":"https:\/\/taolis.com\/es\/privacy-job-application\/","name":"Privacy Job application - Altaona Resort. The Art of Living in Spain","isPartOf":{"@id":"https:\/\/taolis.com\/es\/#website"},"datePublished":"2026-02-04T14:52:20+00:00","dateModified":"2026-02-04T15:11:53+00:00","breadcrumb":{"@id":"https:\/\/taolis.com\/es\/privacy-job-application\/#breadcrumb"},"inLanguage":"es","potentialAction":[{"@type":"ReadAction","target":["https:\/\/taolis.com\/es\/privacy-job-application\/"]}]},{"@type":"BreadcrumbList","@id":"https:\/\/taolis.com\/es\/privacy-job-application\/#breadcrumb","itemListElement":[{"@type":"ListItem","position":1,"name":"Home","item":"https:\/\/taolis.com\/es\/"},{"@type":"ListItem","position":2,"name":"Privacy Job application"}]},{"@type":"WebSite","@id":"https:\/\/taolis.com\/es\/#website","url":"https:\/\/taolis.com\/es\/","name":"Altaona Resort. The Art of Living in Spain","description":"Altaona Sports &amp; Wellness Resort. Villas y otras propiedades de obra nueva en Murcia.","potentialAction":[{"@type":"SearchAction","target":{"@type":"EntryPoint","urlTemplate":"https:\/\/taolis.com\/es\/?s={search_term_string}"},"query-input":{"@type":"PropertyValueSpecification","valueRequired":true,"valueName":"search_term_string"}}],"inLanguage":"es"}]}},"_links":{"self":[{"href":"https:\/\/taolis.com\/es\/wp-json\/wp\/v2\/pages\/18222","targetHints":{"allow":["GET"]}}],"collection":[{"href":"https:\/\/taolis.com\/es\/wp-json\/wp\/v2\/pages"}],"about":[{"href":"https:\/\/taolis.com\/es\/wp-json\/wp\/v2\/types\/page"}],"author":[{"embeddable":true,"href":"https:\/\/taolis.com\/es\/wp-json\/wp\/v2\/users\/4"}],"replies":[{"embeddable":true,"href":"https:\/\/taolis.com\/es\/wp-json\/wp\/v2\/comments?post=18222"}],"version-history":[{"count":4,"href":"https:\/\/taolis.com\/es\/wp-json\/wp\/v2\/pages\/18222\/revisions"}],"predecessor-version":[{"id":18227,"href":"https:\/\/taolis.com\/es\/wp-json\/wp\/v2\/pages\/18222\/revisions\/18227"}],"wp:attachment":[{"href":"https:\/\/taolis.com\/es\/wp-json\/wp\/v2\/media?parent=18222"}],"curies":[{"name":"wp","href":"https:\/\/api.w.org\/{rel}","templated":true}]}}