{"id":15042,"date":"2025-11-25T10:42:30","date_gmt":"2025-11-25T09:42:30","guid":{"rendered":"https:\/\/taolis.com\/declaration-interest-listing\/"},"modified":"2025-12-30T11:14:37","modified_gmt":"2025-12-30T10:14:37","slug":"declaration-interest-listing","status":"publish","type":"page","link":"https:\/\/taolis.com\/es\/declaration-interest-listing\/","title":{"rendered":"Declaration of interest &#038; priority listing request"},"content":{"rendered":"<h2><strong>WOW Longevity Hotel Suites. Altaona Sports &amp; Wellness Resort<\/strong><\/h2>\n<h3>1. Reconocimiento de la presentaci\u00f3n y la informaci\u00f3n<\/h3>\n<p>Yo, el abajo firmante (la \u00abParte interesada\u00bb), por la presente declaro y confirmo expl\u00edcitamente que:<\/p>\n<p>1.1 He recibido y le\u00eddo atentamente el folleto del proyecto (\u00abWOW Longevity Hotel Suites\u00bb).<\/p>\n<p>1.2 Entiendo que el proyecto implica la adquisici\u00f3n de un inmueble bajo el r\u00e9gimen espa\u00f1ol de propiedad horizontal, sujeto a un contrato obligatorio de arrendamiento comercial con el operador del complejo tur\u00edstico.<\/p>\n<h3>2. Manifestaci\u00f3n de inter\u00e9s<\/h3>\n<p>2.1 Tras considerar debidamente la informaci\u00f3n proporcionada, por la presente manifiesto mi firme inter\u00e9s en adquirir una unidad dentro de la promoci\u00f3n mencionada. Solicito que el promotor incluya mi nombre en la lista de inversores prioritarios.<\/p>\n<p>Lista para recibir la primera opci\u00f3n de seleccionar y reservar un apartamento espec\u00edfico una vez que se abra oficialmente la venta.<\/p>\n<h3>3. Cuota de inscripci\u00f3n prioritaria<\/h3>\n<p>3.1 Para formalizar esta solicitud y asegurar mi posici\u00f3n en la Lista de Inversores Prioritarios, acepto pagar una cuota de 1.000 \u20ac (mil euros) (la \u00abCuota de Inscripci\u00f3n\u00bb). La Cuota de Inscripci\u00f3n no incluye el 21 % de IVA espa\u00f1ol.<\/p>\n<p>3.2 Entiendo que se enviar\u00e1 una factura por este importe a la direcci\u00f3n de correo electr\u00f3nico que se indica a continuaci\u00f3n.<\/p>\n<p>Reconozco y acepto expl\u00edcitamente que esta Cuota de inscripci\u00f3n sirve como contraprestaci\u00f3n por la tramitaci\u00f3n administrativa y la clasificaci\u00f3n prioritaria de mi inter\u00e9s. Si el proyecto no se llevara a cabo por cualquier motivo comercial, t\u00e9cnico o de licencia, se me reembolsar\u00eda esta cuota. Si m\u00e1s adelante decidiera no seguir adelante con la compra, esta cuota no ser\u00eda reembolsable y ser\u00eda retenida por el Promotor.<\/p>\n","protected":false},"excerpt":{"rendered":"<p>WOW Longevity Hotel Suites. Altaona Sports &amp; Wellness Resort 1. Reconocimiento de la presentaci\u00f3n y la informaci\u00f3n Yo, el abajo &hellip; <a href=\"https:\/\/taolis.com\/es\/declaration-interest-listing\/\" class=\"more-link\">Continue reading <span class=\"screen-reader-text\">Declaration of interest &#038; priority listing request<\/span><\/a><\/p>\n","protected":false},"author":4,"featured_media":0,"parent":0,"menu_order":0,"comment_status":"closed","ping_status":"closed","template":"","meta":{"_acf_changed":false,"footnotes":""},"class_list":["post-15042","page","type-page","status-publish","hentry"],"acf":[],"yoast_head":"<!-- This site is optimized with the Yoast SEO plugin v27.4 - https:\/\/yoast.com\/product\/yoast-seo-wordpress\/ -->\n<title>Declaration of interest &amp; priority listing request - Altaona Resort. The Art of Living in Spain<\/title>\n<meta name=\"robots\" content=\"index, follow, max-snippet:-1, max-image-preview:large, max-video-preview:-1\" \/>\n<link rel=\"canonical\" href=\"https:\/\/taolis.com\/es\/declaration-interest-listing\/\" \/>\n<meta property=\"og:locale\" content=\"es_ES\" \/>\n<meta property=\"og:type\" content=\"article\" \/>\n<meta property=\"og:title\" content=\"Declaration of interest &amp; priority listing request - Altaona Resort. The Art of Living in Spain\" \/>\n<meta property=\"og:description\" content=\"WOW Longevity Hotel Suites. Altaona Sports &amp; Wellness Resort 1. Reconocimiento de la presentaci\u00f3n y la informaci\u00f3n Yo, el abajo &hellip; Continue reading Declaration of interest &#038; priority listing request\" \/>\n<meta property=\"og:url\" content=\"https:\/\/taolis.com\/es\/declaration-interest-listing\/\" \/>\n<meta property=\"og:site_name\" content=\"Altaona Resort. The Art of Living in Spain\" \/>\n<meta property=\"article:modified_time\" content=\"2025-12-30T10:14:37+00:00\" \/>\n<meta name=\"twitter:card\" content=\"summary_large_image\" \/>\n<meta name=\"twitter:label1\" content=\"Tiempo de lectura\" \/>\n\t<meta name=\"twitter:data1\" content=\"2 minutos\" \/>\n<script type=\"application\/ld+json\" class=\"yoast-schema-graph\">{\"@context\":\"https:\\\/\\\/schema.org\",\"@graph\":[{\"@type\":\"WebPage\",\"@id\":\"https:\\\/\\\/taolis.com\\\/es\\\/declaration-interest-listing\\\/\",\"url\":\"https:\\\/\\\/taolis.com\\\/es\\\/declaration-interest-listing\\\/\",\"name\":\"Declaration of interest & priority listing request - Altaona Resort. The Art of Living in Spain\",\"isPartOf\":{\"@id\":\"https:\\\/\\\/taolis.com\\\/es\\\/#website\"},\"datePublished\":\"2025-11-25T09:42:30+00:00\",\"dateModified\":\"2025-12-30T10:14:37+00:00\",\"breadcrumb\":{\"@id\":\"https:\\\/\\\/taolis.com\\\/es\\\/declaration-interest-listing\\\/#breadcrumb\"},\"inLanguage\":\"es\",\"potentialAction\":[{\"@type\":\"ReadAction\",\"target\":[\"https:\\\/\\\/taolis.com\\\/es\\\/declaration-interest-listing\\\/\"]}]},{\"@type\":\"BreadcrumbList\",\"@id\":\"https:\\\/\\\/taolis.com\\\/es\\\/declaration-interest-listing\\\/#breadcrumb\",\"itemListElement\":[{\"@type\":\"ListItem\",\"position\":1,\"name\":\"Home\",\"item\":\"https:\\\/\\\/taolis.com\\\/es\\\/\"},{\"@type\":\"ListItem\",\"position\":2,\"name\":\"Declaration of interest &#038; priority listing request\"}]},{\"@type\":\"WebSite\",\"@id\":\"https:\\\/\\\/taolis.com\\\/es\\\/#website\",\"url\":\"https:\\\/\\\/taolis.com\\\/es\\\/\",\"name\":\"Altaona Resort. The Art of Living in Spain\",\"description\":\"Altaona Sports &amp; Wellness Resort. Villas y otras propiedades de obra nueva en Murcia.\",\"potentialAction\":[{\"@type\":\"SearchAction\",\"target\":{\"@type\":\"EntryPoint\",\"urlTemplate\":\"https:\\\/\\\/taolis.com\\\/es\\\/?s={search_term_string}\"},\"query-input\":{\"@type\":\"PropertyValueSpecification\",\"valueRequired\":true,\"valueName\":\"search_term_string\"}}],\"inLanguage\":\"es\"}]}<\/script>\n<!-- \/ Yoast SEO plugin. -->","yoast_head_json":{"title":"Declaration of interest & priority listing request - Altaona Resort. The Art of Living in Spain","robots":{"index":"index","follow":"follow","max-snippet":"max-snippet:-1","max-image-preview":"max-image-preview:large","max-video-preview":"max-video-preview:-1"},"canonical":"https:\/\/taolis.com\/es\/declaration-interest-listing\/","og_locale":"es_ES","og_type":"article","og_title":"Declaration of interest & priority listing request - Altaona Resort. The Art of Living in Spain","og_description":"WOW Longevity Hotel Suites. Altaona Sports &amp; Wellness Resort 1. Reconocimiento de la presentaci\u00f3n y la informaci\u00f3n Yo, el abajo &hellip; Continue reading Declaration of interest &#038; priority listing request","og_url":"https:\/\/taolis.com\/es\/declaration-interest-listing\/","og_site_name":"Altaona Resort. The Art of Living in Spain","article_modified_time":"2025-12-30T10:14:37+00:00","twitter_card":"summary_large_image","twitter_misc":{"Tiempo de lectura":"2 minutos"},"schema":{"@context":"https:\/\/schema.org","@graph":[{"@type":"WebPage","@id":"https:\/\/taolis.com\/es\/declaration-interest-listing\/","url":"https:\/\/taolis.com\/es\/declaration-interest-listing\/","name":"Declaration of interest & priority listing request - Altaona Resort. The Art of Living in Spain","isPartOf":{"@id":"https:\/\/taolis.com\/es\/#website"},"datePublished":"2025-11-25T09:42:30+00:00","dateModified":"2025-12-30T10:14:37+00:00","breadcrumb":{"@id":"https:\/\/taolis.com\/es\/declaration-interest-listing\/#breadcrumb"},"inLanguage":"es","potentialAction":[{"@type":"ReadAction","target":["https:\/\/taolis.com\/es\/declaration-interest-listing\/"]}]},{"@type":"BreadcrumbList","@id":"https:\/\/taolis.com\/es\/declaration-interest-listing\/#breadcrumb","itemListElement":[{"@type":"ListItem","position":1,"name":"Home","item":"https:\/\/taolis.com\/es\/"},{"@type":"ListItem","position":2,"name":"Declaration of interest &#038; priority listing request"}]},{"@type":"WebSite","@id":"https:\/\/taolis.com\/es\/#website","url":"https:\/\/taolis.com\/es\/","name":"Altaona Resort. The Art of Living in Spain","description":"Altaona Sports &amp; Wellness Resort. Villas y otras propiedades de obra nueva en Murcia.","potentialAction":[{"@type":"SearchAction","target":{"@type":"EntryPoint","urlTemplate":"https:\/\/taolis.com\/es\/?s={search_term_string}"},"query-input":{"@type":"PropertyValueSpecification","valueRequired":true,"valueName":"search_term_string"}}],"inLanguage":"es"}]}},"_links":{"self":[{"href":"https:\/\/taolis.com\/es\/wp-json\/wp\/v2\/pages\/15042","targetHints":{"allow":["GET"]}}],"collection":[{"href":"https:\/\/taolis.com\/es\/wp-json\/wp\/v2\/pages"}],"about":[{"href":"https:\/\/taolis.com\/es\/wp-json\/wp\/v2\/types\/page"}],"author":[{"embeddable":true,"href":"https:\/\/taolis.com\/es\/wp-json\/wp\/v2\/users\/4"}],"replies":[{"embeddable":true,"href":"https:\/\/taolis.com\/es\/wp-json\/wp\/v2\/comments?post=15042"}],"version-history":[{"count":0,"href":"https:\/\/taolis.com\/es\/wp-json\/wp\/v2\/pages\/15042\/revisions"}],"wp:attachment":[{"href":"https:\/\/taolis.com\/es\/wp-json\/wp\/v2\/media?parent=15042"}],"curies":[{"name":"wp","href":"https:\/\/api.w.org\/{rel}","templated":true}]}}