{"id":14736,"date":"2025-11-13T12:28:23","date_gmt":"2025-11-13T11:28:23","guid":{"rendered":"https:\/\/taolis.com\/longevity-hotel-apartments\/"},"modified":"2026-02-27T09:38:48","modified_gmt":"2026-02-27T08:38:48","slug":"longevity-hotel-apartments","status":"publish","type":"page","link":"https:\/\/taolis.com\/es\/longevity-hotel-apartments\/","title":{"rendered":"Longevity Hotel en Murcia"},"content":{"rendered":"<h2>Una inversi\u00f3n en salud con garant\u00eda de futuro en el primer longevity resort inspirado en las Blue-Zones de Europa<\/h2>\n<p><strong>WOW Longevity Hotel<\/strong> redefinen la conexi\u00f3n entre el sector inmobiliario, la hosteler\u00eda y la medicina preventiva.<\/p>\n<p>Desarrollados por <strong>The Art of Living in Spain<\/strong>, en colaboraci\u00f3n con especialistas suizos en longevidad, cada suite forma parte de un ecosistema hotelero respaldado por la ciencia y dise\u00f1ado para ayudar a los residentes y hu\u00e9spedes a vivir una vida m\u00e1s larga, saludable y plena.<\/p>\n<p>Benef\u00edciate de un contrato de alquiler de 99 a\u00f1os con ingresos recurrentes estables del 8 % de alquiler anual fijo NETO. Invierte en un concepto de hosteler\u00eda gestionado profesionalmente que fusiona el bienestar m\u00e9dico, el deporte y el estilo de vida mediterr\u00e1neo, y disfruta de uso personal opcional y descuentos exclusivos en programas y tratamientos de longevidad.<\/p>\n<p><a href=\"#esp-hotel-faq\" class=\"button normal-button\">Preguntas frecuentes<\/a><br \/>\n<a href=\"#esp-hotel-tables-prices\" class=\"button normal-button\">Descubre los precios exclusivos por lanzamiento<\/a><\/p>\n","protected":false},"excerpt":{"rendered":"<p>Una inversi\u00f3n en salud con garant\u00eda de futuro en el primer longevity resort inspirado en las Blue-Zones de Europa WOW &hellip; <a href=\"https:\/\/taolis.com\/es\/longevity-hotel-apartments\/\" class=\"more-link\">Continue reading <span class=\"screen-reader-text\">Longevity Hotel en Murcia<\/span><\/a><\/p>\n","protected":false},"author":4,"featured_media":14510,"parent":0,"menu_order":0,"comment_status":"closed","ping_status":"closed","template":"page-home.php","meta":{"_acf_changed":false,"footnotes":""},"class_list":["post-14736","page","type-page","status-publish","has-post-thumbnail","hentry"],"acf":[],"yoast_head":"<!-- This site is optimized with the Yoast SEO plugin v27.4 - https:\/\/yoast.com\/product\/yoast-seo-wordpress\/ -->\n<title>Invierte en suites del WOW hotel Murcia. 8% retorno neto fijo anual<\/title>\n<meta name=\"description\" content=\"Invierte en WOW Longevity Hotel Suites en Altaona Resort, Murcia. Suites de hotel con un 8% neto y fijo de retorno anual, con todo incluido\" \/>\n<meta name=\"robots\" content=\"index, follow, max-snippet:-1, max-image-preview:large, max-video-preview:-1\" \/>\n<link rel=\"canonical\" href=\"https:\/\/taolis.com\/es\/longevity-hotel-apartments\/\" \/>\n<meta property=\"og:locale\" content=\"es_ES\" \/>\n<meta property=\"og:type\" content=\"article\" \/>\n<meta property=\"og:title\" content=\"Invierte en suites del WOW hotel Murcia. 8% retorno neto fijo anual\" \/>\n<meta property=\"og:description\" content=\"Invierte en WOW Longevity Hotel Suites en Altaona Resort, Murcia. Suites de hotel con un 8% neto y fijo de retorno anual, con todo incluido\" \/>\n<meta property=\"og:url\" content=\"https:\/\/taolis.com\/es\/longevity-hotel-apartments\/\" \/>\n<meta property=\"og:site_name\" content=\"Altaona Resort. The Art of Living in Spain\" \/>\n<meta property=\"article:modified_time\" content=\"2026-02-27T08:38:48+00:00\" \/>\n<meta property=\"og:image\" content=\"https:\/\/taolis.com\/wp-content\/uploads\/2025\/11\/Longevity-hotel-apartments-altaona-murcia-hero-home-2.webp\" \/>\n\t<meta property=\"og:image:width\" content=\"316\" \/>\n\t<meta property=\"og:image:height\" content=\"563\" \/>\n\t<meta property=\"og:image:type\" content=\"image\/jpeg\" \/>\n<meta name=\"twitter:card\" content=\"summary_large_image\" \/>\n<meta name=\"twitter:label1\" content=\"Tiempo de lectura\" \/>\n\t<meta name=\"twitter:data1\" content=\"1 minuto\" \/>\n<script type=\"application\/ld+json\" class=\"yoast-schema-graph\">{\"@context\":\"https:\\\/\\\/schema.org\",\"@graph\":[{\"@type\":\"WebPage\",\"@id\":\"https:\\\/\\\/taolis.com\\\/es\\\/longevity-hotel-apartments\\\/\",\"url\":\"https:\\\/\\\/taolis.com\\\/es\\\/longevity-hotel-apartments\\\/\",\"name\":\"Invierte en suites del WOW hotel Murcia. 8% retorno neto fijo anual\",\"isPartOf\":{\"@id\":\"https:\\\/\\\/taolis.com\\\/es\\\/#website\"},\"primaryImageOfPage\":{\"@id\":\"https:\\\/\\\/taolis.com\\\/es\\\/longevity-hotel-apartments\\\/#primaryimage\"},\"image\":{\"@id\":\"https:\\\/\\\/taolis.com\\\/es\\\/longevity-hotel-apartments\\\/#primaryimage\"},\"thumbnailUrl\":\"https:\\\/\\\/taolis.com\\\/wp-content\\\/uploads\\\/2025\\\/11\\\/Longevity-hotel-apartments-altaona-murcia-hero-home-2.webp\",\"datePublished\":\"2025-11-13T11:28:23+00:00\",\"dateModified\":\"2026-02-27T08:38:48+00:00\",\"description\":\"Invierte en WOW Longevity Hotel Suites en Altaona Resort, Murcia. Suites de hotel con un 8% neto y fijo de retorno anual, con todo incluido\",\"breadcrumb\":{\"@id\":\"https:\\\/\\\/taolis.com\\\/es\\\/longevity-hotel-apartments\\\/#breadcrumb\"},\"inLanguage\":\"es\",\"potentialAction\":[{\"@type\":\"ReadAction\",\"target\":[\"https:\\\/\\\/taolis.com\\\/es\\\/longevity-hotel-apartments\\\/\"]}]},{\"@type\":\"ImageObject\",\"inLanguage\":\"es\",\"@id\":\"https:\\\/\\\/taolis.com\\\/es\\\/longevity-hotel-apartments\\\/#primaryimage\",\"url\":\"https:\\\/\\\/taolis.com\\\/wp-content\\\/uploads\\\/2025\\\/11\\\/Longevity-hotel-apartments-altaona-murcia-hero-home-2.webp\",\"contentUrl\":\"https:\\\/\\\/taolis.com\\\/wp-content\\\/uploads\\\/2025\\\/11\\\/Longevity-hotel-apartments-altaona-murcia-hero-home-2.webp\",\"width\":316,\"height\":563},{\"@type\":\"BreadcrumbList\",\"@id\":\"https:\\\/\\\/taolis.com\\\/es\\\/longevity-hotel-apartments\\\/#breadcrumb\",\"itemListElement\":[{\"@type\":\"ListItem\",\"position\":1,\"name\":\"Home\",\"item\":\"https:\\\/\\\/taolis.com\\\/es\\\/\"},{\"@type\":\"ListItem\",\"position\":2,\"name\":\"Longevity Hotel en Murcia\"}]},{\"@type\":\"WebSite\",\"@id\":\"https:\\\/\\\/taolis.com\\\/es\\\/#website\",\"url\":\"https:\\\/\\\/taolis.com\\\/es\\\/\",\"name\":\"Altaona Resort. The Art of Living in Spain\",\"description\":\"Altaona Sports &amp; Wellness Resort. Villas y otras propiedades de obra nueva en Murcia.\",\"potentialAction\":[{\"@type\":\"SearchAction\",\"target\":{\"@type\":\"EntryPoint\",\"urlTemplate\":\"https:\\\/\\\/taolis.com\\\/es\\\/?s={search_term_string}\"},\"query-input\":{\"@type\":\"PropertyValueSpecification\",\"valueRequired\":true,\"valueName\":\"search_term_string\"}}],\"inLanguage\":\"es\"}]}<\/script>\n<!-- \/ Yoast SEO plugin. -->","yoast_head_json":{"title":"Invierte en suites del WOW hotel Murcia. 8% retorno neto fijo anual","description":"Invierte en WOW Longevity Hotel Suites en Altaona Resort, Murcia. Suites de hotel con un 8% neto y fijo de retorno anual, con todo incluido","robots":{"index":"index","follow":"follow","max-snippet":"max-snippet:-1","max-image-preview":"max-image-preview:large","max-video-preview":"max-video-preview:-1"},"canonical":"https:\/\/taolis.com\/es\/longevity-hotel-apartments\/","og_locale":"es_ES","og_type":"article","og_title":"Invierte en suites del WOW hotel Murcia. 8% retorno neto fijo anual","og_description":"Invierte en WOW Longevity Hotel Suites en Altaona Resort, Murcia. Suites de hotel con un 8% neto y fijo de retorno anual, con todo incluido","og_url":"https:\/\/taolis.com\/es\/longevity-hotel-apartments\/","og_site_name":"Altaona Resort. The Art of Living in Spain","article_modified_time":"2026-02-27T08:38:48+00:00","og_image":[{"width":316,"height":563,"url":"https:\/\/taolis.com\/wp-content\/uploads\/2025\/11\/Longevity-hotel-apartments-altaona-murcia-hero-home-2.webp","type":"image\/jpeg"}],"twitter_card":"summary_large_image","twitter_misc":{"Tiempo de lectura":"1 minuto"},"schema":{"@context":"https:\/\/schema.org","@graph":[{"@type":"WebPage","@id":"https:\/\/taolis.com\/es\/longevity-hotel-apartments\/","url":"https:\/\/taolis.com\/es\/longevity-hotel-apartments\/","name":"Invierte en suites del WOW hotel Murcia. 8% retorno neto fijo anual","isPartOf":{"@id":"https:\/\/taolis.com\/es\/#website"},"primaryImageOfPage":{"@id":"https:\/\/taolis.com\/es\/longevity-hotel-apartments\/#primaryimage"},"image":{"@id":"https:\/\/taolis.com\/es\/longevity-hotel-apartments\/#primaryimage"},"thumbnailUrl":"https:\/\/taolis.com\/wp-content\/uploads\/2025\/11\/Longevity-hotel-apartments-altaona-murcia-hero-home-2.webp","datePublished":"2025-11-13T11:28:23+00:00","dateModified":"2026-02-27T08:38:48+00:00","description":"Invierte en WOW Longevity Hotel Suites en Altaona Resort, Murcia. Suites de hotel con un 8% neto y fijo de retorno anual, con todo incluido","breadcrumb":{"@id":"https:\/\/taolis.com\/es\/longevity-hotel-apartments\/#breadcrumb"},"inLanguage":"es","potentialAction":[{"@type":"ReadAction","target":["https:\/\/taolis.com\/es\/longevity-hotel-apartments\/"]}]},{"@type":"ImageObject","inLanguage":"es","@id":"https:\/\/taolis.com\/es\/longevity-hotel-apartments\/#primaryimage","url":"https:\/\/taolis.com\/wp-content\/uploads\/2025\/11\/Longevity-hotel-apartments-altaona-murcia-hero-home-2.webp","contentUrl":"https:\/\/taolis.com\/wp-content\/uploads\/2025\/11\/Longevity-hotel-apartments-altaona-murcia-hero-home-2.webp","width":316,"height":563},{"@type":"BreadcrumbList","@id":"https:\/\/taolis.com\/es\/longevity-hotel-apartments\/#breadcrumb","itemListElement":[{"@type":"ListItem","position":1,"name":"Home","item":"https:\/\/taolis.com\/es\/"},{"@type":"ListItem","position":2,"name":"Longevity Hotel en Murcia"}]},{"@type":"WebSite","@id":"https:\/\/taolis.com\/es\/#website","url":"https:\/\/taolis.com\/es\/","name":"Altaona Resort. The Art of Living in Spain","description":"Altaona Sports &amp; Wellness Resort. Villas y otras propiedades de obra nueva en Murcia.","potentialAction":[{"@type":"SearchAction","target":{"@type":"EntryPoint","urlTemplate":"https:\/\/taolis.com\/es\/?s={search_term_string}"},"query-input":{"@type":"PropertyValueSpecification","valueRequired":true,"valueName":"search_term_string"}}],"inLanguage":"es"}]}},"_links":{"self":[{"href":"https:\/\/taolis.com\/es\/wp-json\/wp\/v2\/pages\/14736","targetHints":{"allow":["GET"]}}],"collection":[{"href":"https:\/\/taolis.com\/es\/wp-json\/wp\/v2\/pages"}],"about":[{"href":"https:\/\/taolis.com\/es\/wp-json\/wp\/v2\/types\/page"}],"author":[{"embeddable":true,"href":"https:\/\/taolis.com\/es\/wp-json\/wp\/v2\/users\/4"}],"replies":[{"embeddable":true,"href":"https:\/\/taolis.com\/es\/wp-json\/wp\/v2\/comments?post=14736"}],"version-history":[{"count":4,"href":"https:\/\/taolis.com\/es\/wp-json\/wp\/v2\/pages\/14736\/revisions"}],"predecessor-version":[{"id":18934,"href":"https:\/\/taolis.com\/es\/wp-json\/wp\/v2\/pages\/14736\/revisions\/18934"}],"wp:featuredmedia":[{"embeddable":true,"href":"https:\/\/taolis.com\/es\/wp-json\/wp\/v2\/media\/14510"}],"wp:attachment":[{"href":"https:\/\/taolis.com\/es\/wp-json\/wp\/v2\/media?parent=14736"}],"curies":[{"name":"wp","href":"https:\/\/api.w.org\/{rel}","templated":true}]}}