{"id":12566,"date":"2025-02-01T13:55:01","date_gmt":"2025-02-01T12:55:01","guid":{"rendered":"https:\/\/taolis.com\/?page_id=12566"},"modified":"2026-03-16T12:54:28","modified_gmt":"2026-03-16T11:54:28","slug":"villas-fairway-in-murcia-spain","status":"publish","type":"page","link":"https:\/\/taolis.com\/es\/villas-fairway-in-murcia-spain\/","title":{"rendered":"Villas Fairway"},"content":{"rendered":"<p><em>Los metros cuadrados construidos indicados son orientativos. Cada villa est\u00e1 dise\u00f1ada a medida y personalizada, por lo que la superficie construida final puede variar. Hay modelos de villas de ejemplo disponibles que se pueden adaptar a las preferencias del cliente.<\/em><\/p>\n<p>El modelo mostrado es un ejemplo de dise\u00f1o que sirve como idea o base para el dise\u00f1o del cliente.<\/p>\n<p><strong>Villas Fairway<\/strong> redefine el estilo de vida contempor\u00e1neo a trav\u00e9s de un di\u00e1logo armonioso entre <strong>arquitectura, luz y paisaje<\/strong>.<\/p>\n<p>Ubicadas dentro del exclusivo <strong>Altaona Sports &amp; Wellness Resort<\/strong>, estas residencias se alzan al pie del campo de golf, donde el dise\u00f1o moderno y el ritmo de la naturaleza conviven en equilibrio perfecto.<\/p>\n<p>Cada villa es una composici\u00f3n de <strong>l\u00edneas puras<\/strong> y <strong>vol\u00famenes geom\u00e9tricos<\/strong>, realzada por <strong>materiales nobles<\/strong> como <strong>madera, piedra y m\u00e1rmol<\/strong>. Sus interiores se despliegan con una <strong>elegancia natural<\/strong> en amplios espacios abiertos que invitan al exterior a integrarse en el hogar a trav\u00e9s de <strong>ventanales de suelo a techo<\/strong>. Cada estancia disfruta de <strong>vistas panor\u00e1micas<\/strong> a los fairways y las colinas de Altaona, ba\u00f1ando la vivienda con <strong>luz natural<\/strong> durante todo el d\u00eda.<\/p>\n<p>El exterior ampl\u00eda la experiencia del hogar. <strong>Amplias terrazas<\/strong> y una <strong>piscina infinita privada<\/strong> crean un entorno sereno donde <strong>arquitectura y paisaje<\/strong> se funden en un mismo horizonte continuo.<\/p>\n","protected":false},"excerpt":{"rendered":"<p>Los metros cuadrados construidos indicados son orientativos. Cada villa est\u00e1 dise\u00f1ada a medida y personalizada, por lo que la superficie &hellip; <a href=\"https:\/\/taolis.com\/es\/villas-fairway-in-murcia-spain\/\" class=\"more-link\">Continue reading <span class=\"screen-reader-text\">Villas Fairway<\/span><\/a><\/p>\n","protected":false},"author":3,"featured_media":12586,"parent":0,"menu_order":7,"comment_status":"closed","ping_status":"closed","template":"page-development.php","meta":{"_acf_changed":false,"footnotes":""},"class_list":["post-12566","page","type-page","status-publish","has-post-thumbnail","hentry"],"acf":[],"yoast_head":"<!-- This site is optimized with the Yoast SEO plugin v27.4 - https:\/\/yoast.com\/product\/yoast-seo-wordpress\/ -->\n<title>Villas Fairway - Altaona Resort. The Art of Living in Spain<\/title>\n<meta name=\"description\" content=\"Villas Fairway en Murcia, sur de Espa\u00f1a. Propiedades de lujo con dise\u00f1o moderno y vistas en primera l\u00ednea de golf. Ideales para vivir o invertir.\" \/>\n<meta name=\"robots\" content=\"index, follow, max-snippet:-1, max-image-preview:large, max-video-preview:-1\" \/>\n<link rel=\"canonical\" href=\"https:\/\/taolis.com\/es\/villas-fairway-in-murcia-spain\/\" \/>\n<meta property=\"og:locale\" content=\"es_ES\" \/>\n<meta property=\"og:type\" content=\"article\" \/>\n<meta property=\"og:title\" content=\"Villas Fairway - Altaona Resort. The Art of Living in Spain\" \/>\n<meta property=\"og:description\" content=\"Villas Fairway en Murcia, sur de Espa\u00f1a. Propiedades de lujo con dise\u00f1o moderno y vistas en primera l\u00ednea de golf. Ideales para vivir o invertir.\" \/>\n<meta property=\"og:url\" content=\"https:\/\/taolis.com\/es\/villas-fairway-in-murcia-spain\/\" \/>\n<meta property=\"og:site_name\" content=\"Altaona Resort. The Art of Living in Spain\" \/>\n<meta property=\"article:modified_time\" content=\"2026-03-16T11:54:28+00:00\" \/>\n<meta property=\"og:image\" content=\"https:\/\/taolis.com\/wp-content\/uploads\/2025\/10\/new-build-villa-in-Murcia-Altaona-resort-Fairway-2.webp\" \/>\n\t<meta property=\"og:image:width\" content=\"1000\" \/>\n\t<meta property=\"og:image:height\" content=\"563\" \/>\n\t<meta property=\"og:image:type\" content=\"image\/jpeg\" \/>\n<meta name=\"twitter:card\" content=\"summary_large_image\" \/>\n<meta name=\"twitter:label1\" content=\"Tiempo de lectura\" \/>\n\t<meta name=\"twitter:data1\" content=\"2 minuto\" \/>\n<script type=\"application\/ld+json\" class=\"yoast-schema-graph\">{\"@context\":\"https:\\\/\\\/schema.org\",\"@graph\":[{\"@type\":\"WebPage\",\"@id\":\"https:\\\/\\\/taolis.com\\\/es\\\/villas-fairway-in-murcia-spain\\\/\",\"url\":\"https:\\\/\\\/taolis.com\\\/es\\\/villas-fairway-in-murcia-spain\\\/\",\"name\":\"Villas Fairway - Altaona Resort. The Art of Living in Spain\",\"isPartOf\":{\"@id\":\"https:\\\/\\\/taolis.com\\\/es\\\/#website\"},\"primaryImageOfPage\":{\"@id\":\"https:\\\/\\\/taolis.com\\\/es\\\/villas-fairway-in-murcia-spain\\\/#primaryimage\"},\"image\":{\"@id\":\"https:\\\/\\\/taolis.com\\\/es\\\/villas-fairway-in-murcia-spain\\\/#primaryimage\"},\"thumbnailUrl\":\"https:\\\/\\\/taolis.com\\\/wp-content\\\/uploads\\\/2025\\\/10\\\/new-build-villa-in-Murcia-Altaona-resort-Fairway-2.webp\",\"datePublished\":\"2025-02-01T12:55:01+00:00\",\"dateModified\":\"2026-03-16T11:54:28+00:00\",\"description\":\"Villas Fairway en Murcia, sur de Espa\u00f1a. Propiedades de lujo con dise\u00f1o moderno y vistas en primera l\u00ednea de golf. Ideales para vivir o invertir.\",\"breadcrumb\":{\"@id\":\"https:\\\/\\\/taolis.com\\\/es\\\/villas-fairway-in-murcia-spain\\\/#breadcrumb\"},\"inLanguage\":\"es\",\"potentialAction\":[{\"@type\":\"ReadAction\",\"target\":[\"https:\\\/\\\/taolis.com\\\/es\\\/villas-fairway-in-murcia-spain\\\/\"]}]},{\"@type\":\"ImageObject\",\"inLanguage\":\"es\",\"@id\":\"https:\\\/\\\/taolis.com\\\/es\\\/villas-fairway-in-murcia-spain\\\/#primaryimage\",\"url\":\"https:\\\/\\\/taolis.com\\\/wp-content\\\/uploads\\\/2025\\\/10\\\/new-build-villa-in-Murcia-Altaona-resort-Fairway-2.webp\",\"contentUrl\":\"https:\\\/\\\/taolis.com\\\/wp-content\\\/uploads\\\/2025\\\/10\\\/new-build-villa-in-Murcia-Altaona-resort-Fairway-2.webp\",\"width\":1000,\"height\":563},{\"@type\":\"BreadcrumbList\",\"@id\":\"https:\\\/\\\/taolis.com\\\/es\\\/villas-fairway-in-murcia-spain\\\/#breadcrumb\",\"itemListElement\":[{\"@type\":\"ListItem\",\"position\":1,\"name\":\"Home\",\"item\":\"https:\\\/\\\/taolis.com\\\/es\\\/\"},{\"@type\":\"ListItem\",\"position\":2,\"name\":\"Villas Fairway\"}]},{\"@type\":\"WebSite\",\"@id\":\"https:\\\/\\\/taolis.com\\\/es\\\/#website\",\"url\":\"https:\\\/\\\/taolis.com\\\/es\\\/\",\"name\":\"Altaona Resort. The Art of Living in Spain\",\"description\":\"Altaona Sports &amp; Wellness Resort. Villas y otras propiedades de obra nueva en Murcia.\",\"potentialAction\":[{\"@type\":\"SearchAction\",\"target\":{\"@type\":\"EntryPoint\",\"urlTemplate\":\"https:\\\/\\\/taolis.com\\\/es\\\/?s={search_term_string}\"},\"query-input\":{\"@type\":\"PropertyValueSpecification\",\"valueRequired\":true,\"valueName\":\"search_term_string\"}}],\"inLanguage\":\"es\"}]}<\/script>\n<!-- \/ Yoast SEO plugin. -->","yoast_head_json":{"title":"Villas Fairway - Altaona Resort. The Art of Living in Spain","description":"Villas Fairway en Murcia, sur de Espa\u00f1a. Propiedades de lujo con dise\u00f1o moderno y vistas en primera l\u00ednea de golf. Ideales para vivir o invertir.","robots":{"index":"index","follow":"follow","max-snippet":"max-snippet:-1","max-image-preview":"max-image-preview:large","max-video-preview":"max-video-preview:-1"},"canonical":"https:\/\/taolis.com\/es\/villas-fairway-in-murcia-spain\/","og_locale":"es_ES","og_type":"article","og_title":"Villas Fairway - Altaona Resort. The Art of Living in Spain","og_description":"Villas Fairway en Murcia, sur de Espa\u00f1a. Propiedades de lujo con dise\u00f1o moderno y vistas en primera l\u00ednea de golf. Ideales para vivir o invertir.","og_url":"https:\/\/taolis.com\/es\/villas-fairway-in-murcia-spain\/","og_site_name":"Altaona Resort. The Art of Living in Spain","article_modified_time":"2026-03-16T11:54:28+00:00","og_image":[{"width":1000,"height":563,"url":"https:\/\/taolis.com\/wp-content\/uploads\/2025\/10\/new-build-villa-in-Murcia-Altaona-resort-Fairway-2.webp","type":"image\/jpeg"}],"twitter_card":"summary_large_image","twitter_misc":{"Tiempo de lectura":"2 minuto"},"schema":{"@context":"https:\/\/schema.org","@graph":[{"@type":"WebPage","@id":"https:\/\/taolis.com\/es\/villas-fairway-in-murcia-spain\/","url":"https:\/\/taolis.com\/es\/villas-fairway-in-murcia-spain\/","name":"Villas Fairway - Altaona Resort. The Art of Living in Spain","isPartOf":{"@id":"https:\/\/taolis.com\/es\/#website"},"primaryImageOfPage":{"@id":"https:\/\/taolis.com\/es\/villas-fairway-in-murcia-spain\/#primaryimage"},"image":{"@id":"https:\/\/taolis.com\/es\/villas-fairway-in-murcia-spain\/#primaryimage"},"thumbnailUrl":"https:\/\/taolis.com\/wp-content\/uploads\/2025\/10\/new-build-villa-in-Murcia-Altaona-resort-Fairway-2.webp","datePublished":"2025-02-01T12:55:01+00:00","dateModified":"2026-03-16T11:54:28+00:00","description":"Villas Fairway en Murcia, sur de Espa\u00f1a. Propiedades de lujo con dise\u00f1o moderno y vistas en primera l\u00ednea de golf. Ideales para vivir o invertir.","breadcrumb":{"@id":"https:\/\/taolis.com\/es\/villas-fairway-in-murcia-spain\/#breadcrumb"},"inLanguage":"es","potentialAction":[{"@type":"ReadAction","target":["https:\/\/taolis.com\/es\/villas-fairway-in-murcia-spain\/"]}]},{"@type":"ImageObject","inLanguage":"es","@id":"https:\/\/taolis.com\/es\/villas-fairway-in-murcia-spain\/#primaryimage","url":"https:\/\/taolis.com\/wp-content\/uploads\/2025\/10\/new-build-villa-in-Murcia-Altaona-resort-Fairway-2.webp","contentUrl":"https:\/\/taolis.com\/wp-content\/uploads\/2025\/10\/new-build-villa-in-Murcia-Altaona-resort-Fairway-2.webp","width":1000,"height":563},{"@type":"BreadcrumbList","@id":"https:\/\/taolis.com\/es\/villas-fairway-in-murcia-spain\/#breadcrumb","itemListElement":[{"@type":"ListItem","position":1,"name":"Home","item":"https:\/\/taolis.com\/es\/"},{"@type":"ListItem","position":2,"name":"Villas Fairway"}]},{"@type":"WebSite","@id":"https:\/\/taolis.com\/es\/#website","url":"https:\/\/taolis.com\/es\/","name":"Altaona Resort. The Art of Living in Spain","description":"Altaona Sports &amp; Wellness Resort. Villas y otras propiedades de obra nueva en Murcia.","potentialAction":[{"@type":"SearchAction","target":{"@type":"EntryPoint","urlTemplate":"https:\/\/taolis.com\/es\/?s={search_term_string}"},"query-input":{"@type":"PropertyValueSpecification","valueRequired":true,"valueName":"search_term_string"}}],"inLanguage":"es"}]}},"_links":{"self":[{"href":"https:\/\/taolis.com\/es\/wp-json\/wp\/v2\/pages\/12566","targetHints":{"allow":["GET"]}}],"collection":[{"href":"https:\/\/taolis.com\/es\/wp-json\/wp\/v2\/pages"}],"about":[{"href":"https:\/\/taolis.com\/es\/wp-json\/wp\/v2\/types\/page"}],"author":[{"embeddable":true,"href":"https:\/\/taolis.com\/es\/wp-json\/wp\/v2\/users\/3"}],"replies":[{"embeddable":true,"href":"https:\/\/taolis.com\/es\/wp-json\/wp\/v2\/comments?post=12566"}],"version-history":[{"count":9,"href":"https:\/\/taolis.com\/es\/wp-json\/wp\/v2\/pages\/12566\/revisions"}],"predecessor-version":[{"id":19602,"href":"https:\/\/taolis.com\/es\/wp-json\/wp\/v2\/pages\/12566\/revisions\/19602"}],"wp:featuredmedia":[{"embeddable":true,"href":"https:\/\/taolis.com\/es\/wp-json\/wp\/v2\/media\/12586"}],"wp:attachment":[{"href":"https:\/\/taolis.com\/es\/wp-json\/wp\/v2\/media?parent=12566"}],"curies":[{"name":"wp","href":"https:\/\/api.w.org\/{rel}","templated":true}]}}