{"id":12162,"date":"2025-10-02T10:02:56","date_gmt":"2025-10-02T08:02:56","guid":{"rendered":"https:\/\/taolis.com\/?page_id=12162"},"modified":"2025-11-21T15:18:12","modified_gmt":"2025-11-21T14:18:12","slug":"villas-en-venta-altaona-golf","status":"publish","type":"page","link":"https:\/\/taolis.com\/es\/villas-en-venta-altaona-golf\/","title":{"rendered":"Villas en venta en Altaona Golf"},"content":{"rendered":"<p><span style=\"font-weight: 400;\">Imagina despertar cada ma\u00f1ana con vistas abiertas a un campo de golf, rodeado de naturaleza y con la c\u00e1lida luz del sol de Murcia entrando por tus ventanas. Vivir en Altaona Golf no es solo tener una casa, es ganar tranquilidad, amplitud y la oportunidad de disfrutar cada d\u00eda en un lugar pensado para ti.<\/span><\/p>\n<div class=\"Ss4fHf\">\n<div class=\"beTDc\">\n<div class=\"RLrADb\" data-message-id=\"spaces\/W-gZ8_3NEZYB\/messages\/1759305012346735\">\n<div class=\"jO4O1\">\n<div class=\"ptNLrf\">\n<div>\n<div>Siente el esp\u00edritu del juego en <a href=\"https:\/\/taolis.com\/es\/altaona-golf\/\">Altaona Golf<\/a>.<\/div>\n<\/div>\n<\/div>\n<\/div>\n<\/div>\n<\/div>\n<\/div>\n","protected":false},"excerpt":{"rendered":"<p>Imagina despertar cada ma\u00f1ana con vistas abiertas a un campo de golf, rodeado de naturaleza y con la c\u00e1lida luz&#8230;<\/p>\n","protected":false},"author":8,"featured_media":0,"parent":0,"menu_order":0,"comment_status":"closed","ping_status":"closed","template":"","meta":{"_acf_changed":false,"footnotes":""},"class_list":["post-12162","page","type-page","status-publish","hentry"],"acf":[],"yoast_head":"<!-- This site is optimized with the Yoast SEO plugin v27.5 - https:\/\/yoast.com\/product\/yoast-seo-wordpress\/ -->\n<title>Villas en venta en Altaona Golf Murcia, Espa\u00f1a - Taolis<\/title>\n<meta name=\"description\" content=\"Descubre villas exclusivas en Altaona Golf, Murcia. Viviendas de lujo con dise\u00f1o moderno y vistas \u00fanicas. Solicita informaci\u00f3n y agenda tu visita.\" \/>\n<meta name=\"robots\" content=\"index, follow, max-snippet:-1, max-image-preview:large, max-video-preview:-1\" \/>\n<link rel=\"canonical\" href=\"https:\/\/taolis.com\/es\/villas-en-venta-altaona-golf\/\" \/>\n<meta property=\"og:locale\" content=\"es_ES\" \/>\n<meta property=\"og:type\" content=\"article\" \/>\n<meta property=\"og:title\" content=\"Villas en venta en Altaona Golf Murcia, Espa\u00f1a - Taolis\" \/>\n<meta property=\"og:description\" content=\"Descubre villas exclusivas en Altaona Golf, Murcia. Viviendas de lujo con dise\u00f1o moderno y vistas \u00fanicas. Solicita informaci\u00f3n y agenda tu visita.\" \/>\n<meta property=\"og:url\" content=\"https:\/\/taolis.com\/es\/villas-en-venta-altaona-golf\/\" \/>\n<meta property=\"og:site_name\" content=\"Altaona Resort. The Art of Living in Spain\" \/>\n<meta property=\"article:modified_time\" content=\"2025-11-21T14:18:12+00:00\" \/>\n<meta name=\"twitter:card\" content=\"summary_large_image\" \/>\n<meta name=\"twitter:label1\" content=\"Tiempo de lectura\" \/>\n\t<meta name=\"twitter:data1\" content=\"1 minuto\" \/>\n<script type=\"application\/ld+json\" class=\"yoast-schema-graph\">{\"@context\":\"https:\\\/\\\/schema.org\",\"@graph\":[{\"@type\":\"WebPage\",\"@id\":\"https:\\\/\\\/taolis.com\\\/es\\\/villas-en-venta-altaona-golf\\\/\",\"url\":\"https:\\\/\\\/taolis.com\\\/es\\\/villas-en-venta-altaona-golf\\\/\",\"name\":\"Villas en venta en Altaona Golf Murcia, Espa\u00f1a - Taolis\",\"isPartOf\":{\"@id\":\"https:\\\/\\\/taolis.com\\\/es\\\/#website\"},\"datePublished\":\"2025-10-02T08:02:56+00:00\",\"dateModified\":\"2025-11-21T14:18:12+00:00\",\"description\":\"Descubre villas exclusivas en Altaona Golf, Murcia. Viviendas de lujo con dise\u00f1o moderno y vistas \u00fanicas. Solicita informaci\u00f3n y agenda tu visita.\",\"breadcrumb\":{\"@id\":\"https:\\\/\\\/taolis.com\\\/es\\\/villas-en-venta-altaona-golf\\\/#breadcrumb\"},\"inLanguage\":\"es\",\"potentialAction\":[{\"@type\":\"ReadAction\",\"target\":[\"https:\\\/\\\/taolis.com\\\/es\\\/villas-en-venta-altaona-golf\\\/\"]}]},{\"@type\":\"BreadcrumbList\",\"@id\":\"https:\\\/\\\/taolis.com\\\/es\\\/villas-en-venta-altaona-golf\\\/#breadcrumb\",\"itemListElement\":[{\"@type\":\"ListItem\",\"position\":1,\"name\":\"Home\",\"item\":\"https:\\\/\\\/taolis.com\\\/es\\\/\"},{\"@type\":\"ListItem\",\"position\":2,\"name\":\"Villas en venta en Altaona Golf\"}]},{\"@type\":\"WebSite\",\"@id\":\"https:\\\/\\\/taolis.com\\\/es\\\/#website\",\"url\":\"https:\\\/\\\/taolis.com\\\/es\\\/\",\"name\":\"Altaona Resort. The Art of Living in Spain\",\"description\":\"Altaona Sports &amp; Wellness Resort. Villas y otras propiedades de obra nueva en Murcia.\",\"potentialAction\":[{\"@type\":\"SearchAction\",\"target\":{\"@type\":\"EntryPoint\",\"urlTemplate\":\"https:\\\/\\\/taolis.com\\\/es\\\/?s={search_term_string}\"},\"query-input\":{\"@type\":\"PropertyValueSpecification\",\"valueRequired\":true,\"valueName\":\"search_term_string\"}}],\"inLanguage\":\"es\"}]}<\/script>\n<!-- \/ Yoast SEO plugin. -->","yoast_head_json":{"title":"Villas en venta en Altaona Golf Murcia, Espa\u00f1a - Taolis","description":"Descubre villas exclusivas en Altaona Golf, Murcia. Viviendas de lujo con dise\u00f1o moderno y vistas \u00fanicas. Solicita informaci\u00f3n y agenda tu visita.","robots":{"index":"index","follow":"follow","max-snippet":"max-snippet:-1","max-image-preview":"max-image-preview:large","max-video-preview":"max-video-preview:-1"},"canonical":"https:\/\/taolis.com\/es\/villas-en-venta-altaona-golf\/","og_locale":"es_ES","og_type":"article","og_title":"Villas en venta en Altaona Golf Murcia, Espa\u00f1a - Taolis","og_description":"Descubre villas exclusivas en Altaona Golf, Murcia. Viviendas de lujo con dise\u00f1o moderno y vistas \u00fanicas. Solicita informaci\u00f3n y agenda tu visita.","og_url":"https:\/\/taolis.com\/es\/villas-en-venta-altaona-golf\/","og_site_name":"Altaona Resort. The Art of Living in Spain","article_modified_time":"2025-11-21T14:18:12+00:00","twitter_card":"summary_large_image","twitter_misc":{"Tiempo de lectura":"1 minuto"},"schema":{"@context":"https:\/\/schema.org","@graph":[{"@type":"WebPage","@id":"https:\/\/taolis.com\/es\/villas-en-venta-altaona-golf\/","url":"https:\/\/taolis.com\/es\/villas-en-venta-altaona-golf\/","name":"Villas en venta en Altaona Golf Murcia, Espa\u00f1a - Taolis","isPartOf":{"@id":"https:\/\/taolis.com\/es\/#website"},"datePublished":"2025-10-02T08:02:56+00:00","dateModified":"2025-11-21T14:18:12+00:00","description":"Descubre villas exclusivas en Altaona Golf, Murcia. Viviendas de lujo con dise\u00f1o moderno y vistas \u00fanicas. Solicita informaci\u00f3n y agenda tu visita.","breadcrumb":{"@id":"https:\/\/taolis.com\/es\/villas-en-venta-altaona-golf\/#breadcrumb"},"inLanguage":"es","potentialAction":[{"@type":"ReadAction","target":["https:\/\/taolis.com\/es\/villas-en-venta-altaona-golf\/"]}]},{"@type":"BreadcrumbList","@id":"https:\/\/taolis.com\/es\/villas-en-venta-altaona-golf\/#breadcrumb","itemListElement":[{"@type":"ListItem","position":1,"name":"Home","item":"https:\/\/taolis.com\/es\/"},{"@type":"ListItem","position":2,"name":"Villas en venta en Altaona Golf"}]},{"@type":"WebSite","@id":"https:\/\/taolis.com\/es\/#website","url":"https:\/\/taolis.com\/es\/","name":"Altaona Resort. The Art of Living in Spain","description":"Altaona Sports &amp; Wellness Resort. Villas y otras propiedades de obra nueva en Murcia.","potentialAction":[{"@type":"SearchAction","target":{"@type":"EntryPoint","urlTemplate":"https:\/\/taolis.com\/es\/?s={search_term_string}"},"query-input":{"@type":"PropertyValueSpecification","valueRequired":true,"valueName":"search_term_string"}}],"inLanguage":"es"}]}},"_links":{"self":[{"href":"https:\/\/taolis.com\/es\/wp-json\/wp\/v2\/pages\/12162","targetHints":{"allow":["GET"]}}],"collection":[{"href":"https:\/\/taolis.com\/es\/wp-json\/wp\/v2\/pages"}],"about":[{"href":"https:\/\/taolis.com\/es\/wp-json\/wp\/v2\/types\/page"}],"author":[{"embeddable":true,"href":"https:\/\/taolis.com\/es\/wp-json\/wp\/v2\/users\/8"}],"replies":[{"embeddable":true,"href":"https:\/\/taolis.com\/es\/wp-json\/wp\/v2\/comments?post=12162"}],"version-history":[{"count":0,"href":"https:\/\/taolis.com\/es\/wp-json\/wp\/v2\/pages\/12162\/revisions"}],"wp:attachment":[{"href":"https:\/\/taolis.com\/es\/wp-json\/wp\/v2\/media?parent=12162"}],"curies":[{"name":"wp","href":"https:\/\/api.w.org\/{rel}","templated":true}]}}