{"id":20489,"date":"2026-04-15T11:55:22","date_gmt":"2026-04-15T09:55:22","guid":{"rendered":"https:\/\/taolis.com\/?page_id=20489"},"modified":"2026-04-15T11:55:22","modified_gmt":"2026-04-15T09:55:22","slug":"las-vistas-altaona","status":"publish","type":"page","link":"https:\/\/taolis.com\/de\/las-vistas-altaona\/","title":{"rendered":"Las Vistas Altaona"},"content":{"rendered":"<p>Las Vistas Altaona ist eine luxuri\u00f6se Wohnanlage mit privaten Villen am Fu\u00dfe der Berge im Herzen von Murcia, Spanien. Hier pr\u00e4gen Raum, Privatsph\u00e4re und Natur das t\u00e4gliche Leben und schaffen eine ruhige Umgebung, die einen langsameren Lebensrhythmus und eine ausgewogenere, ges\u00fcndere Lebensweise f\u00f6rdert.<\/p>\n<p>Als Teil der umfassenden Lifestyle-Vision von Altaona vereint Las Vistas Altaona zeitgen\u00f6ssische Architektur, offene Landschaften und durchdachte Planung, um Komfort, Wohlbefinden und langfristige Lebensqualit\u00e4t zu f\u00f6rdern.<\/p>\n<p>Die Anlage besteht aus 85 unabh\u00e4ngigen Villen mit privaten G\u00e4rten und Swimmingpools, die jeweils auf gro\u00dfz\u00fcgigen Grundst\u00fccken liegen und so ausgerichtet sind, dass sie das nat\u00fcrliche Licht optimal nutzen. Die H\u00e4user sind mit maximaler Schall- und W\u00e4rmed\u00e4mmung ausgestattet, w\u00e4hrend die S\u00fcdausrichtung und der freie Blick die Bel\u00fcftung, den Komfort im Innenbereich und die Verbindung zwischen Innen- und Au\u00dfenr\u00e4umen verbessern und so das Leben im Freien, t\u00e4gliche Bewegung und Zeit in der Natur f\u00f6rdern.<\/p>\n<a href=\"#lasvistas-table-plots\" class=\"button normal-button\">Las Vistas verf\u00fcgbare Grundst\u00fccke &amp; Preise<\/a>\n","protected":false},"excerpt":{"rendered":"<p>Las Vistas Altaona ist eine luxuri\u00f6se Wohnanlage mit privaten Villen am Fu\u00dfe der Berge im Herzen von Murcia, Spanien. Hier &hellip; <a href=\"https:\/\/taolis.com\/de\/las-vistas-altaona\/\" class=\"more-link\">Continue reading <span class=\"screen-reader-text\">Las Vistas Altaona<\/span><\/a><\/p>\n","protected":false},"author":3,"featured_media":16696,"parent":0,"menu_order":1,"comment_status":"closed","ping_status":"closed","template":"page-development.php","meta":{"_acf_changed":false,"footnotes":""},"class_list":["post-20489","page","type-page","status-publish","has-post-thumbnail","hentry"],"acf":[],"yoast_head":"<!-- This site is optimized with the Yoast SEO plugin v27.4 - https:\/\/yoast.com\/product\/yoast-seo-wordpress\/ -->\n<title>Las Vistas Altaona - The Art Of Living In Spain. Altaona Resort in Murcia<\/title>\n<meta name=\"description\" content=\"Las Vistas Altaona in Murcia: moderne H\u00e4user mit Panoramablick, Golf und Natur. Perfekt zum Leben oder Investieren im mediterranen Umfeld.\" \/>\n<meta name=\"robots\" content=\"index, follow, max-snippet:-1, max-image-preview:large, max-video-preview:-1\" \/>\n<link rel=\"canonical\" href=\"https:\/\/taolis.com\/de\/las-vistas-altaona\/\" \/>\n<meta property=\"og:locale\" content=\"de_DE\" \/>\n<meta property=\"og:type\" content=\"article\" \/>\n<meta property=\"og:title\" content=\"Las Vistas Altaona - The Art Of Living In Spain. Altaona Resort in Murcia\" \/>\n<meta property=\"og:description\" content=\"Las Vistas Altaona in Murcia: moderne H\u00e4user mit Panoramablick, Golf und Natur. Perfekt zum Leben oder Investieren im mediterranen Umfeld.\" \/>\n<meta property=\"og:url\" content=\"https:\/\/taolis.com\/de\/las-vistas-altaona\/\" \/>\n<meta property=\"og:site_name\" content=\"The Art Of Living In Spain. Altaona Resort in Murcia\" \/>\n<meta property=\"og:image\" content=\"https:\/\/taolis.com\/wp-content\/uploads\/2025\/02\/RszoV4UlIFk6R7X1w4i1aFjTSJ0yxvCy.webp\" \/>\n\t<meta property=\"og:image:width\" content=\"1500\" \/>\n\t<meta property=\"og:image:height\" content=\"844\" \/>\n\t<meta property=\"og:image:type\" content=\"image\/jpeg\" \/>\n<meta name=\"twitter:card\" content=\"summary_large_image\" \/>\n<meta name=\"twitter:label1\" content=\"Gesch\u00e4tzte Lesezeit\" \/>\n\t<meta name=\"twitter:data1\" content=\"1\u00a0Minute\" \/>\n<script type=\"application\/ld+json\" class=\"yoast-schema-graph\">{\"@context\":\"https:\\\/\\\/schema.org\",\"@graph\":[{\"@type\":\"WebPage\",\"@id\":\"https:\\\/\\\/taolis.com\\\/de\\\/las-vistas-altaona\\\/\",\"url\":\"https:\\\/\\\/taolis.com\\\/de\\\/las-vistas-altaona\\\/\",\"name\":\"Las Vistas Altaona - The Art Of Living In Spain. Altaona Resort in Murcia\",\"isPartOf\":{\"@id\":\"https:\\\/\\\/taolis.com\\\/de\\\/#website\"},\"primaryImageOfPage\":{\"@id\":\"https:\\\/\\\/taolis.com\\\/de\\\/las-vistas-altaona\\\/#primaryimage\"},\"image\":{\"@id\":\"https:\\\/\\\/taolis.com\\\/de\\\/las-vistas-altaona\\\/#primaryimage\"},\"thumbnailUrl\":\"https:\\\/\\\/taolis.com\\\/wp-content\\\/uploads\\\/2025\\\/02\\\/RszoV4UlIFk6R7X1w4i1aFjTSJ0yxvCy.webp\",\"datePublished\":\"2026-04-15T09:55:22+00:00\",\"description\":\"Las Vistas Altaona in Murcia: moderne H\u00e4user mit Panoramablick, Golf und Natur. Perfekt zum Leben oder Investieren im mediterranen Umfeld.\",\"breadcrumb\":{\"@id\":\"https:\\\/\\\/taolis.com\\\/de\\\/las-vistas-altaona\\\/#breadcrumb\"},\"inLanguage\":\"de\",\"potentialAction\":[{\"@type\":\"ReadAction\",\"target\":[\"https:\\\/\\\/taolis.com\\\/de\\\/las-vistas-altaona\\\/\"]}]},{\"@type\":\"ImageObject\",\"inLanguage\":\"de\",\"@id\":\"https:\\\/\\\/taolis.com\\\/de\\\/las-vistas-altaona\\\/#primaryimage\",\"url\":\"https:\\\/\\\/taolis.com\\\/wp-content\\\/uploads\\\/2025\\\/02\\\/RszoV4UlIFk6R7X1w4i1aFjTSJ0yxvCy.webp\",\"contentUrl\":\"https:\\\/\\\/taolis.com\\\/wp-content\\\/uploads\\\/2025\\\/02\\\/RszoV4UlIFk6R7X1w4i1aFjTSJ0yxvCy.webp\",\"width\":1500,\"height\":844,\"caption\":\"Luxury villa in Altaona Murcia with minimalist design, clean lines and spacious outdoor areas\"},{\"@type\":\"BreadcrumbList\",\"@id\":\"https:\\\/\\\/taolis.com\\\/de\\\/las-vistas-altaona\\\/#breadcrumb\",\"itemListElement\":[{\"@type\":\"ListItem\",\"position\":1,\"name\":\"Home\",\"item\":\"https:\\\/\\\/taolis.com\\\/de\\\/\"},{\"@type\":\"ListItem\",\"position\":2,\"name\":\"Las Vistas Altaona\"}]},{\"@type\":\"WebSite\",\"@id\":\"https:\\\/\\\/taolis.com\\\/de\\\/#website\",\"url\":\"https:\\\/\\\/taolis.com\\\/de\\\/\",\"name\":\"The Art Of Living In Spain. Altaona Resort in Murcia\",\"description\":\"Altaona Sports &amp; Wellness Resort. New build villa properties in Murcia, Spain.\",\"potentialAction\":[{\"@type\":\"SearchAction\",\"target\":{\"@type\":\"EntryPoint\",\"urlTemplate\":\"https:\\\/\\\/taolis.com\\\/de\\\/?s={search_term_string}\"},\"query-input\":{\"@type\":\"PropertyValueSpecification\",\"valueRequired\":true,\"valueName\":\"search_term_string\"}}],\"inLanguage\":\"de\"}]}<\/script>\n<!-- \/ Yoast SEO plugin. -->","yoast_head_json":{"title":"Las Vistas Altaona - The Art Of Living In Spain. Altaona Resort in Murcia","description":"Las Vistas Altaona in Murcia: moderne H\u00e4user mit Panoramablick, Golf und Natur. Perfekt zum Leben oder Investieren im mediterranen Umfeld.","robots":{"index":"index","follow":"follow","max-snippet":"max-snippet:-1","max-image-preview":"max-image-preview:large","max-video-preview":"max-video-preview:-1"},"canonical":"https:\/\/taolis.com\/de\/las-vistas-altaona\/","og_locale":"de_DE","og_type":"article","og_title":"Las Vistas Altaona - The Art Of Living In Spain. Altaona Resort in Murcia","og_description":"Las Vistas Altaona in Murcia: moderne H\u00e4user mit Panoramablick, Golf und Natur. Perfekt zum Leben oder Investieren im mediterranen Umfeld.","og_url":"https:\/\/taolis.com\/de\/las-vistas-altaona\/","og_site_name":"The Art Of Living In Spain. Altaona Resort in Murcia","og_image":[{"width":1500,"height":844,"url":"https:\/\/taolis.com\/wp-content\/uploads\/2025\/02\/RszoV4UlIFk6R7X1w4i1aFjTSJ0yxvCy.webp","type":"image\/jpeg"}],"twitter_card":"summary_large_image","twitter_misc":{"Gesch\u00e4tzte Lesezeit":"1\u00a0Minute"},"schema":{"@context":"https:\/\/schema.org","@graph":[{"@type":"WebPage","@id":"https:\/\/taolis.com\/de\/las-vistas-altaona\/","url":"https:\/\/taolis.com\/de\/las-vistas-altaona\/","name":"Las Vistas Altaona - The Art Of Living In Spain. Altaona Resort in Murcia","isPartOf":{"@id":"https:\/\/taolis.com\/de\/#website"},"primaryImageOfPage":{"@id":"https:\/\/taolis.com\/de\/las-vistas-altaona\/#primaryimage"},"image":{"@id":"https:\/\/taolis.com\/de\/las-vistas-altaona\/#primaryimage"},"thumbnailUrl":"https:\/\/taolis.com\/wp-content\/uploads\/2025\/02\/RszoV4UlIFk6R7X1w4i1aFjTSJ0yxvCy.webp","datePublished":"2026-04-15T09:55:22+00:00","description":"Las Vistas Altaona in Murcia: moderne H\u00e4user mit Panoramablick, Golf und Natur. Perfekt zum Leben oder Investieren im mediterranen Umfeld.","breadcrumb":{"@id":"https:\/\/taolis.com\/de\/las-vistas-altaona\/#breadcrumb"},"inLanguage":"de","potentialAction":[{"@type":"ReadAction","target":["https:\/\/taolis.com\/de\/las-vistas-altaona\/"]}]},{"@type":"ImageObject","inLanguage":"de","@id":"https:\/\/taolis.com\/de\/las-vistas-altaona\/#primaryimage","url":"https:\/\/taolis.com\/wp-content\/uploads\/2025\/02\/RszoV4UlIFk6R7X1w4i1aFjTSJ0yxvCy.webp","contentUrl":"https:\/\/taolis.com\/wp-content\/uploads\/2025\/02\/RszoV4UlIFk6R7X1w4i1aFjTSJ0yxvCy.webp","width":1500,"height":844,"caption":"Luxury villa in Altaona Murcia with minimalist design, clean lines and spacious outdoor areas"},{"@type":"BreadcrumbList","@id":"https:\/\/taolis.com\/de\/las-vistas-altaona\/#breadcrumb","itemListElement":[{"@type":"ListItem","position":1,"name":"Home","item":"https:\/\/taolis.com\/de\/"},{"@type":"ListItem","position":2,"name":"Las Vistas Altaona"}]},{"@type":"WebSite","@id":"https:\/\/taolis.com\/de\/#website","url":"https:\/\/taolis.com\/de\/","name":"The Art Of Living In Spain. Altaona Resort in Murcia","description":"Altaona Sports &amp; Wellness Resort. New build villa properties in Murcia, Spain.","potentialAction":[{"@type":"SearchAction","target":{"@type":"EntryPoint","urlTemplate":"https:\/\/taolis.com\/de\/?s={search_term_string}"},"query-input":{"@type":"PropertyValueSpecification","valueRequired":true,"valueName":"search_term_string"}}],"inLanguage":"de"}]}},"_links":{"self":[{"href":"https:\/\/taolis.com\/de\/wp-json\/wp\/v2\/pages\/20489","targetHints":{"allow":["GET"]}}],"collection":[{"href":"https:\/\/taolis.com\/de\/wp-json\/wp\/v2\/pages"}],"about":[{"href":"https:\/\/taolis.com\/de\/wp-json\/wp\/v2\/types\/page"}],"author":[{"embeddable":true,"href":"https:\/\/taolis.com\/de\/wp-json\/wp\/v2\/users\/3"}],"replies":[{"embeddable":true,"href":"https:\/\/taolis.com\/de\/wp-json\/wp\/v2\/comments?post=20489"}],"version-history":[{"count":1,"href":"https:\/\/taolis.com\/de\/wp-json\/wp\/v2\/pages\/20489\/revisions"}],"predecessor-version":[{"id":20495,"href":"https:\/\/taolis.com\/de\/wp-json\/wp\/v2\/pages\/20489\/revisions\/20495"}],"wp:featuredmedia":[{"embeddable":true,"href":"https:\/\/taolis.com\/de\/wp-json\/wp\/v2\/media\/16696"}],"wp:attachment":[{"href":"https:\/\/taolis.com\/de\/wp-json\/wp\/v2\/media?parent=20489"}],"curies":[{"name":"wp","href":"https:\/\/api.w.org\/{rel}","templated":true}]}}