{"id":18885,"date":"2026-02-26T09:35:43","date_gmt":"2026-02-26T08:35:43","guid":{"rendered":"https:\/\/taolis.com\/accesibility-statement\/"},"modified":"2026-03-11T07:15:48","modified_gmt":"2026-03-11T06:15:48","slug":"accesibility-statement","status":"publish","type":"page","link":"https:\/\/taolis.com\/de\/accesibility-statement\/","title":{"rendered":"Barrierefreiheitserkl\u00e4rung"},"content":{"rendered":"<h2>BARRIEREFREIHEIT<\/h2>\n<p>Taolis Sales S.L. verpflichtet sich, ihre Website gem\u00e4\u00df K\u00f6niglichem Dekret 1112\/2018 vom 7. September \u00fcber die Barrierefreiheit von Websites und mobilen Anwendungen im \u00f6ffentlichen Sektor barrierefrei zu gestalten.<\/p>\n<p>Diese Barrierefreiheitserkl\u00e4rung gilt f\u00fcr die Website <a href=\"https:\/\/taolis.com\/de\/\"> https:\/\/taolis.com<\/a>.<\/p>\n<h2>KONFORMIT\u00c4TSSTATUS<\/h2>\n<p>Diese Website entspricht vollst\u00e4ndig dem K\u00f6niglichen Dekret 1112\/2018.<\/p>\n<h2>NICHT BARRIEREFREIE INHALTE<\/h2>\n<p>Die folgenden Inhalte sind aus folgenden Gr\u00fcnden nicht barrierefrei:<\/p>\n<p>Die Inhalte fallen nicht unter die geltenden Rechtsvorschriften:<br \/>\nEs k\u00f6nnen PDF-Dokumente vorhanden sein, die nicht vollst\u00e4ndig barrierefrei sind.<\/p>\n<p>12.2.3 Effektive Kommunikation<br \/>\n11.8.3 Erhalt von Barrierefreiheitsinformationen bei \u00c4nderungen (Bedingt)<br \/>\n11.8.4 Reparaturservice (Bedingt)<br \/>\nUnverh\u00e4ltnism\u00e4\u00dfige Belastung.<br \/>\nNicht zutreffend.<\/p>\n<h2>ERSTELLUNG DIESER BARRIEREFREIHEITSERKL\u00c4RUNG<\/h2>\n<p>Diese Erkl\u00e4rung wurde am 26.02.2026 erstellt.<\/p>\n<p>Die Erkl\u00e4rung wurde im Rahmen einer Selbsteinsch\u00e4tzung von acceseo.com erstellt.<\/p>\n<p>Letzte \u00dcberpr\u00fcfung der Erkl\u00e4rung: 26.02.2026<\/p>\n<h2>KOMMENTARE UND KONTAKTDATEN<\/h2>\n<p>Sie k\u00f6nnen uns bez\u00fcglich der Barrierefreiheitsanforderungen (Artikel 10.2.a) der K\u00f6niglichen Verordnung 1112\/2018) kontaktieren, beispielsweise:<br \/>\nMelden Sie m\u00f6gliche Nichteinhaltungen dieser Website.<br \/>\nMelden Sie sonstige Schwierigkeiten beim Zugriff auf Inhalte.<br \/>\nStellen Sie sonstige Fragen oder Verbesserungsvorschl\u00e4ge zur Barrierefreiheit der Website.<\/p>\n<p><a href=\"https:\/\/taolis.com\/contact\/\">\u00dcber das Kontaktformular.<\/a><\/p>\n<p>Sie k\u00f6nnen Folgendes einreichen:<br \/>\nEine Beschwerde bez\u00fcglich der Einhaltung der Anforderungen der K\u00f6niglichen Verordnung 1112\/2018 oder<br \/>\nEine Anfrage auf barrierefreie Informationen zu:<br \/>\nInhalten, die gem\u00e4\u00df Artikel 3 Absatz 4 der K\u00f6niglichen Verordnung 1112\/2018 nicht unter deren Anwendungsbereich fallen;<br \/>\nInhalten, die von den Anforderungen an die Barrierefreiheit ausgenommen sind, da dies eine unverh\u00e4ltnism\u00e4\u00dfige Belastung darstellen w\u00fcrde.<\/p>\n<p>Die Anfrage auf barrierefreie Informationen muss die Fakten, Gr\u00fcnde und das Anliegen klar darlegen, damit nachgewiesen werden kann, dass es sich um eine berechtigte und angemessene Anfrage handelt.<\/p>\n<p>\u00dcber die in Gesetz 39\/2015 vom 1. Oktober \u00fcber das Gemeinsame Verwaltungsverfahren der \u00f6ffentlichen Verwaltungen festgelegten M\u00f6glichkeiten.<\/p>\n<p>Mitteilungen, Beschwerden und Anfragen auf barrierefreie Informationen werden von der f\u00fcr die jeweiligen Bereiche zust\u00e4ndigen Abteilung auf der Website entgegengenommen und bearbeitet.<\/p>\n<h2>ANTRAGSVERFAHREN<\/h2>\n<p>Wird ein Antrag auf barrierefreie Informationen oder eine Beschwerde abgelehnt, die getroffene Entscheidung nicht akzeptiert oder entspricht die Antwort nicht den Anforderungen von Artikel 12.5, kann die betroffene Person Beschwerde einlegen. Eine Beschwerde kann auch eingelegt werden, wenn innerhalb von zwanzig Arbeitstagen keine Antwort eingegangen ist.<\/p>\n<p>Die Beschwerde kann gem\u00e4\u00df den in Gesetz 39\/2015 vom 1. Oktober \u00fcber das Gemeinsame Verwaltungsverfahren der \u00f6ffentlichen Verwaltungen vorgesehenen M\u00f6glichkeiten eingelegt werden.<\/p>\n","protected":false},"excerpt":{"rendered":"<p>BARRIEREFREIHEIT Taolis Sales S.L. verpflichtet sich, ihre Website gem\u00e4\u00df K\u00f6niglichem Dekret 1112\/2018 vom 7. September \u00fcber die Barrierefreiheit von Websites&#8230;<\/p>\n","protected":false},"author":8,"featured_media":0,"parent":0,"menu_order":0,"comment_status":"closed","ping_status":"closed","template":"","meta":{"_acf_changed":false,"footnotes":""},"class_list":["post-18885","page","type-page","status-publish","hentry"],"acf":[],"yoast_head":"<!-- This site is optimized with the Yoast SEO plugin v27.5 - https:\/\/yoast.com\/product\/yoast-seo-wordpress\/ -->\n<title>Barrierefreiheitserkl\u00e4rung - The Art Of Living In Spain. Altaona Resort in Murcia<\/title>\n<meta name=\"robots\" content=\"index, follow, max-snippet:-1, max-image-preview:large, max-video-preview:-1\" \/>\n<link rel=\"canonical\" href=\"https:\/\/taolis.com\/de\/accesibility-statement\/\" \/>\n<meta property=\"og:locale\" content=\"de_DE\" \/>\n<meta property=\"og:type\" content=\"article\" \/>\n<meta property=\"og:title\" content=\"Barrierefreiheitserkl\u00e4rung - The Art Of Living In Spain. Altaona Resort in Murcia\" \/>\n<meta property=\"og:description\" content=\"BARRIEREFREIHEIT Taolis Sales S.L. verpflichtet sich, ihre Website gem\u00e4\u00df K\u00f6niglichem Dekret 1112\/2018 vom 7. September \u00fcber die Barrierefreiheit von Websites...\" \/>\n<meta property=\"og:url\" content=\"https:\/\/taolis.com\/de\/accesibility-statement\/\" \/>\n<meta property=\"og:site_name\" content=\"The Art Of Living In Spain. Altaona Resort in Murcia\" \/>\n<meta property=\"article:modified_time\" content=\"2026-03-11T06:15:48+00:00\" \/>\n<meta name=\"twitter:card\" content=\"summary_large_image\" \/>\n<meta name=\"twitter:label1\" content=\"Gesch\u00e4tzte Lesezeit\" \/>\n\t<meta name=\"twitter:data1\" content=\"2\u00a0Minuten\" \/>\n<script type=\"application\/ld+json\" class=\"yoast-schema-graph\">{\"@context\":\"https:\\\/\\\/schema.org\",\"@graph\":[{\"@type\":\"WebPage\",\"@id\":\"https:\\\/\\\/taolis.com\\\/de\\\/accesibility-statement\\\/\",\"url\":\"https:\\\/\\\/taolis.com\\\/de\\\/accesibility-statement\\\/\",\"name\":\"Barrierefreiheitserkl\u00e4rung - The Art Of Living In Spain. Altaona Resort in Murcia\",\"isPartOf\":{\"@id\":\"https:\\\/\\\/taolis.com\\\/de\\\/#website\"},\"datePublished\":\"2026-02-26T08:35:43+00:00\",\"dateModified\":\"2026-03-11T06:15:48+00:00\",\"breadcrumb\":{\"@id\":\"https:\\\/\\\/taolis.com\\\/de\\\/accesibility-statement\\\/#breadcrumb\"},\"inLanguage\":\"de\",\"potentialAction\":[{\"@type\":\"ReadAction\",\"target\":[\"https:\\\/\\\/taolis.com\\\/de\\\/accesibility-statement\\\/\"]}]},{\"@type\":\"BreadcrumbList\",\"@id\":\"https:\\\/\\\/taolis.com\\\/de\\\/accesibility-statement\\\/#breadcrumb\",\"itemListElement\":[{\"@type\":\"ListItem\",\"position\":1,\"name\":\"Home\",\"item\":\"https:\\\/\\\/taolis.com\\\/de\\\/\"},{\"@type\":\"ListItem\",\"position\":2,\"name\":\"Barrierefreiheitserkl\u00e4rung\"}]},{\"@type\":\"WebSite\",\"@id\":\"https:\\\/\\\/taolis.com\\\/de\\\/#website\",\"url\":\"https:\\\/\\\/taolis.com\\\/de\\\/\",\"name\":\"The Art Of Living In Spain. Altaona Resort in Murcia\",\"description\":\"Altaona Sports &amp; Wellness Resort. New build villa properties in Murcia, Spain.\",\"potentialAction\":[{\"@type\":\"SearchAction\",\"target\":{\"@type\":\"EntryPoint\",\"urlTemplate\":\"https:\\\/\\\/taolis.com\\\/de\\\/?s={search_term_string}\"},\"query-input\":{\"@type\":\"PropertyValueSpecification\",\"valueRequired\":true,\"valueName\":\"search_term_string\"}}],\"inLanguage\":\"de\"}]}<\/script>\n<!-- \/ Yoast SEO plugin. -->","yoast_head_json":{"title":"Barrierefreiheitserkl\u00e4rung - The Art Of Living In Spain. Altaona Resort in Murcia","robots":{"index":"index","follow":"follow","max-snippet":"max-snippet:-1","max-image-preview":"max-image-preview:large","max-video-preview":"max-video-preview:-1"},"canonical":"https:\/\/taolis.com\/de\/accesibility-statement\/","og_locale":"de_DE","og_type":"article","og_title":"Barrierefreiheitserkl\u00e4rung - The Art Of Living In Spain. Altaona Resort in Murcia","og_description":"BARRIEREFREIHEIT Taolis Sales S.L. verpflichtet sich, ihre Website gem\u00e4\u00df K\u00f6niglichem Dekret 1112\/2018 vom 7. September \u00fcber die Barrierefreiheit von Websites...","og_url":"https:\/\/taolis.com\/de\/accesibility-statement\/","og_site_name":"The Art Of Living In Spain. Altaona Resort in Murcia","article_modified_time":"2026-03-11T06:15:48+00:00","twitter_card":"summary_large_image","twitter_misc":{"Gesch\u00e4tzte Lesezeit":"2\u00a0Minuten"},"schema":{"@context":"https:\/\/schema.org","@graph":[{"@type":"WebPage","@id":"https:\/\/taolis.com\/de\/accesibility-statement\/","url":"https:\/\/taolis.com\/de\/accesibility-statement\/","name":"Barrierefreiheitserkl\u00e4rung - The Art Of Living In Spain. Altaona Resort in Murcia","isPartOf":{"@id":"https:\/\/taolis.com\/de\/#website"},"datePublished":"2026-02-26T08:35:43+00:00","dateModified":"2026-03-11T06:15:48+00:00","breadcrumb":{"@id":"https:\/\/taolis.com\/de\/accesibility-statement\/#breadcrumb"},"inLanguage":"de","potentialAction":[{"@type":"ReadAction","target":["https:\/\/taolis.com\/de\/accesibility-statement\/"]}]},{"@type":"BreadcrumbList","@id":"https:\/\/taolis.com\/de\/accesibility-statement\/#breadcrumb","itemListElement":[{"@type":"ListItem","position":1,"name":"Home","item":"https:\/\/taolis.com\/de\/"},{"@type":"ListItem","position":2,"name":"Barrierefreiheitserkl\u00e4rung"}]},{"@type":"WebSite","@id":"https:\/\/taolis.com\/de\/#website","url":"https:\/\/taolis.com\/de\/","name":"The Art Of Living In Spain. Altaona Resort in Murcia","description":"Altaona Sports &amp; Wellness Resort. New build villa properties in Murcia, Spain.","potentialAction":[{"@type":"SearchAction","target":{"@type":"EntryPoint","urlTemplate":"https:\/\/taolis.com\/de\/?s={search_term_string}"},"query-input":{"@type":"PropertyValueSpecification","valueRequired":true,"valueName":"search_term_string"}}],"inLanguage":"de"}]}},"_links":{"self":[{"href":"https:\/\/taolis.com\/de\/wp-json\/wp\/v2\/pages\/18885","targetHints":{"allow":["GET"]}}],"collection":[{"href":"https:\/\/taolis.com\/de\/wp-json\/wp\/v2\/pages"}],"about":[{"href":"https:\/\/taolis.com\/de\/wp-json\/wp\/v2\/types\/page"}],"author":[{"embeddable":true,"href":"https:\/\/taolis.com\/de\/wp-json\/wp\/v2\/users\/8"}],"replies":[{"embeddable":true,"href":"https:\/\/taolis.com\/de\/wp-json\/wp\/v2\/comments?post=18885"}],"version-history":[{"count":4,"href":"https:\/\/taolis.com\/de\/wp-json\/wp\/v2\/pages\/18885\/revisions"}],"predecessor-version":[{"id":19267,"href":"https:\/\/taolis.com\/de\/wp-json\/wp\/v2\/pages\/18885\/revisions\/19267"}],"wp:attachment":[{"href":"https:\/\/taolis.com\/de\/wp-json\/wp\/v2\/media?parent=18885"}],"curies":[{"name":"wp","href":"https:\/\/api.w.org\/{rel}","templated":true}]}}