{"id":16895,"date":"2025-02-01T13:55:01","date_gmt":"2025-02-01T12:55:01","guid":{"rendered":"https:\/\/taolis.com\/villas-fairway-in-murcia-spain\/"},"modified":"2026-03-24T09:17:12","modified_gmt":"2026-03-24T08:17:12","slug":"villas-fairway-in-murcia-spain","status":"publish","type":"page","link":"https:\/\/taolis.com\/de\/villas-fairway-in-murcia-spain\/","title":{"rendered":"Villas Fairway"},"content":{"rendered":"<p><em>Die angegebenen Baufl\u00e4chen in m\u00b2 sind Richtwerte. Jede Villa wird individuell entworfen und ma\u00dfgeschneidert, daher kann die endg\u00fcltige Baufl\u00e4che variieren. Es stehen Beispielmodelle f\u00fcr Villen zur Verf\u00fcgung, die an die W\u00fcnsche des Kunden angepasst werden k\u00f6nnen.<\/em><\/p>\n<p>Das gezeigte Modell ist ein Beispiel f\u00fcr einen Entwurf, der als Idee oder Grundlage f\u00fcr den Entwurf des Kunden dient.<\/p>\n<p><strong>Villas Fairway<\/strong> definiert zeitgem\u00e4\u00dfes Wohnen neu durch einen nahtlosen Dialog zwischen Architektur, <strong>Licht und Landschaft<\/strong>.<\/p>\n<p>Diese Residenzen befinden sich im exklusiven <strong>Altaona Sports &amp; Wellness Resort<\/strong> am Fu\u00dfe des Golfplatzes, wo modernes Design und der Rhythmus der Natur in perfekter Balance existieren.<\/p>\n<p>Jede Villa ist eine Komposition aus klaren Linien und geometrischen Volumen, die durch edle Materialien wie Holz, Stein und Marmor unterstrichen werden. Die Innenr\u00e4ume entfalten sich mit m\u00fcheloser Eleganz in gro\u00dfz\u00fcgigen, offenen R\u00e4umen, die durch raumhohe Fenster den Au\u00dfenbereich hereinlassen. Jeder Raum bietet einen Panoramablick auf die Fairways und die H\u00fcgel von Altaona und f\u00fcllt das Haus den ganzen Tag \u00fcber mit nat\u00fcrlichem Licht.<\/p>\n<p>Der Au\u00dfenbereich erweitert das Wohnerlebnis. Weitl\u00e4ufige Terrassen und ein privater Infinity-Pool schaffen eine ruhige Umgebung, in der Architektur und Landschaft zu einem durchgehenden Horizont verschmelzen.<\/p>\n","protected":false},"excerpt":{"rendered":"<p>Die angegebenen Baufl\u00e4chen in m\u00b2 sind Richtwerte. Jede Villa wird individuell entworfen und ma\u00dfgeschneidert, daher kann die endg\u00fcltige Baufl\u00e4che variieren. &hellip; <a href=\"https:\/\/taolis.com\/de\/villas-fairway-in-murcia-spain\/\" class=\"more-link\">Continue reading <span class=\"screen-reader-text\">Villas Fairway<\/span><\/a><\/p>\n","protected":false},"author":3,"featured_media":16897,"parent":0,"menu_order":7,"comment_status":"closed","ping_status":"closed","template":"page-development.php","meta":{"_acf_changed":false,"footnotes":""},"class_list":["post-16895","page","type-page","status-publish","has-post-thumbnail","hentry"],"acf":[],"yoast_head":"<!-- This site is optimized with the Yoast SEO plugin v27.4 - https:\/\/yoast.com\/product\/yoast-seo-wordpress\/ -->\n<title>Villas Fairway - The Art Of Living In Spain. Altaona Resort in Murcia<\/title>\n<meta name=\"description\" content=\"Villas Fairway in Murcia, S\u00fcdspanien. Luxusimmobilien mit modernem Design und direktem Blick auf den Golfplatz. Ideal zum Wohnen oder Investieren.\" \/>\n<meta name=\"robots\" content=\"index, follow, max-snippet:-1, max-image-preview:large, max-video-preview:-1\" \/>\n<link rel=\"canonical\" href=\"https:\/\/taolis.com\/de\/villas-fairway-in-murcia-spain\/\" \/>\n<meta property=\"og:locale\" content=\"de_DE\" \/>\n<meta property=\"og:type\" content=\"article\" \/>\n<meta property=\"og:title\" content=\"Villas Fairway - The Art Of Living In Spain. Altaona Resort in Murcia\" \/>\n<meta property=\"og:description\" content=\"Villas Fairway in Murcia, S\u00fcdspanien. Luxusimmobilien mit modernem Design und direktem Blick auf den Golfplatz. Ideal zum Wohnen oder Investieren.\" \/>\n<meta property=\"og:url\" content=\"https:\/\/taolis.com\/de\/villas-fairway-in-murcia-spain\/\" \/>\n<meta property=\"og:site_name\" content=\"The Art Of Living In Spain. Altaona Resort in Murcia\" \/>\n<meta property=\"article:modified_time\" content=\"2026-03-24T08:17:12+00:00\" \/>\n<meta property=\"og:image\" content=\"https:\/\/taolis.com\/wp-content\/uploads\/2025\/10\/new-build-villa-in-Murcia-Altaona-resort-Fairway-2.webp\" \/>\n\t<meta property=\"og:image:width\" content=\"1000\" \/>\n\t<meta property=\"og:image:height\" content=\"563\" \/>\n\t<meta property=\"og:image:type\" content=\"image\/jpeg\" \/>\n<meta name=\"twitter:card\" content=\"summary_large_image\" \/>\n<meta name=\"twitter:label1\" content=\"Gesch\u00e4tzte Lesezeit\" \/>\n\t<meta name=\"twitter:data1\" content=\"2\u00a0Minuten\" \/>\n<script type=\"application\/ld+json\" class=\"yoast-schema-graph\">{\"@context\":\"https:\\\/\\\/schema.org\",\"@graph\":[{\"@type\":\"WebPage\",\"@id\":\"https:\\\/\\\/taolis.com\\\/de\\\/villas-fairway-in-murcia-spain\\\/\",\"url\":\"https:\\\/\\\/taolis.com\\\/de\\\/villas-fairway-in-murcia-spain\\\/\",\"name\":\"Villas Fairway - The Art Of Living In Spain. Altaona Resort in Murcia\",\"isPartOf\":{\"@id\":\"https:\\\/\\\/taolis.com\\\/de\\\/#website\"},\"primaryImageOfPage\":{\"@id\":\"https:\\\/\\\/taolis.com\\\/de\\\/villas-fairway-in-murcia-spain\\\/#primaryimage\"},\"image\":{\"@id\":\"https:\\\/\\\/taolis.com\\\/de\\\/villas-fairway-in-murcia-spain\\\/#primaryimage\"},\"thumbnailUrl\":\"https:\\\/\\\/taolis.com\\\/wp-content\\\/uploads\\\/2025\\\/10\\\/new-build-villa-in-Murcia-Altaona-resort-Fairway-2.webp\",\"datePublished\":\"2025-02-01T12:55:01+00:00\",\"dateModified\":\"2026-03-24T08:17:12+00:00\",\"description\":\"Villas Fairway in Murcia, S\u00fcdspanien. Luxusimmobilien mit modernem Design und direktem Blick auf den Golfplatz. Ideal zum Wohnen oder Investieren.\",\"breadcrumb\":{\"@id\":\"https:\\\/\\\/taolis.com\\\/de\\\/villas-fairway-in-murcia-spain\\\/#breadcrumb\"},\"inLanguage\":\"de\",\"potentialAction\":[{\"@type\":\"ReadAction\",\"target\":[\"https:\\\/\\\/taolis.com\\\/de\\\/villas-fairway-in-murcia-spain\\\/\"]}]},{\"@type\":\"ImageObject\",\"inLanguage\":\"de\",\"@id\":\"https:\\\/\\\/taolis.com\\\/de\\\/villas-fairway-in-murcia-spain\\\/#primaryimage\",\"url\":\"https:\\\/\\\/taolis.com\\\/wp-content\\\/uploads\\\/2025\\\/10\\\/new-build-villa-in-Murcia-Altaona-resort-Fairway-2.webp\",\"contentUrl\":\"https:\\\/\\\/taolis.com\\\/wp-content\\\/uploads\\\/2025\\\/10\\\/new-build-villa-in-Murcia-Altaona-resort-Fairway-2.webp\",\"width\":1000,\"height\":563},{\"@type\":\"BreadcrumbList\",\"@id\":\"https:\\\/\\\/taolis.com\\\/de\\\/villas-fairway-in-murcia-spain\\\/#breadcrumb\",\"itemListElement\":[{\"@type\":\"ListItem\",\"position\":1,\"name\":\"Home\",\"item\":\"https:\\\/\\\/taolis.com\\\/de\\\/\"},{\"@type\":\"ListItem\",\"position\":2,\"name\":\"Villas Fairway\"}]},{\"@type\":\"WebSite\",\"@id\":\"https:\\\/\\\/taolis.com\\\/de\\\/#website\",\"url\":\"https:\\\/\\\/taolis.com\\\/de\\\/\",\"name\":\"The Art Of Living In Spain. Altaona Resort in Murcia\",\"description\":\"Altaona Sports &amp; Wellness Resort. New build villa properties in Murcia, Spain.\",\"potentialAction\":[{\"@type\":\"SearchAction\",\"target\":{\"@type\":\"EntryPoint\",\"urlTemplate\":\"https:\\\/\\\/taolis.com\\\/de\\\/?s={search_term_string}\"},\"query-input\":{\"@type\":\"PropertyValueSpecification\",\"valueRequired\":true,\"valueName\":\"search_term_string\"}}],\"inLanguage\":\"de\"}]}<\/script>\n<!-- \/ Yoast SEO plugin. -->","yoast_head_json":{"title":"Villas Fairway - The Art Of Living In Spain. Altaona Resort in Murcia","description":"Villas Fairway in Murcia, S\u00fcdspanien. Luxusimmobilien mit modernem Design und direktem Blick auf den Golfplatz. Ideal zum Wohnen oder Investieren.","robots":{"index":"index","follow":"follow","max-snippet":"max-snippet:-1","max-image-preview":"max-image-preview:large","max-video-preview":"max-video-preview:-1"},"canonical":"https:\/\/taolis.com\/de\/villas-fairway-in-murcia-spain\/","og_locale":"de_DE","og_type":"article","og_title":"Villas Fairway - The Art Of Living In Spain. Altaona Resort in Murcia","og_description":"Villas Fairway in Murcia, S\u00fcdspanien. Luxusimmobilien mit modernem Design und direktem Blick auf den Golfplatz. Ideal zum Wohnen oder Investieren.","og_url":"https:\/\/taolis.com\/de\/villas-fairway-in-murcia-spain\/","og_site_name":"The Art Of Living In Spain. Altaona Resort in Murcia","article_modified_time":"2026-03-24T08:17:12+00:00","og_image":[{"width":1000,"height":563,"url":"https:\/\/taolis.com\/wp-content\/uploads\/2025\/10\/new-build-villa-in-Murcia-Altaona-resort-Fairway-2.webp","type":"image\/jpeg"}],"twitter_card":"summary_large_image","twitter_misc":{"Gesch\u00e4tzte Lesezeit":"2\u00a0Minuten"},"schema":{"@context":"https:\/\/schema.org","@graph":[{"@type":"WebPage","@id":"https:\/\/taolis.com\/de\/villas-fairway-in-murcia-spain\/","url":"https:\/\/taolis.com\/de\/villas-fairway-in-murcia-spain\/","name":"Villas Fairway - The Art Of Living In Spain. Altaona Resort in Murcia","isPartOf":{"@id":"https:\/\/taolis.com\/de\/#website"},"primaryImageOfPage":{"@id":"https:\/\/taolis.com\/de\/villas-fairway-in-murcia-spain\/#primaryimage"},"image":{"@id":"https:\/\/taolis.com\/de\/villas-fairway-in-murcia-spain\/#primaryimage"},"thumbnailUrl":"https:\/\/taolis.com\/wp-content\/uploads\/2025\/10\/new-build-villa-in-Murcia-Altaona-resort-Fairway-2.webp","datePublished":"2025-02-01T12:55:01+00:00","dateModified":"2026-03-24T08:17:12+00:00","description":"Villas Fairway in Murcia, S\u00fcdspanien. Luxusimmobilien mit modernem Design und direktem Blick auf den Golfplatz. Ideal zum Wohnen oder Investieren.","breadcrumb":{"@id":"https:\/\/taolis.com\/de\/villas-fairway-in-murcia-spain\/#breadcrumb"},"inLanguage":"de","potentialAction":[{"@type":"ReadAction","target":["https:\/\/taolis.com\/de\/villas-fairway-in-murcia-spain\/"]}]},{"@type":"ImageObject","inLanguage":"de","@id":"https:\/\/taolis.com\/de\/villas-fairway-in-murcia-spain\/#primaryimage","url":"https:\/\/taolis.com\/wp-content\/uploads\/2025\/10\/new-build-villa-in-Murcia-Altaona-resort-Fairway-2.webp","contentUrl":"https:\/\/taolis.com\/wp-content\/uploads\/2025\/10\/new-build-villa-in-Murcia-Altaona-resort-Fairway-2.webp","width":1000,"height":563},{"@type":"BreadcrumbList","@id":"https:\/\/taolis.com\/de\/villas-fairway-in-murcia-spain\/#breadcrumb","itemListElement":[{"@type":"ListItem","position":1,"name":"Home","item":"https:\/\/taolis.com\/de\/"},{"@type":"ListItem","position":2,"name":"Villas Fairway"}]},{"@type":"WebSite","@id":"https:\/\/taolis.com\/de\/#website","url":"https:\/\/taolis.com\/de\/","name":"The Art Of Living In Spain. Altaona Resort in Murcia","description":"Altaona Sports &amp; Wellness Resort. New build villa properties in Murcia, Spain.","potentialAction":[{"@type":"SearchAction","target":{"@type":"EntryPoint","urlTemplate":"https:\/\/taolis.com\/de\/?s={search_term_string}"},"query-input":{"@type":"PropertyValueSpecification","valueRequired":true,"valueName":"search_term_string"}}],"inLanguage":"de"}]}},"_links":{"self":[{"href":"https:\/\/taolis.com\/de\/wp-json\/wp\/v2\/pages\/16895","targetHints":{"allow":["GET"]}}],"collection":[{"href":"https:\/\/taolis.com\/de\/wp-json\/wp\/v2\/pages"}],"about":[{"href":"https:\/\/taolis.com\/de\/wp-json\/wp\/v2\/types\/page"}],"author":[{"embeddable":true,"href":"https:\/\/taolis.com\/de\/wp-json\/wp\/v2\/users\/3"}],"replies":[{"embeddable":true,"href":"https:\/\/taolis.com\/de\/wp-json\/wp\/v2\/comments?post=16895"}],"version-history":[{"count":10,"href":"https:\/\/taolis.com\/de\/wp-json\/wp\/v2\/pages\/16895\/revisions"}],"predecessor-version":[{"id":19601,"href":"https:\/\/taolis.com\/de\/wp-json\/wp\/v2\/pages\/16895\/revisions\/19601"}],"wp:featuredmedia":[{"embeddable":true,"href":"https:\/\/taolis.com\/de\/wp-json\/wp\/v2\/media\/16897"}],"wp:attachment":[{"href":"https:\/\/taolis.com\/de\/wp-json\/wp\/v2\/media?parent=16895"}],"curies":[{"name":"wp","href":"https:\/\/api.w.org\/{rel}","templated":true}]}}